{"id":25719,"date":"2012-05-06T21:06:26","date_gmt":"2012-05-06T21:06:26","guid":{"rendered":"https:\/\/talenti.si\/senza-categoria\/diabolo-vision\/"},"modified":"2026-03-10T11:51:18","modified_gmt":"2026-03-10T11:51:18","slug":"diabolo-vision","status":"publish","type":"product","link":"https:\/\/talenti.si\/it\/giocoleria\/diabolo-it\/diabolo-vision\/","title":{"rendered":"Diabolo Vision"},"content":{"rendered":"<p>Il Diablo Vision, con la sua sezione centrale allargata, \u00e8 speciale non solo per il suo colore trasparente, ma anche per le sue dimensioni. \u00c8 classificato tra i diaboli medi e grandi. Per i principianti e per gli esperti. \u00c8 costituito da un mix di gomma e plastica. La forma ampia semplifica la cattura.<\/p>\n<p><strong>Caratteristiche:<\/strong><\/p>\n<ul>\n<li>Peso: <strong>240<\/strong> g<\/li>\n<li>Diametro: <strong>130<\/strong> mm<\/li>\n<li>Dimensioni: <strong>138<\/strong> mm<\/li>\n<li>Prezzo senza bacchette.<\/li>\n<\/ul>\n","protected":false},"excerpt":{"rendered":"<p>Il Diablo Vision, con la sua sezione centrale allargata, \u00e8 speciale non solo per il suo colore trasparente, ma anche per le sue dimensioni. \u00c8 classificato tra i diaboli medi e grandi. Per i principianti e per gli esperti. \u00c8 costituito da un mix di gomma e plastica. La forma ampia semplifica la cattura. Caratteristiche: [&hellip;]<\/p>\n","protected":false},"featured_media":13204,"comment_status":"open","ping_status":"closed","template":"","meta":{"_acf_changed":false},"pwb-brand":[2067],"product_brand":[],"product_cat":[1816],"product_tag":[2631,2743],"class_list":{"0":"post-25719","1":"product","2":"type-product","3":"status-publish","4":"has-post-thumbnail","6":"pwb-brand-henrys-it","7":"product_cat-diabolo-it","8":"product_tag-diablo-it","9":"product_tag-vision-it","11":"first","12":"instock","13":"taxable","14":"shipping-taxable","15":"purchasable","16":"product-type-variable"},"acf":[],"yoast_head":"<!-- This site is optimized with the Yoast SEO plugin v25.8 - https:\/\/yoast.com\/wordpress\/plugins\/seo\/ -->\n<title>Diablo Vision<\/title>\n<meta name=\"description\" content=\"A rendere speciale Diablo Vision non sono solo i suoi colori trasparenti, ma anche le sue dimensioni. \u00c8 classificato tra i diablo medi e grandi. Adatto sia ai principianti che agli utenti pi\u00f9 esigenti\" \/>\n<meta name=\"robots\" content=\"index, follow, max-snippet:-1, max-image-preview:large, max-video-preview:-1\" \/>\n<link rel=\"canonical\" href=\"https:\/\/talenti.si\/it\/giocoleria\/diabolo-it\/diabolo-vision\/\" \/>\n<meta property=\"og:locale\" content=\"it_IT\" \/>\n<meta property=\"og:type\" content=\"article\" \/>\n<meta property=\"og:title\" content=\"Diablo Vision\" \/>\n<meta property=\"og:description\" content=\"A rendere speciale Diablo Vision non sono solo i suoi colori trasparenti, ma anche le sue dimensioni. \u00c8 classificato tra i diablo medi e grandi. Adatto sia ai principianti che agli utenti pi\u00f9 esigenti\" \/>\n<meta property=\"og:url\" content=\"https:\/\/talenti.si\/it\/giocoleria\/diabolo-it\/diabolo-vision\/\" \/>\n<meta property=\"og:site_name\" content=\"Talenti.si\" \/>\n<meta property=\"article:modified_time\" content=\"2026-03-10T11:51:18+00:00\" \/>\n<meta property=\"og:image\" content=\"https:\/\/talenti.si\/wp-content\/uploads\/2022\/01\/j04051b.jpg\" \/>\n\t<meta property=\"og:image:width\" content=\"500\" \/>\n\t<meta property=\"og:image:height\" content=\"500\" \/>\n\t<meta property=\"og:image:type\" content=\"image\/jpeg\" \/>\n<meta name=\"twitter:card\" content=\"summary_large_image\" \/>\n<script type=\"application\/ld+json\" class=\"yoast-schema-graph\">{\"@context\":\"https:\/\/schema.org\",\"@graph\":[{\"@type\":\"WebPage\",\"@id\":\"https:\/\/talenti.si\/it\/giocoleria\/diabolo-it\/diabolo-vision\/\",\"url\":\"https:\/\/talenti.si\/it\/giocoleria\/diabolo-it\/diabolo-vision\/\",\"name\":\"Diablo Vision\",\"isPartOf\":{\"@id\":\"https:\/\/talenti.si\/it\/#website\"},\"primaryImageOfPage\":{\"@id\":\"https:\/\/talenti.si\/it\/giocoleria\/diabolo-it\/diabolo-vision\/#primaryimage\"},\"image\":{\"@id\":\"https:\/\/talenti.si\/it\/giocoleria\/diabolo-it\/diabolo-vision\/#primaryimage\"},\"thumbnailUrl\":\"https:\/\/talenti.si\/wp-content\/uploads\/2022\/01\/j04051b.jpg\",\"datePublished\":\"2012-05-06T21:06:26+00:00\",\"dateModified\":\"2026-03-10T11:51:18+00:00\",\"description\":\"A rendere speciale Diablo Vision non sono solo i suoi colori trasparenti, ma anche le sue dimensioni. \u00c8 classificato tra i diablo medi e grandi. Adatto sia ai principianti che agli utenti pi\u00f9 esigenti\",\"breadcrumb\":{\"@id\":\"https:\/\/talenti.si\/it\/giocoleria\/diabolo-it\/diabolo-vision\/#breadcrumb\"},\"inLanguage\":\"it-IT\",\"potentialAction\":[{\"@type\":\"ReadAction\",\"target\":[\"https:\/\/talenti.si\/it\/giocoleria\/diabolo-it\/diabolo-vision\/\"]}]},{\"@type\":\"ImageObject\",\"inLanguage\":\"it-IT\",\"@id\":\"https:\/\/talenti.si\/it\/giocoleria\/diabolo-it\/diabolo-vision\/#primaryimage\",\"url\":\"https:\/\/talenti.si\/wp-content\/uploads\/2022\/01\/j04051b.jpg\",\"contentUrl\":\"https:\/\/talenti.si\/wp-content\/uploads\/2022\/01\/j04051b.jpg\",\"width\":500,\"height\":500},{\"@type\":\"BreadcrumbList\",\"@id\":\"https:\/\/talenti.si\/it\/giocoleria\/diabolo-it\/diabolo-vision\/#breadcrumb\",\"itemListElement\":[{\"@type\":\"ListItem\",\"position\":1,\"name\":\"Home\",\"item\":\"https:\/\/talenti.si\/it\/\"},{\"@type\":\"ListItem\",\"position\":2,\"name\":\"Negozio\",\"item\":\"https:\/\/talenti.si\/it\/negozio\/\"},{\"@type\":\"ListItem\",\"position\":3,\"name\":\"Diabolo Vision\"}]},{\"@type\":\"WebSite\",\"@id\":\"https:\/\/talenti.si\/it\/#website\",\"url\":\"https:\/\/talenti.si\/it\/\",\"name\":\"Talenti.si\",\"description\":\"Spletna trgovina za vse \u017eonglerje in podobne talente. Vse za \u017eongliranje, yoyo, frizbi, bumerang, kite... in \u0161e in \u0161e.\",\"publisher\":{\"@id\":\"https:\/\/talenti.si\/it\/#organization\"},\"potentialAction\":[{\"@type\":\"SearchAction\",\"target\":{\"@type\":\"EntryPoint\",\"urlTemplate\":\"https:\/\/talenti.si\/it\/?s={search_term_string}\"},\"query-input\":{\"@type\":\"PropertyValueSpecification\",\"valueRequired\":true,\"valueName\":\"search_term_string\"}}],\"inLanguage\":\"it-IT\"},{\"@type\":\"Organization\",\"@id\":\"https:\/\/talenti.si\/it\/#organization\",\"name\":\"Talenti.si\",\"url\":\"https:\/\/talenti.si\/it\/\",\"logo\":{\"@type\":\"ImageObject\",\"inLanguage\":\"it-IT\",\"@id\":\"https:\/\/talenti.si\/it\/#\/schema\/logo\/image\/\",\"url\":\"https:\/\/talenti.si\/wp-content\/uploads\/2021\/12\/logo-talent-pravi-dark.png\",\"contentUrl\":\"https:\/\/talenti.si\/wp-content\/uploads\/2021\/12\/logo-talent-pravi-dark.png\",\"width\":145,\"height\":83,\"caption\":\"Talenti.si\"},\"image\":{\"@id\":\"https:\/\/talenti.si\/it\/#\/schema\/logo\/image\/\"}}]}<\/script>\n<!-- \/ Yoast SEO plugin. -->","yoast_head_json":{"title":"Diablo Vision","description":"A rendere speciale Diablo Vision non sono solo i suoi colori trasparenti, ma anche le sue dimensioni. \u00c8 classificato tra i diablo medi e grandi. Adatto sia ai principianti che agli utenti pi\u00f9 esigenti","robots":{"index":"index","follow":"follow","max-snippet":"max-snippet:-1","max-image-preview":"max-image-preview:large","max-video-preview":"max-video-preview:-1"},"canonical":"https:\/\/talenti.si\/it\/giocoleria\/diabolo-it\/diabolo-vision\/","og_locale":"it_IT","og_type":"article","og_title":"Diablo Vision","og_description":"A rendere speciale Diablo Vision non sono solo i suoi colori trasparenti, ma anche le sue dimensioni. \u00c8 classificato tra i diablo medi e grandi. Adatto sia ai principianti che agli utenti pi\u00f9 esigenti","og_url":"https:\/\/talenti.si\/it\/giocoleria\/diabolo-it\/diabolo-vision\/","og_site_name":"Talenti.si","article_modified_time":"2026-03-10T11:51:18+00:00","og_image":[{"width":500,"height":500,"url":"https:\/\/talenti.si\/wp-content\/uploads\/2022\/01\/j04051b.jpg","type":"image\/jpeg"}],"twitter_card":"summary_large_image","schema":{"@context":"https:\/\/schema.org","@graph":[{"@type":"WebPage","@id":"https:\/\/talenti.si\/it\/giocoleria\/diabolo-it\/diabolo-vision\/","url":"https:\/\/talenti.si\/it\/giocoleria\/diabolo-it\/diabolo-vision\/","name":"Diablo Vision","isPartOf":{"@id":"https:\/\/talenti.si\/it\/#website"},"primaryImageOfPage":{"@id":"https:\/\/talenti.si\/it\/giocoleria\/diabolo-it\/diabolo-vision\/#primaryimage"},"image":{"@id":"https:\/\/talenti.si\/it\/giocoleria\/diabolo-it\/diabolo-vision\/#primaryimage"},"thumbnailUrl":"https:\/\/talenti.si\/wp-content\/uploads\/2022\/01\/j04051b.jpg","datePublished":"2012-05-06T21:06:26+00:00","dateModified":"2026-03-10T11:51:18+00:00","description":"A rendere speciale Diablo Vision non sono solo i suoi colori trasparenti, ma anche le sue dimensioni. \u00c8 classificato tra i diablo medi e grandi. Adatto sia ai principianti che agli utenti pi\u00f9 esigenti","breadcrumb":{"@id":"https:\/\/talenti.si\/it\/giocoleria\/diabolo-it\/diabolo-vision\/#breadcrumb"},"inLanguage":"it-IT","potentialAction":[{"@type":"ReadAction","target":["https:\/\/talenti.si\/it\/giocoleria\/diabolo-it\/diabolo-vision\/"]}]},{"@type":"ImageObject","inLanguage":"it-IT","@id":"https:\/\/talenti.si\/it\/giocoleria\/diabolo-it\/diabolo-vision\/#primaryimage","url":"https:\/\/talenti.si\/wp-content\/uploads\/2022\/01\/j04051b.jpg","contentUrl":"https:\/\/talenti.si\/wp-content\/uploads\/2022\/01\/j04051b.jpg","width":500,"height":500},{"@type":"BreadcrumbList","@id":"https:\/\/talenti.si\/it\/giocoleria\/diabolo-it\/diabolo-vision\/#breadcrumb","itemListElement":[{"@type":"ListItem","position":1,"name":"Home","item":"https:\/\/talenti.si\/it\/"},{"@type":"ListItem","position":2,"name":"Negozio","item":"https:\/\/talenti.si\/it\/negozio\/"},{"@type":"ListItem","position":3,"name":"Diabolo Vision"}]},{"@type":"WebSite","@id":"https:\/\/talenti.si\/it\/#website","url":"https:\/\/talenti.si\/it\/","name":"Talenti.si","description":"Spletna trgovina za vse \u017eonglerje in podobne talente. Vse za \u017eongliranje, yoyo, frizbi, bumerang, kite... in \u0161e in \u0161e.","publisher":{"@id":"https:\/\/talenti.si\/it\/#organization"},"potentialAction":[{"@type":"SearchAction","target":{"@type":"EntryPoint","urlTemplate":"https:\/\/talenti.si\/it\/?s={search_term_string}"},"query-input":{"@type":"PropertyValueSpecification","valueRequired":true,"valueName":"search_term_string"}}],"inLanguage":"it-IT"},{"@type":"Organization","@id":"https:\/\/talenti.si\/it\/#organization","name":"Talenti.si","url":"https:\/\/talenti.si\/it\/","logo":{"@type":"ImageObject","inLanguage":"it-IT","@id":"https:\/\/talenti.si\/it\/#\/schema\/logo\/image\/","url":"https:\/\/talenti.si\/wp-content\/uploads\/2021\/12\/logo-talent-pravi-dark.png","contentUrl":"https:\/\/talenti.si\/wp-content\/uploads\/2021\/12\/logo-talent-pravi-dark.png","width":145,"height":83,"caption":"Talenti.si"},"image":{"@id":"https:\/\/talenti.si\/it\/#\/schema\/logo\/image\/"}}]}},"brands":[{"id":2067,"name":"Henrys","slug":"henrys-it"}],"_links":{"self":[{"href":"https:\/\/talenti.si\/it\/wp-json\/wp\/v2\/product\/25719","targetHints":{"allow":["GET"]}}],"collection":[{"href":"https:\/\/talenti.si\/it\/wp-json\/wp\/v2\/product"}],"about":[{"href":"https:\/\/talenti.si\/it\/wp-json\/wp\/v2\/types\/product"}],"replies":[{"embeddable":true,"href":"https:\/\/talenti.si\/it\/wp-json\/wp\/v2\/comments?post=25719"}],"wp:featuredmedia":[{"embeddable":true,"href":"https:\/\/talenti.si\/it\/wp-json\/wp\/v2\/media\/13204"}],"wp:attachment":[{"href":"https:\/\/talenti.si\/it\/wp-json\/wp\/v2\/media?parent=25719"}],"wp:term":[{"taxonomy":"pwb-brand","embeddable":true,"href":"https:\/\/talenti.si\/it\/wp-json\/wp\/v2\/pwb-brand?post=25719"},{"taxonomy":"product_brand","embeddable":true,"href":"https:\/\/talenti.si\/it\/wp-json\/wp\/v2\/product_brand?post=25719"},{"taxonomy":"product_cat","embeddable":true,"href":"https:\/\/talenti.si\/it\/wp-json\/wp\/v2\/product_cat?post=25719"},{"taxonomy":"product_tag","embeddable":true,"href":"https:\/\/talenti.si\/it\/wp-json\/wp\/v2\/product_tag?post=25719"}],"curies":[{"name":"wp","href":"https:\/\/api.w.org\/{rel}","templated":true}]}}