{"id":26963,"date":"2022-05-24T06:32:40","date_gmt":"2022-05-24T06:32:40","guid":{"rendered":"https:\/\/talenti.si\/senza-categoria\/janod-puzzle-accademia-di-danza\/"},"modified":"2022-05-24T06:32:40","modified_gmt":"2022-05-24T06:32:40","slug":"janod-puzzle-accademia-di-danza","status":"publish","type":"product","link":"https:\/\/talenti.si\/it\/giocattoli\/puzzle-it\/janod-puzzle-accademia-di-danza\/","title":{"rendered":"Janod puzzle Accademia di danza"},"content":{"rendered":"<p>Benvenuti all&#8217;accademia di danza!<br \/>\nLe magnifiche illustrazioni attraggono i bambini dai 5 anni in su. Una volta terminato, il puzzle misura 50 x 40 cm.<br \/>\nGrazie alla simpatica valigetta rotonda con impugnatura in tessuto, il puzzle in cartone \u00e8 facile da trasportare ovunque. \u00c8 incluso un poster che serve da modello.<\/p>\n<p>Fabbricato in Francia. I materiali forestali utilizzati nella composizione di questo prodotto sono mix FSC\u00ae.<\/p>\n<p><strong>Caratteristiche:<\/strong><\/p>\n<ul>\n<li>Numero di pezzi: <strong>100<\/strong><\/li>\n<li>Dimensioni: <b>50<\/b> x <strong>40<\/strong> cm<\/li>\n<li>Materiali &#8211; <strong>cartone<\/strong><\/li>\n<li>Et\u00e0 consigliata: <strong>6+<\/strong><\/li>\n<\/ul>\n<p><strong style=\"font-size: 10px;\">ATTENZIONE!<\/strong><span style=\"font-size: 10px;\"> <\/span><span style=\"font-size: 10px;\">L&#8217;articolo non \u00e8 adatto ai bambini di et\u00e0 inferiore ai 3 anni. I piccoli pezzi sono pericolosi perch\u00e9 possono essere inalati o ingeriti. Prima di consegnare l\u2019articolo al bambino, rimuovi tutte le parti dell\u2019imballaggio. Salva queste informazioni per un utilizzo successivo.<\/span><\/p>\n","protected":false},"excerpt":{"rendered":"<p>Benvenuti all&#8217;accademia di danza! Le magnifiche illustrazioni attraggono i bambini dai 5 anni in su. Una volta terminato, il puzzle misura 50 x 40 cm. Grazie alla simpatica valigetta rotonda con impugnatura in tessuto, il puzzle in cartone \u00e8 facile da trasportare ovunque. \u00c8 incluso un poster che serve da modello. Fabbricato in Francia. I [&hellip;]<\/p>\n","protected":false},"featured_media":18970,"comment_status":"open","ping_status":"closed","template":"","meta":{"_acf_changed":false},"pwb-brand":[2075],"product_brand":[],"product_cat":[1728],"product_tag":[2957,2956,2205,2901],"class_list":{"0":"post-26963","1":"product","2":"type-product","3":"status-publish","4":"has-post-thumbnail","6":"pwb-brand-janod-it","7":"product_cat-puzzle-it","8":"product_tag-balletto","9":"product_tag-danza","10":"product_tag-janod-it","11":"product_tag-puzzle-it","13":"first","14":"outofstock","15":"taxable","16":"shipping-taxable","17":"purchasable","18":"product-type-simple"},"acf":[],"yoast_head":"<!-- This site is optimized with the Yoast SEO plugin v25.8 - https:\/\/yoast.com\/wordpress\/plugins\/seo\/ -->\n<title>Janod puzzle Accademia di danza - Talenti.si<\/title>\n<meta name=\"robots\" content=\"index, follow, max-snippet:-1, max-image-preview:large, max-video-preview:-1\" \/>\n<link rel=\"canonical\" href=\"https:\/\/talenti.si\/it\/giocattoli\/puzzle-it\/janod-puzzle-accademia-di-danza\/\" \/>\n<meta property=\"og:locale\" content=\"it_IT\" \/>\n<meta property=\"og:type\" content=\"article\" \/>\n<meta property=\"og:title\" content=\"Janod puzzle Accademia di danza - Talenti.si\" \/>\n<meta property=\"og:description\" content=\"Benvenuti all&#8217;accademia di danza! Le magnifiche illustrazioni attraggono i bambini dai 5 anni in su. Una volta terminato, il puzzle misura 50 x 40 cm. Grazie alla simpatica valigetta rotonda con impugnatura in tessuto, il puzzle in cartone \u00e8 facile da trasportare ovunque. \u00c8 incluso un poster che serve da modello. Fabbricato in Francia. I [&hellip;]\" \/>\n<meta property=\"og:url\" content=\"https:\/\/talenti.si\/it\/giocattoli\/puzzle-it\/janod-puzzle-accademia-di-danza\/\" \/>\n<meta property=\"og:site_name\" content=\"Talenti.si\" \/>\n<meta property=\"og:image\" content=\"https:\/\/talenti.si\/wp-content\/uploads\/2022\/05\/sestavljanka-plesna-akademija.jpg\" \/>\n\t<meta property=\"og:image:width\" content=\"1000\" \/>\n\t<meta property=\"og:image:height\" content=\"1000\" \/>\n\t<meta property=\"og:image:type\" content=\"image\/jpeg\" \/>\n<meta name=\"twitter:card\" content=\"summary_large_image\" \/>\n<meta name=\"twitter:label1\" content=\"Tempo di lettura stimato\" \/>\n\t<meta name=\"twitter:data1\" content=\"1 minuto\" \/>\n<script type=\"application\/ld+json\" class=\"yoast-schema-graph\">{\"@context\":\"https:\/\/schema.org\",\"@graph\":[{\"@type\":\"WebPage\",\"@id\":\"https:\/\/talenti.si\/it\/giocattoli\/puzzle-it\/janod-puzzle-accademia-di-danza\/\",\"url\":\"https:\/\/talenti.si\/it\/giocattoli\/puzzle-it\/janod-puzzle-accademia-di-danza\/\",\"name\":\"Janod puzzle Accademia di danza - Talenti.si\",\"isPartOf\":{\"@id\":\"https:\/\/talenti.si\/it\/#website\"},\"primaryImageOfPage\":{\"@id\":\"https:\/\/talenti.si\/it\/giocattoli\/puzzle-it\/janod-puzzle-accademia-di-danza\/#primaryimage\"},\"image\":{\"@id\":\"https:\/\/talenti.si\/it\/giocattoli\/puzzle-it\/janod-puzzle-accademia-di-danza\/#primaryimage\"},\"thumbnailUrl\":\"https:\/\/talenti.si\/wp-content\/uploads\/2022\/05\/sestavljanka-plesna-akademija.jpg\",\"datePublished\":\"2022-05-24T06:32:40+00:00\",\"breadcrumb\":{\"@id\":\"https:\/\/talenti.si\/it\/giocattoli\/puzzle-it\/janod-puzzle-accademia-di-danza\/#breadcrumb\"},\"inLanguage\":\"it-IT\",\"potentialAction\":[{\"@type\":\"ReadAction\",\"target\":[\"https:\/\/talenti.si\/it\/giocattoli\/puzzle-it\/janod-puzzle-accademia-di-danza\/\"]}]},{\"@type\":\"ImageObject\",\"inLanguage\":\"it-IT\",\"@id\":\"https:\/\/talenti.si\/it\/giocattoli\/puzzle-it\/janod-puzzle-accademia-di-danza\/#primaryimage\",\"url\":\"https:\/\/talenti.si\/wp-content\/uploads\/2022\/05\/sestavljanka-plesna-akademija.jpg\",\"contentUrl\":\"https:\/\/talenti.si\/wp-content\/uploads\/2022\/05\/sestavljanka-plesna-akademija.jpg\",\"width\":1000,\"height\":1000},{\"@type\":\"BreadcrumbList\",\"@id\":\"https:\/\/talenti.si\/it\/giocattoli\/puzzle-it\/janod-puzzle-accademia-di-danza\/#breadcrumb\",\"itemListElement\":[{\"@type\":\"ListItem\",\"position\":1,\"name\":\"Home\",\"item\":\"https:\/\/talenti.si\/it\/\"},{\"@type\":\"ListItem\",\"position\":2,\"name\":\"Negozio\",\"item\":\"https:\/\/talenti.si\/it\/negozio\/\"},{\"@type\":\"ListItem\",\"position\":3,\"name\":\"Janod puzzle Accademia di danza\"}]},{\"@type\":\"WebSite\",\"@id\":\"https:\/\/talenti.si\/it\/#website\",\"url\":\"https:\/\/talenti.si\/it\/\",\"name\":\"Talenti.si\",\"description\":\"Spletna trgovina za vse \u017eonglerje in podobne talente. Vse za \u017eongliranje, yoyo, frizbi, bumerang, kite... in \u0161e in \u0161e.\",\"publisher\":{\"@id\":\"https:\/\/talenti.si\/it\/#organization\"},\"potentialAction\":[{\"@type\":\"SearchAction\",\"target\":{\"@type\":\"EntryPoint\",\"urlTemplate\":\"https:\/\/talenti.si\/it\/?s={search_term_string}\"},\"query-input\":{\"@type\":\"PropertyValueSpecification\",\"valueRequired\":true,\"valueName\":\"search_term_string\"}}],\"inLanguage\":\"it-IT\"},{\"@type\":\"Organization\",\"@id\":\"https:\/\/talenti.si\/it\/#organization\",\"name\":\"Talenti.si\",\"url\":\"https:\/\/talenti.si\/it\/\",\"logo\":{\"@type\":\"ImageObject\",\"inLanguage\":\"it-IT\",\"@id\":\"https:\/\/talenti.si\/it\/#\/schema\/logo\/image\/\",\"url\":\"https:\/\/talenti.si\/wp-content\/uploads\/2021\/12\/logo-talent-pravi-dark.png\",\"contentUrl\":\"https:\/\/talenti.si\/wp-content\/uploads\/2021\/12\/logo-talent-pravi-dark.png\",\"width\":145,\"height\":83,\"caption\":\"Talenti.si\"},\"image\":{\"@id\":\"https:\/\/talenti.si\/it\/#\/schema\/logo\/image\/\"}}]}<\/script>\n<!-- \/ Yoast SEO plugin. -->","yoast_head_json":{"title":"Janod puzzle Accademia di danza - Talenti.si","robots":{"index":"index","follow":"follow","max-snippet":"max-snippet:-1","max-image-preview":"max-image-preview:large","max-video-preview":"max-video-preview:-1"},"canonical":"https:\/\/talenti.si\/it\/giocattoli\/puzzle-it\/janod-puzzle-accademia-di-danza\/","og_locale":"it_IT","og_type":"article","og_title":"Janod puzzle Accademia di danza - Talenti.si","og_description":"Benvenuti all&#8217;accademia di danza! Le magnifiche illustrazioni attraggono i bambini dai 5 anni in su. Una volta terminato, il puzzle misura 50 x 40 cm. Grazie alla simpatica valigetta rotonda con impugnatura in tessuto, il puzzle in cartone \u00e8 facile da trasportare ovunque. \u00c8 incluso un poster che serve da modello. Fabbricato in Francia. I [&hellip;]","og_url":"https:\/\/talenti.si\/it\/giocattoli\/puzzle-it\/janod-puzzle-accademia-di-danza\/","og_site_name":"Talenti.si","og_image":[{"width":1000,"height":1000,"url":"https:\/\/talenti.si\/wp-content\/uploads\/2022\/05\/sestavljanka-plesna-akademija.jpg","type":"image\/jpeg"}],"twitter_card":"summary_large_image","twitter_misc":{"Tempo di lettura stimato":"1 minuto"},"schema":{"@context":"https:\/\/schema.org","@graph":[{"@type":"WebPage","@id":"https:\/\/talenti.si\/it\/giocattoli\/puzzle-it\/janod-puzzle-accademia-di-danza\/","url":"https:\/\/talenti.si\/it\/giocattoli\/puzzle-it\/janod-puzzle-accademia-di-danza\/","name":"Janod puzzle Accademia di danza - Talenti.si","isPartOf":{"@id":"https:\/\/talenti.si\/it\/#website"},"primaryImageOfPage":{"@id":"https:\/\/talenti.si\/it\/giocattoli\/puzzle-it\/janod-puzzle-accademia-di-danza\/#primaryimage"},"image":{"@id":"https:\/\/talenti.si\/it\/giocattoli\/puzzle-it\/janod-puzzle-accademia-di-danza\/#primaryimage"},"thumbnailUrl":"https:\/\/talenti.si\/wp-content\/uploads\/2022\/05\/sestavljanka-plesna-akademija.jpg","datePublished":"2022-05-24T06:32:40+00:00","breadcrumb":{"@id":"https:\/\/talenti.si\/it\/giocattoli\/puzzle-it\/janod-puzzle-accademia-di-danza\/#breadcrumb"},"inLanguage":"it-IT","potentialAction":[{"@type":"ReadAction","target":["https:\/\/talenti.si\/it\/giocattoli\/puzzle-it\/janod-puzzle-accademia-di-danza\/"]}]},{"@type":"ImageObject","inLanguage":"it-IT","@id":"https:\/\/talenti.si\/it\/giocattoli\/puzzle-it\/janod-puzzle-accademia-di-danza\/#primaryimage","url":"https:\/\/talenti.si\/wp-content\/uploads\/2022\/05\/sestavljanka-plesna-akademija.jpg","contentUrl":"https:\/\/talenti.si\/wp-content\/uploads\/2022\/05\/sestavljanka-plesna-akademija.jpg","width":1000,"height":1000},{"@type":"BreadcrumbList","@id":"https:\/\/talenti.si\/it\/giocattoli\/puzzle-it\/janod-puzzle-accademia-di-danza\/#breadcrumb","itemListElement":[{"@type":"ListItem","position":1,"name":"Home","item":"https:\/\/talenti.si\/it\/"},{"@type":"ListItem","position":2,"name":"Negozio","item":"https:\/\/talenti.si\/it\/negozio\/"},{"@type":"ListItem","position":3,"name":"Janod puzzle Accademia di danza"}]},{"@type":"WebSite","@id":"https:\/\/talenti.si\/it\/#website","url":"https:\/\/talenti.si\/it\/","name":"Talenti.si","description":"Spletna trgovina za vse \u017eonglerje in podobne talente. Vse za \u017eongliranje, yoyo, frizbi, bumerang, kite... in \u0161e in \u0161e.","publisher":{"@id":"https:\/\/talenti.si\/it\/#organization"},"potentialAction":[{"@type":"SearchAction","target":{"@type":"EntryPoint","urlTemplate":"https:\/\/talenti.si\/it\/?s={search_term_string}"},"query-input":{"@type":"PropertyValueSpecification","valueRequired":true,"valueName":"search_term_string"}}],"inLanguage":"it-IT"},{"@type":"Organization","@id":"https:\/\/talenti.si\/it\/#organization","name":"Talenti.si","url":"https:\/\/talenti.si\/it\/","logo":{"@type":"ImageObject","inLanguage":"it-IT","@id":"https:\/\/talenti.si\/it\/#\/schema\/logo\/image\/","url":"https:\/\/talenti.si\/wp-content\/uploads\/2021\/12\/logo-talent-pravi-dark.png","contentUrl":"https:\/\/talenti.si\/wp-content\/uploads\/2021\/12\/logo-talent-pravi-dark.png","width":145,"height":83,"caption":"Talenti.si"},"image":{"@id":"https:\/\/talenti.si\/it\/#\/schema\/logo\/image\/"}}]}},"brands":[{"id":2075,"name":"Janod","slug":"janod-it"}],"_links":{"self":[{"href":"https:\/\/talenti.si\/it\/wp-json\/wp\/v2\/product\/26963","targetHints":{"allow":["GET"]}}],"collection":[{"href":"https:\/\/talenti.si\/it\/wp-json\/wp\/v2\/product"}],"about":[{"href":"https:\/\/talenti.si\/it\/wp-json\/wp\/v2\/types\/product"}],"replies":[{"embeddable":true,"href":"https:\/\/talenti.si\/it\/wp-json\/wp\/v2\/comments?post=26963"}],"wp:featuredmedia":[{"embeddable":true,"href":"https:\/\/talenti.si\/it\/wp-json\/wp\/v2\/media\/18970"}],"wp:attachment":[{"href":"https:\/\/talenti.si\/it\/wp-json\/wp\/v2\/media?parent=26963"}],"wp:term":[{"taxonomy":"pwb-brand","embeddable":true,"href":"https:\/\/talenti.si\/it\/wp-json\/wp\/v2\/pwb-brand?post=26963"},{"taxonomy":"product_brand","embeddable":true,"href":"https:\/\/talenti.si\/it\/wp-json\/wp\/v2\/product_brand?post=26963"},{"taxonomy":"product_cat","embeddable":true,"href":"https:\/\/talenti.si\/it\/wp-json\/wp\/v2\/product_cat?post=26963"},{"taxonomy":"product_tag","embeddable":true,"href":"https:\/\/talenti.si\/it\/wp-json\/wp\/v2\/product_tag?post=26963"}],"curies":[{"name":"wp","href":"https:\/\/api.w.org\/{rel}","templated":true}]}}