{"id":27167,"date":"2022-02-01T17:38:50","date_gmt":"2022-02-01T17:38:50","guid":{"rendered":"https:\/\/talenti.si\/senza-categoria\/fisarmonica\/"},"modified":"2024-05-27T15:55:31","modified_gmt":"2024-05-27T15:55:31","slug":"janod-fisamornica","status":"publish","type":"product","link":"https:\/\/talenti.si\/it\/giocattoli\/strumenti-musicali-per-bambini\/janod-fisamornica\/","title":{"rendered":"Janod fisamornica"},"content":{"rendered":"<p>La tastiera di questo giocattolo per fisarmonica \u00e8 dotata di 7 tasti per le note musicali, 2 tasti per i cambi di tono e 1 tasto per soffiare l&#8217;aria.<\/p>\n<p><strong> Caratteristiche:<\/strong><\/p>\n<ul>\n<li>Dimensioni: <strong>17 <\/strong>x<strong> 10 <\/strong>x<strong> 18,5 <\/strong>cm<\/li>\n<li>Materiali &#8211; <strong>legno, metallo<\/strong><\/li>\n<li>Et\u00e0 consigliata: <strong>3+<\/strong><\/li>\n<\/ul>\n<p><strong style=\"font-size: 10px;\">ATTENZIONE!<\/strong><span style=\"font-size: 10px;\"> <\/span><span style=\"font-size: 10px;\">L&#8217;articolo non \u00e8 adatto ai bambini di et\u00e0 inferiore ai 3 anni. I piccoli pezzi sono pericolosi perch\u00e9 possono essere inalati o ingeriti. Non usare vicino alle orecchie! Prima di consegnare l\u2019articolo al bambino, rimuovi tutte le parti dell\u2019imballaggio. Salva queste informazioni per un utilizzo successivo.<\/span><\/p>\n","protected":false},"excerpt":{"rendered":"<p>La tastiera di questo giocattolo per fisarmonica \u00e8 dotata di 7 tasti per le note musicali, 2 tasti per i cambi di tono e 1 tasto per soffiare l&#8217;aria. Caratteristiche: Dimensioni: 17 x 10 x 18,5 cm Materiali &#8211; legno, metallo Et\u00e0 consigliata: 3+ ATTENZIONE! L&#8217;articolo non \u00e8 adatto ai bambini di et\u00e0 inferiore ai [&hellip;]<\/p>\n","protected":false},"featured_media":17857,"comment_status":"open","ping_status":"closed","template":"","meta":{"_acf_changed":false},"pwb-brand":[2075],"product_brand":[],"product_cat":[1719],"product_tag":[2264,2205,3053],"class_list":{"0":"post-27167","1":"product","2":"type-product","3":"status-publish","4":"has-post-thumbnail","6":"pwb-brand-janod-it","7":"product_cat-strumenti-musicali-per-bambini","8":"product_tag-bambini","9":"product_tag-janod-it","10":"product_tag-strumento-musicale","12":"first","13":"outofstock","14":"taxable","15":"shipping-taxable","16":"purchasable","17":"product-type-simple"},"acf":[],"yoast_head":"<!-- This site is optimized with the Yoast SEO plugin v25.8 - https:\/\/yoast.com\/wordpress\/plugins\/seo\/ -->\n<title>Janod fisamornica - Talenti.si<\/title>\n<meta name=\"description\" content=\"La tastiera di questo giocattolo per fisarmonica \u00e8 dotata di 7 tasti per le note musicali, 2 tasti per i cambi di tono e 1 tasto per soffiare l&#039;aria.\" \/>\n<meta name=\"robots\" content=\"index, follow, max-snippet:-1, max-image-preview:large, max-video-preview:-1\" \/>\n<link rel=\"canonical\" href=\"https:\/\/talenti.si\/it\/giocattoli\/strumenti-musicali-per-bambini\/janod-fisamornica\/\" \/>\n<meta property=\"og:locale\" content=\"it_IT\" \/>\n<meta property=\"og:type\" content=\"article\" \/>\n<meta property=\"og:title\" content=\"Janod fisamornica - Talenti.si\" \/>\n<meta property=\"og:description\" content=\"La tastiera di questo giocattolo per fisarmonica \u00e8 dotata di 7 tasti per le note musicali, 2 tasti per i cambi di tono e 1 tasto per soffiare l&#039;aria.\" \/>\n<meta property=\"og:url\" content=\"https:\/\/talenti.si\/it\/giocattoli\/strumenti-musicali-per-bambini\/janod-fisamornica\/\" \/>\n<meta property=\"og:site_name\" content=\"Talenti.si\" \/>\n<meta property=\"article:modified_time\" content=\"2024-05-27T15:55:31+00:00\" \/>\n<meta property=\"og:image\" content=\"https:\/\/talenti.si\/wp-content\/uploads\/2022\/02\/janod-harmonika-talenti-si.jpg\" \/>\n\t<meta property=\"og:image:width\" content=\"1000\" \/>\n\t<meta property=\"og:image:height\" content=\"1000\" \/>\n\t<meta property=\"og:image:type\" content=\"image\/jpeg\" \/>\n<meta name=\"twitter:card\" content=\"summary_large_image\" \/>\n<script type=\"application\/ld+json\" class=\"yoast-schema-graph\">{\"@context\":\"https:\/\/schema.org\",\"@graph\":[{\"@type\":\"WebPage\",\"@id\":\"https:\/\/talenti.si\/it\/giocattoli\/strumenti-musicali-per-bambini\/janod-fisamornica\/\",\"url\":\"https:\/\/talenti.si\/it\/giocattoli\/strumenti-musicali-per-bambini\/janod-fisamornica\/\",\"name\":\"Janod fisamornica - Talenti.si\",\"isPartOf\":{\"@id\":\"https:\/\/talenti.si\/it\/#website\"},\"primaryImageOfPage\":{\"@id\":\"https:\/\/talenti.si\/it\/giocattoli\/strumenti-musicali-per-bambini\/janod-fisamornica\/#primaryimage\"},\"image\":{\"@id\":\"https:\/\/talenti.si\/it\/giocattoli\/strumenti-musicali-per-bambini\/janod-fisamornica\/#primaryimage\"},\"thumbnailUrl\":\"https:\/\/talenti.si\/wp-content\/uploads\/2022\/02\/janod-harmonika-talenti-si.jpg\",\"datePublished\":\"2022-02-01T17:38:50+00:00\",\"dateModified\":\"2024-05-27T15:55:31+00:00\",\"description\":\"La tastiera di questo giocattolo per fisarmonica \u00e8 dotata di 7 tasti per le note musicali, 2 tasti per i cambi di tono e 1 tasto per soffiare l'aria.\",\"breadcrumb\":{\"@id\":\"https:\/\/talenti.si\/it\/giocattoli\/strumenti-musicali-per-bambini\/janod-fisamornica\/#breadcrumb\"},\"inLanguage\":\"it-IT\",\"potentialAction\":[{\"@type\":\"ReadAction\",\"target\":[\"https:\/\/talenti.si\/it\/giocattoli\/strumenti-musicali-per-bambini\/janod-fisamornica\/\"]}]},{\"@type\":\"ImageObject\",\"inLanguage\":\"it-IT\",\"@id\":\"https:\/\/talenti.si\/it\/giocattoli\/strumenti-musicali-per-bambini\/janod-fisamornica\/#primaryimage\",\"url\":\"https:\/\/talenti.si\/wp-content\/uploads\/2022\/02\/janod-harmonika-talenti-si.jpg\",\"contentUrl\":\"https:\/\/talenti.si\/wp-content\/uploads\/2022\/02\/janod-harmonika-talenti-si.jpg\",\"width\":1000,\"height\":1000},{\"@type\":\"BreadcrumbList\",\"@id\":\"https:\/\/talenti.si\/it\/giocattoli\/strumenti-musicali-per-bambini\/janod-fisamornica\/#breadcrumb\",\"itemListElement\":[{\"@type\":\"ListItem\",\"position\":1,\"name\":\"Home\",\"item\":\"https:\/\/talenti.si\/it\/\"},{\"@type\":\"ListItem\",\"position\":2,\"name\":\"Negozio\",\"item\":\"https:\/\/talenti.si\/it\/negozio\/\"},{\"@type\":\"ListItem\",\"position\":3,\"name\":\"Janod fisamornica\"}]},{\"@type\":\"WebSite\",\"@id\":\"https:\/\/talenti.si\/it\/#website\",\"url\":\"https:\/\/talenti.si\/it\/\",\"name\":\"Talenti.si\",\"description\":\"Spletna trgovina za vse \u017eonglerje in podobne talente. Vse za \u017eongliranje, yoyo, frizbi, bumerang, kite... in \u0161e in \u0161e.\",\"publisher\":{\"@id\":\"https:\/\/talenti.si\/it\/#organization\"},\"potentialAction\":[{\"@type\":\"SearchAction\",\"target\":{\"@type\":\"EntryPoint\",\"urlTemplate\":\"https:\/\/talenti.si\/it\/?s={search_term_string}\"},\"query-input\":{\"@type\":\"PropertyValueSpecification\",\"valueRequired\":true,\"valueName\":\"search_term_string\"}}],\"inLanguage\":\"it-IT\"},{\"@type\":\"Organization\",\"@id\":\"https:\/\/talenti.si\/it\/#organization\",\"name\":\"Talenti.si\",\"url\":\"https:\/\/talenti.si\/it\/\",\"logo\":{\"@type\":\"ImageObject\",\"inLanguage\":\"it-IT\",\"@id\":\"https:\/\/talenti.si\/it\/#\/schema\/logo\/image\/\",\"url\":\"https:\/\/talenti.si\/wp-content\/uploads\/2021\/12\/logo-talent-pravi-dark.png\",\"contentUrl\":\"https:\/\/talenti.si\/wp-content\/uploads\/2021\/12\/logo-talent-pravi-dark.png\",\"width\":145,\"height\":83,\"caption\":\"Talenti.si\"},\"image\":{\"@id\":\"https:\/\/talenti.si\/it\/#\/schema\/logo\/image\/\"}}]}<\/script>\n<!-- \/ Yoast SEO plugin. -->","yoast_head_json":{"title":"Janod fisamornica - Talenti.si","description":"La tastiera di questo giocattolo per fisarmonica \u00e8 dotata di 7 tasti per le note musicali, 2 tasti per i cambi di tono e 1 tasto per soffiare l'aria.","robots":{"index":"index","follow":"follow","max-snippet":"max-snippet:-1","max-image-preview":"max-image-preview:large","max-video-preview":"max-video-preview:-1"},"canonical":"https:\/\/talenti.si\/it\/giocattoli\/strumenti-musicali-per-bambini\/janod-fisamornica\/","og_locale":"it_IT","og_type":"article","og_title":"Janod fisamornica - Talenti.si","og_description":"La tastiera di questo giocattolo per fisarmonica \u00e8 dotata di 7 tasti per le note musicali, 2 tasti per i cambi di tono e 1 tasto per soffiare l'aria.","og_url":"https:\/\/talenti.si\/it\/giocattoli\/strumenti-musicali-per-bambini\/janod-fisamornica\/","og_site_name":"Talenti.si","article_modified_time":"2024-05-27T15:55:31+00:00","og_image":[{"width":1000,"height":1000,"url":"https:\/\/talenti.si\/wp-content\/uploads\/2022\/02\/janod-harmonika-talenti-si.jpg","type":"image\/jpeg"}],"twitter_card":"summary_large_image","schema":{"@context":"https:\/\/schema.org","@graph":[{"@type":"WebPage","@id":"https:\/\/talenti.si\/it\/giocattoli\/strumenti-musicali-per-bambini\/janod-fisamornica\/","url":"https:\/\/talenti.si\/it\/giocattoli\/strumenti-musicali-per-bambini\/janod-fisamornica\/","name":"Janod fisamornica - Talenti.si","isPartOf":{"@id":"https:\/\/talenti.si\/it\/#website"},"primaryImageOfPage":{"@id":"https:\/\/talenti.si\/it\/giocattoli\/strumenti-musicali-per-bambini\/janod-fisamornica\/#primaryimage"},"image":{"@id":"https:\/\/talenti.si\/it\/giocattoli\/strumenti-musicali-per-bambini\/janod-fisamornica\/#primaryimage"},"thumbnailUrl":"https:\/\/talenti.si\/wp-content\/uploads\/2022\/02\/janod-harmonika-talenti-si.jpg","datePublished":"2022-02-01T17:38:50+00:00","dateModified":"2024-05-27T15:55:31+00:00","description":"La tastiera di questo giocattolo per fisarmonica \u00e8 dotata di 7 tasti per le note musicali, 2 tasti per i cambi di tono e 1 tasto per soffiare l'aria.","breadcrumb":{"@id":"https:\/\/talenti.si\/it\/giocattoli\/strumenti-musicali-per-bambini\/janod-fisamornica\/#breadcrumb"},"inLanguage":"it-IT","potentialAction":[{"@type":"ReadAction","target":["https:\/\/talenti.si\/it\/giocattoli\/strumenti-musicali-per-bambini\/janod-fisamornica\/"]}]},{"@type":"ImageObject","inLanguage":"it-IT","@id":"https:\/\/talenti.si\/it\/giocattoli\/strumenti-musicali-per-bambini\/janod-fisamornica\/#primaryimage","url":"https:\/\/talenti.si\/wp-content\/uploads\/2022\/02\/janod-harmonika-talenti-si.jpg","contentUrl":"https:\/\/talenti.si\/wp-content\/uploads\/2022\/02\/janod-harmonika-talenti-si.jpg","width":1000,"height":1000},{"@type":"BreadcrumbList","@id":"https:\/\/talenti.si\/it\/giocattoli\/strumenti-musicali-per-bambini\/janod-fisamornica\/#breadcrumb","itemListElement":[{"@type":"ListItem","position":1,"name":"Home","item":"https:\/\/talenti.si\/it\/"},{"@type":"ListItem","position":2,"name":"Negozio","item":"https:\/\/talenti.si\/it\/negozio\/"},{"@type":"ListItem","position":3,"name":"Janod fisamornica"}]},{"@type":"WebSite","@id":"https:\/\/talenti.si\/it\/#website","url":"https:\/\/talenti.si\/it\/","name":"Talenti.si","description":"Spletna trgovina za vse \u017eonglerje in podobne talente. Vse za \u017eongliranje, yoyo, frizbi, bumerang, kite... in \u0161e in \u0161e.","publisher":{"@id":"https:\/\/talenti.si\/it\/#organization"},"potentialAction":[{"@type":"SearchAction","target":{"@type":"EntryPoint","urlTemplate":"https:\/\/talenti.si\/it\/?s={search_term_string}"},"query-input":{"@type":"PropertyValueSpecification","valueRequired":true,"valueName":"search_term_string"}}],"inLanguage":"it-IT"},{"@type":"Organization","@id":"https:\/\/talenti.si\/it\/#organization","name":"Talenti.si","url":"https:\/\/talenti.si\/it\/","logo":{"@type":"ImageObject","inLanguage":"it-IT","@id":"https:\/\/talenti.si\/it\/#\/schema\/logo\/image\/","url":"https:\/\/talenti.si\/wp-content\/uploads\/2021\/12\/logo-talent-pravi-dark.png","contentUrl":"https:\/\/talenti.si\/wp-content\/uploads\/2021\/12\/logo-talent-pravi-dark.png","width":145,"height":83,"caption":"Talenti.si"},"image":{"@id":"https:\/\/talenti.si\/it\/#\/schema\/logo\/image\/"}}]}},"brands":[{"id":2075,"name":"Janod","slug":"janod-it"}],"_links":{"self":[{"href":"https:\/\/talenti.si\/it\/wp-json\/wp\/v2\/product\/27167","targetHints":{"allow":["GET"]}}],"collection":[{"href":"https:\/\/talenti.si\/it\/wp-json\/wp\/v2\/product"}],"about":[{"href":"https:\/\/talenti.si\/it\/wp-json\/wp\/v2\/types\/product"}],"replies":[{"embeddable":true,"href":"https:\/\/talenti.si\/it\/wp-json\/wp\/v2\/comments?post=27167"}],"wp:featuredmedia":[{"embeddable":true,"href":"https:\/\/talenti.si\/it\/wp-json\/wp\/v2\/media\/17857"}],"wp:attachment":[{"href":"https:\/\/talenti.si\/it\/wp-json\/wp\/v2\/media?parent=27167"}],"wp:term":[{"taxonomy":"pwb-brand","embeddable":true,"href":"https:\/\/talenti.si\/it\/wp-json\/wp\/v2\/pwb-brand?post=27167"},{"taxonomy":"product_brand","embeddable":true,"href":"https:\/\/talenti.si\/it\/wp-json\/wp\/v2\/product_brand?post=27167"},{"taxonomy":"product_cat","embeddable":true,"href":"https:\/\/talenti.si\/it\/wp-json\/wp\/v2\/product_cat?post=27167"},{"taxonomy":"product_tag","embeddable":true,"href":"https:\/\/talenti.si\/it\/wp-json\/wp\/v2\/product_tag?post=27167"}],"curies":[{"name":"wp","href":"https:\/\/api.w.org\/{rel}","templated":true}]}}