{"id":27307,"date":"2021-07-05T14:30:15","date_gmt":"2021-07-05T14:30:15","guid":{"rendered":"https:\/\/talenti.si\/senza-categoria\/janod-libro-per-il-bagnetto-magia\/"},"modified":"2021-07-05T14:30:15","modified_gmt":"2021-07-05T14:30:15","slug":"janod-libro-per-il-bagnetto-magia","status":"publish","type":"product","link":"https:\/\/talenti.si\/it\/giocattoli\/giocattoli-per-i-piu-piccoli\/janod-libro-per-il-bagnetto-magia\/","title":{"rendered":"Janod libro per il bagnetto Magia"},"content":{"rendered":"<p>Il beb\u00e9 fa le bolle in acqua e approfitta di questo momento di relax per divertirsi con il suo magico libro da bagno! I primi giocattoli da bagno permettono ai pi\u00f9 piccoli di divertirsi durante il bagnetto e di fare bellissime scoperte grazie a tutte le possibilit\u00e0 che l&#8217;acqua offre! Questo libro da bagno per bambini dai 10 mesi \u00e8 davvero magico e permette di giocare a nascondino con animali uno pi\u00f9 carino dell\u2019altro! Il granchio, la tartaruga e i loro amici si nascondevano dietro alghe o coralli&#8230; dobbiamo trovarli subito! Immergendo il libro nell&#8217;acqua, gli animali appariranno come per magia. E non appena il libro \u00e8 asciutto, gli animali scompaiono di nuovo! Pensato per le piccole mani, questo libro permetter\u00e0 ai bambini di divertirsi e rilassarsi in questo prezioso momento di condivisione.<\/p>\n<div>\n<p><strong>Caratteristiche<\/strong>:<\/p>\n<ul>\n<li>Dimensioni: <strong>14,5<\/strong> x <strong>2,5<\/strong> x <strong>14,5<\/strong> cm<\/li>\n<li>Materiali &#8211; <strong>PEVA<\/strong><\/li>\n<li>Et\u00e0 consigliata: <strong>10+ mesi<\/strong><\/li>\n<\/ul>\n<\/div>\n<p><strong style=\"font-size: 10px;\">ATTENZIONE!<\/strong><span style=\"font-size: 10px;\"> Non lasciate mai il bambino solo durante il bagnetto. Prima di consegnare l&#8217;articolo al bambino, rimuovi tutte le parti dell&#8217;imballaggio. Salva queste informazioni per un utilizzo successivo.<\/span><\/p>\n","protected":false},"excerpt":{"rendered":"<p>Il beb\u00e9 fa le bolle in acqua e approfitta di questo momento di relax per divertirsi con il suo magico libro da bagno! I primi giocattoli da bagno permettono ai pi\u00f9 piccoli di divertirsi durante il bagnetto e di fare bellissime scoperte grazie a tutte le possibilit\u00e0 che l&#8217;acqua offre! Questo libro da bagno per [&hellip;]<\/p>\n","protected":false},"featured_media":17071,"comment_status":"open","ping_status":"closed","template":"","meta":{"_acf_changed":false},"pwb-brand":[2075],"product_brand":[],"product_cat":[1695,2422],"product_tag":[2310,2205,3005,2431],"class_list":{"0":"post-27307","1":"product","2":"type-product","3":"status-publish","4":"has-post-thumbnail","6":"pwb-brand-janod-it","7":"product_cat-giocattoli-per-i-piu-piccoli","8":"product_cat-accessori-bagno-e-giochi-d-acqua","9":"product_tag-acqua","10":"product_tag-janod-it","11":"product_tag-libro","12":"product_tag-neonati","14":"first","15":"outofstock","16":"taxable","17":"shipping-taxable","18":"purchasable","19":"product-type-simple"},"acf":[],"yoast_head":"<!-- This site is optimized with the Yoast SEO plugin v25.8 - https:\/\/yoast.com\/wordpress\/plugins\/seo\/ -->\n<title>Janod libro per il bagnetto Magia<\/title>\n<meta name=\"description\" content=\"Il beb\u00e9 fa le bolle in acqua e approfitta di questo momento di relax per divertirsi con il suo magico libro da bagno! I primi giocattoli da bagno permettono ai pi\u00f9 piccoli di divertirsi durante il bagnetto e di fare bellissime scoperte grazie a tutte le possibilit\u00e0 che l&#039;acqua offre! Questo libro da bagno per bambini dai 10 mesi \u00e8 davvero magico e permette di giocare a nascondino con animali uno pi\u00f9 carino dell\u2019altro! Il granchio, la tartaruga e i loro amici si nascondevano dietro alghe o coralli... dobbiamo trovarli subito! Immergendo il libro nell&#039;acqua, gli animali appariranno come per magia. E non appena il libro \u00e8 asciutto, gli animali scompaiono di nuovo! Pensato per le piccole mani, questo libro permetter\u00e0 ai bambini di divertirsi e rilassarsi in questo prezioso momento di condivisione.\" \/>\n<meta name=\"robots\" content=\"index, follow, max-snippet:-1, max-image-preview:large, max-video-preview:-1\" \/>\n<link rel=\"canonical\" href=\"https:\/\/talenti.si\/it\/giocattoli\/giocattoli-per-i-piu-piccoli\/janod-libro-per-il-bagnetto-magia\/\" \/>\n<meta property=\"og:locale\" content=\"it_IT\" \/>\n<meta property=\"og:type\" content=\"article\" \/>\n<meta property=\"og:title\" content=\"Janod libro per il bagnetto Magia\" \/>\n<meta property=\"og:description\" content=\"Il beb\u00e9 fa le bolle in acqua e approfitta di questo momento di relax per divertirsi con il suo magico libro da bagno! I primi giocattoli da bagno permettono ai pi\u00f9 piccoli di divertirsi durante il bagnetto e di fare bellissime scoperte grazie a tutte le possibilit\u00e0 che l&#039;acqua offre! Questo libro da bagno per bambini dai 10 mesi \u00e8 davvero magico e permette di giocare a nascondino con animali uno pi\u00f9 carino dell\u2019altro! Il granchio, la tartaruga e i loro amici si nascondevano dietro alghe o coralli... dobbiamo trovarli subito! Immergendo il libro nell&#039;acqua, gli animali appariranno come per magia. E non appena il libro \u00e8 asciutto, gli animali scompaiono di nuovo! Pensato per le piccole mani, questo libro permetter\u00e0 ai bambini di divertirsi e rilassarsi in questo prezioso momento di condivisione.\" \/>\n<meta property=\"og:url\" content=\"https:\/\/talenti.si\/it\/giocattoli\/giocattoli-per-i-piu-piccoli\/janod-libro-per-il-bagnetto-magia\/\" \/>\n<meta property=\"og:site_name\" content=\"Talenti.si\" \/>\n<meta property=\"og:image\" content=\"https:\/\/talenti.si\/wp-content\/uploads\/2022\/01\/Janod-Kopalna-knjigica.jpg\" \/>\n\t<meta property=\"og:image:width\" content=\"1000\" \/>\n\t<meta property=\"og:image:height\" content=\"1000\" \/>\n\t<meta property=\"og:image:type\" content=\"image\/jpeg\" \/>\n<meta name=\"twitter:card\" content=\"summary_large_image\" \/>\n<meta name=\"twitter:label1\" content=\"Tempo di lettura stimato\" \/>\n\t<meta name=\"twitter:data1\" content=\"1 minuto\" \/>\n<script type=\"application\/ld+json\" class=\"yoast-schema-graph\">{\"@context\":\"https:\/\/schema.org\",\"@graph\":[{\"@type\":\"WebPage\",\"@id\":\"https:\/\/talenti.si\/it\/giocattoli\/giocattoli-per-i-piu-piccoli\/janod-libro-per-il-bagnetto-magia\/\",\"url\":\"https:\/\/talenti.si\/it\/giocattoli\/giocattoli-per-i-piu-piccoli\/janod-libro-per-il-bagnetto-magia\/\",\"name\":\"Janod libro per il bagnetto Magia\",\"isPartOf\":{\"@id\":\"https:\/\/talenti.si\/it\/#website\"},\"primaryImageOfPage\":{\"@id\":\"https:\/\/talenti.si\/it\/giocattoli\/giocattoli-per-i-piu-piccoli\/janod-libro-per-il-bagnetto-magia\/#primaryimage\"},\"image\":{\"@id\":\"https:\/\/talenti.si\/it\/giocattoli\/giocattoli-per-i-piu-piccoli\/janod-libro-per-il-bagnetto-magia\/#primaryimage\"},\"thumbnailUrl\":\"https:\/\/talenti.si\/wp-content\/uploads\/2022\/01\/Janod-Kopalna-knjigica.jpg\",\"datePublished\":\"2021-07-05T14:30:15+00:00\",\"description\":\"Il beb\u00e9 fa le bolle in acqua e approfitta di questo momento di relax per divertirsi con il suo magico libro da bagno! I primi giocattoli da bagno permettono ai pi\u00f9 piccoli di divertirsi durante il bagnetto e di fare bellissime scoperte grazie a tutte le possibilit\u00e0 che l'acqua offre! Questo libro da bagno per bambini dai 10 mesi \u00e8 davvero magico e permette di giocare a nascondino con animali uno pi\u00f9 carino dell\u2019altro! Il granchio, la tartaruga e i loro amici si nascondevano dietro alghe o coralli... dobbiamo trovarli subito! Immergendo il libro nell'acqua, gli animali appariranno come per magia. E non appena il libro \u00e8 asciutto, gli animali scompaiono di nuovo! Pensato per le piccole mani, questo libro permetter\u00e0 ai bambini di divertirsi e rilassarsi in questo prezioso momento di condivisione.\",\"breadcrumb\":{\"@id\":\"https:\/\/talenti.si\/it\/giocattoli\/giocattoli-per-i-piu-piccoli\/janod-libro-per-il-bagnetto-magia\/#breadcrumb\"},\"inLanguage\":\"it-IT\",\"potentialAction\":[{\"@type\":\"ReadAction\",\"target\":[\"https:\/\/talenti.si\/it\/giocattoli\/giocattoli-per-i-piu-piccoli\/janod-libro-per-il-bagnetto-magia\/\"]}]},{\"@type\":\"ImageObject\",\"inLanguage\":\"it-IT\",\"@id\":\"https:\/\/talenti.si\/it\/giocattoli\/giocattoli-per-i-piu-piccoli\/janod-libro-per-il-bagnetto-magia\/#primaryimage\",\"url\":\"https:\/\/talenti.si\/wp-content\/uploads\/2022\/01\/Janod-Kopalna-knjigica.jpg\",\"contentUrl\":\"https:\/\/talenti.si\/wp-content\/uploads\/2022\/01\/Janod-Kopalna-knjigica.jpg\",\"width\":1000,\"height\":1000},{\"@type\":\"BreadcrumbList\",\"@id\":\"https:\/\/talenti.si\/it\/giocattoli\/giocattoli-per-i-piu-piccoli\/janod-libro-per-il-bagnetto-magia\/#breadcrumb\",\"itemListElement\":[{\"@type\":\"ListItem\",\"position\":1,\"name\":\"Home\",\"item\":\"https:\/\/talenti.si\/it\/\"},{\"@type\":\"ListItem\",\"position\":2,\"name\":\"Negozio\",\"item\":\"https:\/\/talenti.si\/it\/negozio\/\"},{\"@type\":\"ListItem\",\"position\":3,\"name\":\"Janod libro per il bagnetto Magia\"}]},{\"@type\":\"WebSite\",\"@id\":\"https:\/\/talenti.si\/it\/#website\",\"url\":\"https:\/\/talenti.si\/it\/\",\"name\":\"Talenti.si\",\"description\":\"Spletna trgovina za vse \u017eonglerje in podobne talente. Vse za \u017eongliranje, yoyo, frizbi, bumerang, kite... in \u0161e in \u0161e.\",\"publisher\":{\"@id\":\"https:\/\/talenti.si\/it\/#organization\"},\"potentialAction\":[{\"@type\":\"SearchAction\",\"target\":{\"@type\":\"EntryPoint\",\"urlTemplate\":\"https:\/\/talenti.si\/it\/?s={search_term_string}\"},\"query-input\":{\"@type\":\"PropertyValueSpecification\",\"valueRequired\":true,\"valueName\":\"search_term_string\"}}],\"inLanguage\":\"it-IT\"},{\"@type\":\"Organization\",\"@id\":\"https:\/\/talenti.si\/it\/#organization\",\"name\":\"Talenti.si\",\"url\":\"https:\/\/talenti.si\/it\/\",\"logo\":{\"@type\":\"ImageObject\",\"inLanguage\":\"it-IT\",\"@id\":\"https:\/\/talenti.si\/it\/#\/schema\/logo\/image\/\",\"url\":\"https:\/\/talenti.si\/wp-content\/uploads\/2021\/12\/logo-talent-pravi-dark.png\",\"contentUrl\":\"https:\/\/talenti.si\/wp-content\/uploads\/2021\/12\/logo-talent-pravi-dark.png\",\"width\":145,\"height\":83,\"caption\":\"Talenti.si\"},\"image\":{\"@id\":\"https:\/\/talenti.si\/it\/#\/schema\/logo\/image\/\"}}]}<\/script>\n<!-- \/ Yoast SEO plugin. -->","yoast_head_json":{"title":"Janod libro per il bagnetto Magia","description":"Il beb\u00e9 fa le bolle in acqua e approfitta di questo momento di relax per divertirsi con il suo magico libro da bagno! I primi giocattoli da bagno permettono ai pi\u00f9 piccoli di divertirsi durante il bagnetto e di fare bellissime scoperte grazie a tutte le possibilit\u00e0 che l'acqua offre! Questo libro da bagno per bambini dai 10 mesi \u00e8 davvero magico e permette di giocare a nascondino con animali uno pi\u00f9 carino dell\u2019altro! Il granchio, la tartaruga e i loro amici si nascondevano dietro alghe o coralli... dobbiamo trovarli subito! Immergendo il libro nell'acqua, gli animali appariranno come per magia. E non appena il libro \u00e8 asciutto, gli animali scompaiono di nuovo! Pensato per le piccole mani, questo libro permetter\u00e0 ai bambini di divertirsi e rilassarsi in questo prezioso momento di condivisione.","robots":{"index":"index","follow":"follow","max-snippet":"max-snippet:-1","max-image-preview":"max-image-preview:large","max-video-preview":"max-video-preview:-1"},"canonical":"https:\/\/talenti.si\/it\/giocattoli\/giocattoli-per-i-piu-piccoli\/janod-libro-per-il-bagnetto-magia\/","og_locale":"it_IT","og_type":"article","og_title":"Janod libro per il bagnetto Magia","og_description":"Il beb\u00e9 fa le bolle in acqua e approfitta di questo momento di relax per divertirsi con il suo magico libro da bagno! I primi giocattoli da bagno permettono ai pi\u00f9 piccoli di divertirsi durante il bagnetto e di fare bellissime scoperte grazie a tutte le possibilit\u00e0 che l'acqua offre! Questo libro da bagno per bambini dai 10 mesi \u00e8 davvero magico e permette di giocare a nascondino con animali uno pi\u00f9 carino dell\u2019altro! Il granchio, la tartaruga e i loro amici si nascondevano dietro alghe o coralli... dobbiamo trovarli subito! Immergendo il libro nell'acqua, gli animali appariranno come per magia. E non appena il libro \u00e8 asciutto, gli animali scompaiono di nuovo! Pensato per le piccole mani, questo libro permetter\u00e0 ai bambini di divertirsi e rilassarsi in questo prezioso momento di condivisione.","og_url":"https:\/\/talenti.si\/it\/giocattoli\/giocattoli-per-i-piu-piccoli\/janod-libro-per-il-bagnetto-magia\/","og_site_name":"Talenti.si","og_image":[{"width":1000,"height":1000,"url":"https:\/\/talenti.si\/wp-content\/uploads\/2022\/01\/Janod-Kopalna-knjigica.jpg","type":"image\/jpeg"}],"twitter_card":"summary_large_image","twitter_misc":{"Tempo di lettura stimato":"1 minuto"},"schema":{"@context":"https:\/\/schema.org","@graph":[{"@type":"WebPage","@id":"https:\/\/talenti.si\/it\/giocattoli\/giocattoli-per-i-piu-piccoli\/janod-libro-per-il-bagnetto-magia\/","url":"https:\/\/talenti.si\/it\/giocattoli\/giocattoli-per-i-piu-piccoli\/janod-libro-per-il-bagnetto-magia\/","name":"Janod libro per il bagnetto Magia","isPartOf":{"@id":"https:\/\/talenti.si\/it\/#website"},"primaryImageOfPage":{"@id":"https:\/\/talenti.si\/it\/giocattoli\/giocattoli-per-i-piu-piccoli\/janod-libro-per-il-bagnetto-magia\/#primaryimage"},"image":{"@id":"https:\/\/talenti.si\/it\/giocattoli\/giocattoli-per-i-piu-piccoli\/janod-libro-per-il-bagnetto-magia\/#primaryimage"},"thumbnailUrl":"https:\/\/talenti.si\/wp-content\/uploads\/2022\/01\/Janod-Kopalna-knjigica.jpg","datePublished":"2021-07-05T14:30:15+00:00","description":"Il beb\u00e9 fa le bolle in acqua e approfitta di questo momento di relax per divertirsi con il suo magico libro da bagno! I primi giocattoli da bagno permettono ai pi\u00f9 piccoli di divertirsi durante il bagnetto e di fare bellissime scoperte grazie a tutte le possibilit\u00e0 che l'acqua offre! Questo libro da bagno per bambini dai 10 mesi \u00e8 davvero magico e permette di giocare a nascondino con animali uno pi\u00f9 carino dell\u2019altro! Il granchio, la tartaruga e i loro amici si nascondevano dietro alghe o coralli... dobbiamo trovarli subito! Immergendo il libro nell'acqua, gli animali appariranno come per magia. E non appena il libro \u00e8 asciutto, gli animali scompaiono di nuovo! Pensato per le piccole mani, questo libro permetter\u00e0 ai bambini di divertirsi e rilassarsi in questo prezioso momento di condivisione.","breadcrumb":{"@id":"https:\/\/talenti.si\/it\/giocattoli\/giocattoli-per-i-piu-piccoli\/janod-libro-per-il-bagnetto-magia\/#breadcrumb"},"inLanguage":"it-IT","potentialAction":[{"@type":"ReadAction","target":["https:\/\/talenti.si\/it\/giocattoli\/giocattoli-per-i-piu-piccoli\/janod-libro-per-il-bagnetto-magia\/"]}]},{"@type":"ImageObject","inLanguage":"it-IT","@id":"https:\/\/talenti.si\/it\/giocattoli\/giocattoli-per-i-piu-piccoli\/janod-libro-per-il-bagnetto-magia\/#primaryimage","url":"https:\/\/talenti.si\/wp-content\/uploads\/2022\/01\/Janod-Kopalna-knjigica.jpg","contentUrl":"https:\/\/talenti.si\/wp-content\/uploads\/2022\/01\/Janod-Kopalna-knjigica.jpg","width":1000,"height":1000},{"@type":"BreadcrumbList","@id":"https:\/\/talenti.si\/it\/giocattoli\/giocattoli-per-i-piu-piccoli\/janod-libro-per-il-bagnetto-magia\/#breadcrumb","itemListElement":[{"@type":"ListItem","position":1,"name":"Home","item":"https:\/\/talenti.si\/it\/"},{"@type":"ListItem","position":2,"name":"Negozio","item":"https:\/\/talenti.si\/it\/negozio\/"},{"@type":"ListItem","position":3,"name":"Janod libro per il bagnetto Magia"}]},{"@type":"WebSite","@id":"https:\/\/talenti.si\/it\/#website","url":"https:\/\/talenti.si\/it\/","name":"Talenti.si","description":"Spletna trgovina za vse \u017eonglerje in podobne talente. Vse za \u017eongliranje, yoyo, frizbi, bumerang, kite... in \u0161e in \u0161e.","publisher":{"@id":"https:\/\/talenti.si\/it\/#organization"},"potentialAction":[{"@type":"SearchAction","target":{"@type":"EntryPoint","urlTemplate":"https:\/\/talenti.si\/it\/?s={search_term_string}"},"query-input":{"@type":"PropertyValueSpecification","valueRequired":true,"valueName":"search_term_string"}}],"inLanguage":"it-IT"},{"@type":"Organization","@id":"https:\/\/talenti.si\/it\/#organization","name":"Talenti.si","url":"https:\/\/talenti.si\/it\/","logo":{"@type":"ImageObject","inLanguage":"it-IT","@id":"https:\/\/talenti.si\/it\/#\/schema\/logo\/image\/","url":"https:\/\/talenti.si\/wp-content\/uploads\/2021\/12\/logo-talent-pravi-dark.png","contentUrl":"https:\/\/talenti.si\/wp-content\/uploads\/2021\/12\/logo-talent-pravi-dark.png","width":145,"height":83,"caption":"Talenti.si"},"image":{"@id":"https:\/\/talenti.si\/it\/#\/schema\/logo\/image\/"}}]}},"brands":[{"id":2075,"name":"Janod","slug":"janod-it"}],"_links":{"self":[{"href":"https:\/\/talenti.si\/it\/wp-json\/wp\/v2\/product\/27307","targetHints":{"allow":["GET"]}}],"collection":[{"href":"https:\/\/talenti.si\/it\/wp-json\/wp\/v2\/product"}],"about":[{"href":"https:\/\/talenti.si\/it\/wp-json\/wp\/v2\/types\/product"}],"replies":[{"embeddable":true,"href":"https:\/\/talenti.si\/it\/wp-json\/wp\/v2\/comments?post=27307"}],"wp:featuredmedia":[{"embeddable":true,"href":"https:\/\/talenti.si\/it\/wp-json\/wp\/v2\/media\/17071"}],"wp:attachment":[{"href":"https:\/\/talenti.si\/it\/wp-json\/wp\/v2\/media?parent=27307"}],"wp:term":[{"taxonomy":"pwb-brand","embeddable":true,"href":"https:\/\/talenti.si\/it\/wp-json\/wp\/v2\/pwb-brand?post=27307"},{"taxonomy":"product_brand","embeddable":true,"href":"https:\/\/talenti.si\/it\/wp-json\/wp\/v2\/product_brand?post=27307"},{"taxonomy":"product_cat","embeddable":true,"href":"https:\/\/talenti.si\/it\/wp-json\/wp\/v2\/product_cat?post=27307"},{"taxonomy":"product_tag","embeddable":true,"href":"https:\/\/talenti.si\/it\/wp-json\/wp\/v2\/product_tag?post=27307"}],"curies":[{"name":"wp","href":"https:\/\/api.w.org\/{rel}","templated":true}]}}