{"id":27582,"date":"2022-11-14T08:51:53","date_gmt":"2022-11-14T08:51:53","guid":{"rendered":"https:\/\/talenti.si\/senza-categoria\/sentosphere-diamond-canvas-colibri\/"},"modified":"2026-02-19T10:45:45","modified_gmt":"2026-02-19T10:45:45","slug":"sentosphere-diamond-canvas-colibri","status":"publish","type":"product","link":"https:\/\/talenti.si\/it\/varie\/creazione-ed-esplorazione\/sentosphere-diamond-canvas-colibri\/","title":{"rendered":"Sentosphere Diamond canvas Colibr\u00ec"},"content":{"rendered":"<div class=\"wpb-content-wrapper\"><p>[vc_row][vc_column][vc_column_text]Sentosphere propone un&#8217;altra tecnica creativa: il diamond painting. E&#8217; un&#8217;attivit\u00e0 antistress a base di mini strass per creare un bellissimo quadro di un gufo scintillante! Diamond painting assicura un risultato davvero sorprendente e altamente decorativo. E&#8217; facilissima e adatta a tutti. L&#8217;attivit\u00e0 consiste nel completare un&#8217;immagine con dei piccoli strass. E&#8217; sufficiente rimuovere la pellicola protettiva dalla tela prestampata e adesiva ed applicare gli strass seguendo le lettere gi\u00e0 predisposte. Ci si aiuta con l&#8217;apposita stilo presente nella confezione. Un&#8217;attivit\u00e0 antistress a base di mini strass per creare un bellissimo quadro di un gufo scintillante!<\/p>\n<div class=\"video-container responsive-embed widescreen\"><iframe loading=\"lazy\" title=\"DIY | Diamond Art \u2665 Canevas \u00e0 Diamanter\" width=\"900\" height=\"506\" src=\"https:\/\/www.youtube.com\/embed\/fJwhQ2vRR5s?feature=oembed\" frameborder=\"0\" allow=\"accelerometer; autoplay; clipboard-write; encrypted-media; gyroscope; picture-in-picture; web-share\" allowfullscreen><\/iframe><\/div>\n<p><strong>Caratteristiche:<\/strong><\/p>\n<ul>\n<li>Contiene: tela prestampata e adesiva + gli strass + stilo con il suo adesivo + vaschetta porta-strass + istruzioni<\/li>\n<li>Dimensioni dell&#8217;imballaggio: \u200e\u200e<strong>20,8<\/strong> x <strong>28<\/strong> x <strong>1,8<\/strong> cm<\/li>\n<li>Dimensioni della tela: <strong>16<\/strong> x <strong>16<\/strong> cm<\/li>\n<li>Et\u00e0 consigliata: <strong>8+<\/strong><\/li>\n<li>Made <strong>in France<\/strong><\/li>\n<\/ul>\n<p><strong style=\"font-size: 10px;\">ATTENZIONE!<\/strong><span style=\"font-size: 10px;\"> <\/span><span style=\"font-size: 10px;\">L&#8217;articolo non \u00e8 adatto ai bambini di et\u00e0 inferiore ai 3 anni. I piccoli pezzi sono pericolosi perch\u00e9 possono essere inalati o ingeriti. Prima di consegnare l\u2019articolo al bambino, rimuovi tutte le parti dell\u2019imballaggio. Salva queste informazioni per un utilizzo successivo.<\/span>[\/vc_column_text][\/vc_column][\/vc_row][vc_row][vc_column][vc_btn title=&#8221;ISTRUZIONI&#8221; css_animation=&#8221;bounceIn&#8221; css=&#8221;&#8221; link=&#8221;url:https%3A%2F%2Ftalenti.si%2Fwp-content%2Fuploads%2F2022%2F11%2FUstvarjalni-set-z-diamantnimi-kristalcki.pdf|title:Sentosphere%20Diamond%20canvas%20Colibr%C3%AC|target:_blank|&#8221;][\/vc_column][\/vc_row]<\/p>\n<\/div>","protected":false},"excerpt":{"rendered":"<p>[vc_row][vc_column][vc_column_text]Sentosphere propone un&#8217;altra tecnica creativa: il diamond painting. E&#8217; un&#8217;attivit\u00e0 antistress a base di mini strass per creare un bellissimo quadro di un gufo scintillante! Diamond painting assicura un risultato davvero sorprendente e altamente decorativo. E&#8217; facilissima e adatta a tutti. L&#8217;attivit\u00e0 consiste nel completare un&#8217;immagine con dei piccoli strass. E&#8217; sufficiente rimuovere la pellicola [&hellip;]<\/p>\n","protected":false},"featured_media":30206,"comment_status":"open","ping_status":"closed","template":"","meta":{"_acf_changed":false},"pwb-brand":[2107],"product_brand":[],"product_cat":[1762],"product_tag":[3290,3291,2960,2234,3265],"class_list":{"0":"post-27582","1":"product","2":"type-product","3":"status-publish","4":"has-post-thumbnail","6":"pwb-brand-sentosphere-it","7":"product_cat-creazione-ed-esplorazione","8":"product_tag-cristalli","9":"product_tag-diamant-it","10":"product_tag-giocattoli","11":"product_tag-libro-da-colorare","12":"product_tag-sentosphere-it","14":"first","15":"instock","16":"taxable","17":"shipping-taxable","18":"purchasable","19":"product-type-simple"},"acf":[],"yoast_head":"<!-- This site is optimized with the Yoast SEO plugin v25.8 - https:\/\/yoast.com\/wordpress\/plugins\/seo\/ -->\n<title>Sentosphere Diamond canvas Colibr\u00ec - Talenti.si<\/title>\n<meta name=\"description\" content=\"Sentosphere propone un&#039;altra tecnica creativa: il diamond painting. E&#039; un&#039;attivit\u00e0 antistress a base di mini strass per creare un bellissimo quadro di un gufo scintillante! Diamond painting assicura un risultato davvero sorprendente e altamente decorativo. E&#039; facilissima e adatta a tutti. L&#039;attivit\u00e0 consiste nel completare un&#039;immagine con dei piccoli strass. E&#039; sufficiente rimuovere la pellicola protettiva dalla tela prestampata e adesiva ed applicare gli strass seguendo le lettere gi\u00e0 predisposte. Ci si aiuta con l&#039;apposita stilo presente nella confezione. Un&#039;attivit\u00e0 antistress a base di mini strass per creare un bellissimo quadro di un gufo scintillante!\" \/>\n<meta name=\"robots\" content=\"index, follow, max-snippet:-1, max-image-preview:large, max-video-preview:-1\" \/>\n<link rel=\"canonical\" href=\"https:\/\/talenti.si\/it\/varie\/creazione-ed-esplorazione\/sentosphere-diamond-canvas-colibri\/\" \/>\n<meta property=\"og:locale\" content=\"it_IT\" \/>\n<meta property=\"og:type\" content=\"article\" \/>\n<meta property=\"og:title\" content=\"Sentosphere Diamond canvas Colibr\u00ec - Talenti.si\" \/>\n<meta property=\"og:description\" content=\"Sentosphere propone un&#039;altra tecnica creativa: il diamond painting. E&#039; un&#039;attivit\u00e0 antistress a base di mini strass per creare un bellissimo quadro di un gufo scintillante! Diamond painting assicura un risultato davvero sorprendente e altamente decorativo. E&#039; facilissima e adatta a tutti. L&#039;attivit\u00e0 consiste nel completare un&#039;immagine con dei piccoli strass. E&#039; sufficiente rimuovere la pellicola protettiva dalla tela prestampata e adesiva ed applicare gli strass seguendo le lettere gi\u00e0 predisposte. Ci si aiuta con l&#039;apposita stilo presente nella confezione. Un&#039;attivit\u00e0 antistress a base di mini strass per creare un bellissimo quadro di un gufo scintillante!\" \/>\n<meta property=\"og:url\" content=\"https:\/\/talenti.si\/it\/varie\/creazione-ed-esplorazione\/sentosphere-diamond-canvas-colibri\/\" \/>\n<meta property=\"og:site_name\" content=\"Talenti.si\" \/>\n<meta property=\"article:modified_time\" content=\"2026-02-19T10:45:45+00:00\" \/>\n<meta property=\"og:image\" content=\"https:\/\/talenti.si\/wp-content\/uploads\/2022\/11\/F910CA04-EE46-40CE-B499-6EB0921B9940.jpeg\" \/>\n\t<meta property=\"og:image:width\" content=\"2000\" \/>\n\t<meta property=\"og:image:height\" content=\"2000\" \/>\n\t<meta property=\"og:image:type\" content=\"image\/jpeg\" \/>\n<meta name=\"twitter:card\" content=\"summary_large_image\" \/>\n<meta name=\"twitter:label1\" content=\"Tempo di lettura stimato\" \/>\n\t<meta name=\"twitter:data1\" content=\"1 minuto\" \/>\n<script type=\"application\/ld+json\" class=\"yoast-schema-graph\">{\"@context\":\"https:\/\/schema.org\",\"@graph\":[{\"@type\":\"WebPage\",\"@id\":\"https:\/\/talenti.si\/it\/varie\/creazione-ed-esplorazione\/sentosphere-diamond-canvas-colibri\/\",\"url\":\"https:\/\/talenti.si\/it\/varie\/creazione-ed-esplorazione\/sentosphere-diamond-canvas-colibri\/\",\"name\":\"Sentosphere Diamond canvas Colibr\u00ec - Talenti.si\",\"isPartOf\":{\"@id\":\"https:\/\/talenti.si\/it\/#website\"},\"primaryImageOfPage\":{\"@id\":\"https:\/\/talenti.si\/it\/varie\/creazione-ed-esplorazione\/sentosphere-diamond-canvas-colibri\/#primaryimage\"},\"image\":{\"@id\":\"https:\/\/talenti.si\/it\/varie\/creazione-ed-esplorazione\/sentosphere-diamond-canvas-colibri\/#primaryimage\"},\"thumbnailUrl\":\"https:\/\/talenti.si\/wp-content\/uploads\/2022\/11\/F910CA04-EE46-40CE-B499-6EB0921B9940.jpeg\",\"datePublished\":\"2022-11-14T08:51:53+00:00\",\"dateModified\":\"2026-02-19T10:45:45+00:00\",\"description\":\"Sentosphere propone un'altra tecnica creativa: il diamond painting. E' un'attivit\u00e0 antistress a base di mini strass per creare un bellissimo quadro di un gufo scintillante! Diamond painting assicura un risultato davvero sorprendente e altamente decorativo. E' facilissima e adatta a tutti. L'attivit\u00e0 consiste nel completare un'immagine con dei piccoli strass. E' sufficiente rimuovere la pellicola protettiva dalla tela prestampata e adesiva ed applicare gli strass seguendo le lettere gi\u00e0 predisposte. Ci si aiuta con l'apposita stilo presente nella confezione. Un'attivit\u00e0 antistress a base di mini strass per creare un bellissimo quadro di un gufo scintillante!\",\"breadcrumb\":{\"@id\":\"https:\/\/talenti.si\/it\/varie\/creazione-ed-esplorazione\/sentosphere-diamond-canvas-colibri\/#breadcrumb\"},\"inLanguage\":\"it-IT\",\"potentialAction\":[{\"@type\":\"ReadAction\",\"target\":[\"https:\/\/talenti.si\/it\/varie\/creazione-ed-esplorazione\/sentosphere-diamond-canvas-colibri\/\"]}]},{\"@type\":\"ImageObject\",\"inLanguage\":\"it-IT\",\"@id\":\"https:\/\/talenti.si\/it\/varie\/creazione-ed-esplorazione\/sentosphere-diamond-canvas-colibri\/#primaryimage\",\"url\":\"https:\/\/talenti.si\/wp-content\/uploads\/2022\/11\/F910CA04-EE46-40CE-B499-6EB0921B9940.jpeg\",\"contentUrl\":\"https:\/\/talenti.si\/wp-content\/uploads\/2022\/11\/F910CA04-EE46-40CE-B499-6EB0921B9940.jpeg\",\"width\":2000,\"height\":2000},{\"@type\":\"BreadcrumbList\",\"@id\":\"https:\/\/talenti.si\/it\/varie\/creazione-ed-esplorazione\/sentosphere-diamond-canvas-colibri\/#breadcrumb\",\"itemListElement\":[{\"@type\":\"ListItem\",\"position\":1,\"name\":\"Home\",\"item\":\"https:\/\/talenti.si\/it\/\"},{\"@type\":\"ListItem\",\"position\":2,\"name\":\"Negozio\",\"item\":\"https:\/\/talenti.si\/it\/negozio\/\"},{\"@type\":\"ListItem\",\"position\":3,\"name\":\"Sentosphere Diamond canvas Colibr\u00ec\"}]},{\"@type\":\"WebSite\",\"@id\":\"https:\/\/talenti.si\/it\/#website\",\"url\":\"https:\/\/talenti.si\/it\/\",\"name\":\"Talenti.si\",\"description\":\"Spletna trgovina za vse \u017eonglerje in podobne talente. Vse za \u017eongliranje, yoyo, frizbi, bumerang, kite... in \u0161e in \u0161e.\",\"publisher\":{\"@id\":\"https:\/\/talenti.si\/it\/#organization\"},\"potentialAction\":[{\"@type\":\"SearchAction\",\"target\":{\"@type\":\"EntryPoint\",\"urlTemplate\":\"https:\/\/talenti.si\/it\/?s={search_term_string}\"},\"query-input\":{\"@type\":\"PropertyValueSpecification\",\"valueRequired\":true,\"valueName\":\"search_term_string\"}}],\"inLanguage\":\"it-IT\"},{\"@type\":\"Organization\",\"@id\":\"https:\/\/talenti.si\/it\/#organization\",\"name\":\"Talenti.si\",\"url\":\"https:\/\/talenti.si\/it\/\",\"logo\":{\"@type\":\"ImageObject\",\"inLanguage\":\"it-IT\",\"@id\":\"https:\/\/talenti.si\/it\/#\/schema\/logo\/image\/\",\"url\":\"https:\/\/talenti.si\/wp-content\/uploads\/2021\/12\/logo-talent-pravi-dark.png\",\"contentUrl\":\"https:\/\/talenti.si\/wp-content\/uploads\/2021\/12\/logo-talent-pravi-dark.png\",\"width\":145,\"height\":83,\"caption\":\"Talenti.si\"},\"image\":{\"@id\":\"https:\/\/talenti.si\/it\/#\/schema\/logo\/image\/\"}}]}<\/script>\n<!-- \/ Yoast SEO plugin. -->","yoast_head_json":{"title":"Sentosphere Diamond canvas Colibr\u00ec - Talenti.si","description":"Sentosphere propone un'altra tecnica creativa: il diamond painting. E' un'attivit\u00e0 antistress a base di mini strass per creare un bellissimo quadro di un gufo scintillante! Diamond painting assicura un risultato davvero sorprendente e altamente decorativo. E' facilissima e adatta a tutti. L'attivit\u00e0 consiste nel completare un'immagine con dei piccoli strass. E' sufficiente rimuovere la pellicola protettiva dalla tela prestampata e adesiva ed applicare gli strass seguendo le lettere gi\u00e0 predisposte. Ci si aiuta con l'apposita stilo presente nella confezione. Un'attivit\u00e0 antistress a base di mini strass per creare un bellissimo quadro di un gufo scintillante!","robots":{"index":"index","follow":"follow","max-snippet":"max-snippet:-1","max-image-preview":"max-image-preview:large","max-video-preview":"max-video-preview:-1"},"canonical":"https:\/\/talenti.si\/it\/varie\/creazione-ed-esplorazione\/sentosphere-diamond-canvas-colibri\/","og_locale":"it_IT","og_type":"article","og_title":"Sentosphere Diamond canvas Colibr\u00ec - Talenti.si","og_description":"Sentosphere propone un'altra tecnica creativa: il diamond painting. E' un'attivit\u00e0 antistress a base di mini strass per creare un bellissimo quadro di un gufo scintillante! Diamond painting assicura un risultato davvero sorprendente e altamente decorativo. E' facilissima e adatta a tutti. L'attivit\u00e0 consiste nel completare un'immagine con dei piccoli strass. E' sufficiente rimuovere la pellicola protettiva dalla tela prestampata e adesiva ed applicare gli strass seguendo le lettere gi\u00e0 predisposte. Ci si aiuta con l'apposita stilo presente nella confezione. Un'attivit\u00e0 antistress a base di mini strass per creare un bellissimo quadro di un gufo scintillante!","og_url":"https:\/\/talenti.si\/it\/varie\/creazione-ed-esplorazione\/sentosphere-diamond-canvas-colibri\/","og_site_name":"Talenti.si","article_modified_time":"2026-02-19T10:45:45+00:00","og_image":[{"width":2000,"height":2000,"url":"https:\/\/talenti.si\/wp-content\/uploads\/2022\/11\/F910CA04-EE46-40CE-B499-6EB0921B9940.jpeg","type":"image\/jpeg"}],"twitter_card":"summary_large_image","twitter_misc":{"Tempo di lettura stimato":"1 minuto"},"schema":{"@context":"https:\/\/schema.org","@graph":[{"@type":"WebPage","@id":"https:\/\/talenti.si\/it\/varie\/creazione-ed-esplorazione\/sentosphere-diamond-canvas-colibri\/","url":"https:\/\/talenti.si\/it\/varie\/creazione-ed-esplorazione\/sentosphere-diamond-canvas-colibri\/","name":"Sentosphere Diamond canvas Colibr\u00ec - Talenti.si","isPartOf":{"@id":"https:\/\/talenti.si\/it\/#website"},"primaryImageOfPage":{"@id":"https:\/\/talenti.si\/it\/varie\/creazione-ed-esplorazione\/sentosphere-diamond-canvas-colibri\/#primaryimage"},"image":{"@id":"https:\/\/talenti.si\/it\/varie\/creazione-ed-esplorazione\/sentosphere-diamond-canvas-colibri\/#primaryimage"},"thumbnailUrl":"https:\/\/talenti.si\/wp-content\/uploads\/2022\/11\/F910CA04-EE46-40CE-B499-6EB0921B9940.jpeg","datePublished":"2022-11-14T08:51:53+00:00","dateModified":"2026-02-19T10:45:45+00:00","description":"Sentosphere propone un'altra tecnica creativa: il diamond painting. E' un'attivit\u00e0 antistress a base di mini strass per creare un bellissimo quadro di un gufo scintillante! Diamond painting assicura un risultato davvero sorprendente e altamente decorativo. E' facilissima e adatta a tutti. L'attivit\u00e0 consiste nel completare un'immagine con dei piccoli strass. E' sufficiente rimuovere la pellicola protettiva dalla tela prestampata e adesiva ed applicare gli strass seguendo le lettere gi\u00e0 predisposte. Ci si aiuta con l'apposita stilo presente nella confezione. Un'attivit\u00e0 antistress a base di mini strass per creare un bellissimo quadro di un gufo scintillante!","breadcrumb":{"@id":"https:\/\/talenti.si\/it\/varie\/creazione-ed-esplorazione\/sentosphere-diamond-canvas-colibri\/#breadcrumb"},"inLanguage":"it-IT","potentialAction":[{"@type":"ReadAction","target":["https:\/\/talenti.si\/it\/varie\/creazione-ed-esplorazione\/sentosphere-diamond-canvas-colibri\/"]}]},{"@type":"ImageObject","inLanguage":"it-IT","@id":"https:\/\/talenti.si\/it\/varie\/creazione-ed-esplorazione\/sentosphere-diamond-canvas-colibri\/#primaryimage","url":"https:\/\/talenti.si\/wp-content\/uploads\/2022\/11\/F910CA04-EE46-40CE-B499-6EB0921B9940.jpeg","contentUrl":"https:\/\/talenti.si\/wp-content\/uploads\/2022\/11\/F910CA04-EE46-40CE-B499-6EB0921B9940.jpeg","width":2000,"height":2000},{"@type":"BreadcrumbList","@id":"https:\/\/talenti.si\/it\/varie\/creazione-ed-esplorazione\/sentosphere-diamond-canvas-colibri\/#breadcrumb","itemListElement":[{"@type":"ListItem","position":1,"name":"Home","item":"https:\/\/talenti.si\/it\/"},{"@type":"ListItem","position":2,"name":"Negozio","item":"https:\/\/talenti.si\/it\/negozio\/"},{"@type":"ListItem","position":3,"name":"Sentosphere Diamond canvas Colibr\u00ec"}]},{"@type":"WebSite","@id":"https:\/\/talenti.si\/it\/#website","url":"https:\/\/talenti.si\/it\/","name":"Talenti.si","description":"Spletna trgovina za vse \u017eonglerje in podobne talente. Vse za \u017eongliranje, yoyo, frizbi, bumerang, kite... in \u0161e in \u0161e.","publisher":{"@id":"https:\/\/talenti.si\/it\/#organization"},"potentialAction":[{"@type":"SearchAction","target":{"@type":"EntryPoint","urlTemplate":"https:\/\/talenti.si\/it\/?s={search_term_string}"},"query-input":{"@type":"PropertyValueSpecification","valueRequired":true,"valueName":"search_term_string"}}],"inLanguage":"it-IT"},{"@type":"Organization","@id":"https:\/\/talenti.si\/it\/#organization","name":"Talenti.si","url":"https:\/\/talenti.si\/it\/","logo":{"@type":"ImageObject","inLanguage":"it-IT","@id":"https:\/\/talenti.si\/it\/#\/schema\/logo\/image\/","url":"https:\/\/talenti.si\/wp-content\/uploads\/2021\/12\/logo-talent-pravi-dark.png","contentUrl":"https:\/\/talenti.si\/wp-content\/uploads\/2021\/12\/logo-talent-pravi-dark.png","width":145,"height":83,"caption":"Talenti.si"},"image":{"@id":"https:\/\/talenti.si\/it\/#\/schema\/logo\/image\/"}}]}},"brands":[{"id":2107,"name":"Sentosphere","slug":"sentosphere-it"}],"_links":{"self":[{"href":"https:\/\/talenti.si\/it\/wp-json\/wp\/v2\/product\/27582","targetHints":{"allow":["GET"]}}],"collection":[{"href":"https:\/\/talenti.si\/it\/wp-json\/wp\/v2\/product"}],"about":[{"href":"https:\/\/talenti.si\/it\/wp-json\/wp\/v2\/types\/product"}],"replies":[{"embeddable":true,"href":"https:\/\/talenti.si\/it\/wp-json\/wp\/v2\/comments?post=27582"}],"wp:featuredmedia":[{"embeddable":true,"href":"https:\/\/talenti.si\/it\/wp-json\/wp\/v2\/media\/30206"}],"wp:attachment":[{"href":"https:\/\/talenti.si\/it\/wp-json\/wp\/v2\/media?parent=27582"}],"wp:term":[{"taxonomy":"pwb-brand","embeddable":true,"href":"https:\/\/talenti.si\/it\/wp-json\/wp\/v2\/pwb-brand?post=27582"},{"taxonomy":"product_brand","embeddable":true,"href":"https:\/\/talenti.si\/it\/wp-json\/wp\/v2\/product_brand?post=27582"},{"taxonomy":"product_cat","embeddable":true,"href":"https:\/\/talenti.si\/it\/wp-json\/wp\/v2\/product_cat?post=27582"},{"taxonomy":"product_tag","embeddable":true,"href":"https:\/\/talenti.si\/it\/wp-json\/wp\/v2\/product_tag?post=27582"}],"curies":[{"name":"wp","href":"https:\/\/api.w.org\/{rel}","templated":true}]}}