{"id":27628,"date":"2022-05-03T19:34:00","date_gmt":"2022-05-03T19:34:00","guid":{"rendered":"https:\/\/talenti.si\/senza-categoria\/sentosphere-la-chimica-dello-slime\/"},"modified":"2023-11-23T10:15:21","modified_gmt":"2023-11-23T10:15:21","slug":"sentosphere-la-chimica-dello-slime","status":"publish","type":"product","link":"https:\/\/talenti.si\/it\/varie\/creazione-ed-esplorazione\/sentosphere-la-chimica-dello-slime\/","title":{"rendered":"Sentosphere La chimica dello slime"},"content":{"rendered":"<div class=\"wpb-content-wrapper\"><p>[vc_row][vc_column][vc_column_text]<strong>Risvegliate la creativit\u00e0 artistica in voi!<\/strong><\/p>\n<p>Realizza lo slime in versione dorato, argentato, sabbioso granulato e profumato. Con questo set scientifico, i piccoli potranno creare slime straordinari!<\/p>\n<p><em>Lo slime \u00e8 realizzato con polvere di gomma naturale non tossica e coloranti cosmetici e testato sotto stretto controllo medico<\/em> <em>secondo gli standard combinati di giocattoli e cosmetici. Contiene ingredienti e formule sicuri per la pelle dei bambini.<\/em><\/p>\n<div class=\"video-container responsive-embed widescreen\"><iframe loading=\"lazy\" title=\"DIY | La Chimie du SLIME : l&#039;atelier pour faire des Slimes \u00e0 base de gommes NATURELLES\" width=\"900\" height=\"506\" src=\"https:\/\/www.youtube.com\/embed\/2CoqE42XJN0?feature=oembed\" frameborder=\"0\" allow=\"accelerometer; autoplay; clipboard-write; encrypted-media; gyroscope; picture-in-picture; web-share\" allowfullscreen><\/iframe><\/div>\n<p><strong>Caratteristiche:<\/strong><\/p>\n<ul>\n<li>Contiene: <strong>40<\/strong> g di Slime in polvere + <strong>6<\/strong> scatole + foglio di trasferimento + <strong>4<\/strong> colori cosmetici profumati + colorante fosforescente e profumato + istruzioni<\/li>\n<li>Dimensioni dell&#8217;imballaggio: <strong>20,5<\/strong> cm x <strong>25<\/strong> cm x <strong>6,3<\/strong> cm<\/li>\n<li>Et\u00e0 consigliata: <b>8+<\/b><\/li>\n<li>Made <strong>in France<\/strong><\/li>\n<\/ul>\n<p><strong style=\"font-size: 10px;\">ATTENZIONE!<\/strong><span style=\"font-size: 10px;\"> <\/span><span style=\"font-size: 10px;\">L&#8217;articolo non \u00e8 adatto ai bambini di et\u00e0 inferiore ai 3 anni. I piccoli pezzi sono pericolosi perch\u00e9 possono essere inalati o ingeriti. Prima di consegnare l\u2019articolo al bambino, rimuovi tutte le parti dell\u2019imballaggio. Salva queste informazioni per un utilizzo successivo.<\/span>[\/vc_column_text][\/vc_column][\/vc_row][vc_row][vc_column][vc_btn title=&#8221;ISTRUZIONI&#8221; css_animation=&#8221;bounceIn&#8221; link=&#8221;url:https%3A%2F%2Ftalenti.si%2Fwp-content%2Fuploads%2F2022%2F05%2FUstvarjalni-set-za-izdelavo-sluzi-2.pdf|title:istruzioni%20slime|target:_blank|&#8221;][\/vc_column][\/vc_row]<\/p>\n<\/div>","protected":false},"excerpt":{"rendered":"<p>[vc_row][vc_column][vc_column_text]Risvegliate la creativit\u00e0 artistica in voi! Realizza lo slime in versione dorato, argentato, sabbioso granulato e profumato. Con questo set scientifico, i piccoli potranno creare slime straordinari! Lo slime \u00e8 realizzato con polvere di gomma naturale non tossica e coloranti cosmetici e testato sotto stretto controllo medico secondo gli standard combinati di giocattoli e cosmetici. [&hellip;]<\/p>\n","protected":false},"featured_media":39215,"comment_status":"open","ping_status":"closed","template":"","meta":{"_acf_changed":false},"pwb-brand":[2107],"product_brand":[],"product_cat":[1762],"product_tag":[2949,2216,2413,3265,2210],"class_list":{"0":"post-27628","1":"product","2":"type-product","3":"status-publish","4":"has-post-thumbnail","6":"pwb-brand-sentosphere-it","7":"product_cat-creazione-ed-esplorazione","8":"product_tag-bambini-it","9":"product_tag-divertimento","10":"product_tag-giochi-creativi","11":"product_tag-sentosphere-it","12":"product_tag-tempo-libero","14":"first","15":"instock","16":"taxable","17":"shipping-taxable","18":"purchasable","19":"product-type-simple"},"acf":[],"yoast_head":"<!-- This site is optimized with the Yoast SEO plugin v25.8 - https:\/\/yoast.com\/wordpress\/plugins\/seo\/ -->\n<title>Sentosphere La chimica dello slime - Talenti.si<\/title>\n<meta name=\"description\" content=\"Realizza lo slime in versione dorato, argentato, sabbioso granulato e profumato.\" \/>\n<meta name=\"robots\" content=\"index, follow, max-snippet:-1, max-image-preview:large, max-video-preview:-1\" \/>\n<link rel=\"canonical\" href=\"https:\/\/talenti.si\/it\/varie\/creazione-ed-esplorazione\/sentosphere-la-chimica-dello-slime\/\" \/>\n<meta property=\"og:locale\" content=\"it_IT\" \/>\n<meta property=\"og:type\" content=\"article\" \/>\n<meta property=\"og:title\" content=\"Sentosphere La chimica dello slime - Talenti.si\" \/>\n<meta property=\"og:description\" content=\"Realizza lo slime in versione dorato, argentato, sabbioso granulato e profumato.\" \/>\n<meta property=\"og:url\" content=\"https:\/\/talenti.si\/it\/varie\/creazione-ed-esplorazione\/sentosphere-la-chimica-dello-slime\/\" \/>\n<meta property=\"og:site_name\" content=\"Talenti.si\" \/>\n<meta property=\"article:modified_time\" content=\"2023-11-23T10:15:21+00:00\" \/>\n<meta property=\"og:image\" content=\"https:\/\/talenti.si\/wp-content\/uploads\/2022\/05\/ustvarjalni-set-za-izdelavo-sluzi.jpg\" \/>\n\t<meta property=\"og:image:width\" content=\"800\" \/>\n\t<meta property=\"og:image:height\" content=\"800\" \/>\n\t<meta property=\"og:image:type\" content=\"image\/jpeg\" \/>\n<meta name=\"twitter:card\" content=\"summary_large_image\" \/>\n<meta name=\"twitter:label1\" content=\"Tempo di lettura stimato\" \/>\n\t<meta name=\"twitter:data1\" content=\"1 minuto\" \/>\n<script type=\"application\/ld+json\" class=\"yoast-schema-graph\">{\"@context\":\"https:\/\/schema.org\",\"@graph\":[{\"@type\":\"WebPage\",\"@id\":\"https:\/\/talenti.si\/it\/varie\/creazione-ed-esplorazione\/sentosphere-la-chimica-dello-slime\/\",\"url\":\"https:\/\/talenti.si\/it\/varie\/creazione-ed-esplorazione\/sentosphere-la-chimica-dello-slime\/\",\"name\":\"Sentosphere La chimica dello slime - Talenti.si\",\"isPartOf\":{\"@id\":\"https:\/\/talenti.si\/it\/#website\"},\"primaryImageOfPage\":{\"@id\":\"https:\/\/talenti.si\/it\/varie\/creazione-ed-esplorazione\/sentosphere-la-chimica-dello-slime\/#primaryimage\"},\"image\":{\"@id\":\"https:\/\/talenti.si\/it\/varie\/creazione-ed-esplorazione\/sentosphere-la-chimica-dello-slime\/#primaryimage\"},\"thumbnailUrl\":\"https:\/\/talenti.si\/wp-content\/uploads\/2022\/05\/izdelava-sluzi-sentosphere.jpg\",\"datePublished\":\"2022-05-03T19:34:00+00:00\",\"dateModified\":\"2023-11-23T10:15:21+00:00\",\"description\":\"Realizza lo slime in versione dorato, argentato, sabbioso granulato e profumato.\",\"breadcrumb\":{\"@id\":\"https:\/\/talenti.si\/it\/varie\/creazione-ed-esplorazione\/sentosphere-la-chimica-dello-slime\/#breadcrumb\"},\"inLanguage\":\"it-IT\",\"potentialAction\":[{\"@type\":\"ReadAction\",\"target\":[\"https:\/\/talenti.si\/it\/varie\/creazione-ed-esplorazione\/sentosphere-la-chimica-dello-slime\/\"]}]},{\"@type\":\"ImageObject\",\"inLanguage\":\"it-IT\",\"@id\":\"https:\/\/talenti.si\/it\/varie\/creazione-ed-esplorazione\/sentosphere-la-chimica-dello-slime\/#primaryimage\",\"url\":\"https:\/\/talenti.si\/wp-content\/uploads\/2022\/05\/izdelava-sluzi-sentosphere.jpg\",\"contentUrl\":\"https:\/\/talenti.si\/wp-content\/uploads\/2022\/05\/izdelava-sluzi-sentosphere.jpg\",\"width\":800,\"height\":800},{\"@type\":\"BreadcrumbList\",\"@id\":\"https:\/\/talenti.si\/it\/varie\/creazione-ed-esplorazione\/sentosphere-la-chimica-dello-slime\/#breadcrumb\",\"itemListElement\":[{\"@type\":\"ListItem\",\"position\":1,\"name\":\"Home\",\"item\":\"https:\/\/talenti.si\/it\/\"},{\"@type\":\"ListItem\",\"position\":2,\"name\":\"Negozio\",\"item\":\"https:\/\/talenti.si\/it\/negozio\/\"},{\"@type\":\"ListItem\",\"position\":3,\"name\":\"Sentosphere La chimica dello slime\"}]},{\"@type\":\"WebSite\",\"@id\":\"https:\/\/talenti.si\/it\/#website\",\"url\":\"https:\/\/talenti.si\/it\/\",\"name\":\"Talenti.si\",\"description\":\"Spletna trgovina za vse \u017eonglerje in podobne talente. Vse za \u017eongliranje, yoyo, frizbi, bumerang, kite... in \u0161e in \u0161e.\",\"publisher\":{\"@id\":\"https:\/\/talenti.si\/it\/#organization\"},\"potentialAction\":[{\"@type\":\"SearchAction\",\"target\":{\"@type\":\"EntryPoint\",\"urlTemplate\":\"https:\/\/talenti.si\/it\/?s={search_term_string}\"},\"query-input\":{\"@type\":\"PropertyValueSpecification\",\"valueRequired\":true,\"valueName\":\"search_term_string\"}}],\"inLanguage\":\"it-IT\"},{\"@type\":\"Organization\",\"@id\":\"https:\/\/talenti.si\/it\/#organization\",\"name\":\"Talenti.si\",\"url\":\"https:\/\/talenti.si\/it\/\",\"logo\":{\"@type\":\"ImageObject\",\"inLanguage\":\"it-IT\",\"@id\":\"https:\/\/talenti.si\/it\/#\/schema\/logo\/image\/\",\"url\":\"https:\/\/talenti.si\/wp-content\/uploads\/2021\/12\/logo-talent-pravi-dark.png\",\"contentUrl\":\"https:\/\/talenti.si\/wp-content\/uploads\/2021\/12\/logo-talent-pravi-dark.png\",\"width\":145,\"height\":83,\"caption\":\"Talenti.si\"},\"image\":{\"@id\":\"https:\/\/talenti.si\/it\/#\/schema\/logo\/image\/\"}}]}<\/script>\n<!-- \/ Yoast SEO plugin. -->","yoast_head_json":{"title":"Sentosphere La chimica dello slime - Talenti.si","description":"Realizza lo slime in versione dorato, argentato, sabbioso granulato e profumato.","robots":{"index":"index","follow":"follow","max-snippet":"max-snippet:-1","max-image-preview":"max-image-preview:large","max-video-preview":"max-video-preview:-1"},"canonical":"https:\/\/talenti.si\/it\/varie\/creazione-ed-esplorazione\/sentosphere-la-chimica-dello-slime\/","og_locale":"it_IT","og_type":"article","og_title":"Sentosphere La chimica dello slime - Talenti.si","og_description":"Realizza lo slime in versione dorato, argentato, sabbioso granulato e profumato.","og_url":"https:\/\/talenti.si\/it\/varie\/creazione-ed-esplorazione\/sentosphere-la-chimica-dello-slime\/","og_site_name":"Talenti.si","article_modified_time":"2023-11-23T10:15:21+00:00","og_image":[{"width":800,"height":800,"url":"https:\/\/talenti.si\/wp-content\/uploads\/2022\/05\/ustvarjalni-set-za-izdelavo-sluzi.jpg","type":"image\/jpeg"}],"twitter_card":"summary_large_image","twitter_misc":{"Tempo di lettura stimato":"1 minuto"},"schema":{"@context":"https:\/\/schema.org","@graph":[{"@type":"WebPage","@id":"https:\/\/talenti.si\/it\/varie\/creazione-ed-esplorazione\/sentosphere-la-chimica-dello-slime\/","url":"https:\/\/talenti.si\/it\/varie\/creazione-ed-esplorazione\/sentosphere-la-chimica-dello-slime\/","name":"Sentosphere La chimica dello slime - Talenti.si","isPartOf":{"@id":"https:\/\/talenti.si\/it\/#website"},"primaryImageOfPage":{"@id":"https:\/\/talenti.si\/it\/varie\/creazione-ed-esplorazione\/sentosphere-la-chimica-dello-slime\/#primaryimage"},"image":{"@id":"https:\/\/talenti.si\/it\/varie\/creazione-ed-esplorazione\/sentosphere-la-chimica-dello-slime\/#primaryimage"},"thumbnailUrl":"https:\/\/talenti.si\/wp-content\/uploads\/2022\/05\/izdelava-sluzi-sentosphere.jpg","datePublished":"2022-05-03T19:34:00+00:00","dateModified":"2023-11-23T10:15:21+00:00","description":"Realizza lo slime in versione dorato, argentato, sabbioso granulato e profumato.","breadcrumb":{"@id":"https:\/\/talenti.si\/it\/varie\/creazione-ed-esplorazione\/sentosphere-la-chimica-dello-slime\/#breadcrumb"},"inLanguage":"it-IT","potentialAction":[{"@type":"ReadAction","target":["https:\/\/talenti.si\/it\/varie\/creazione-ed-esplorazione\/sentosphere-la-chimica-dello-slime\/"]}]},{"@type":"ImageObject","inLanguage":"it-IT","@id":"https:\/\/talenti.si\/it\/varie\/creazione-ed-esplorazione\/sentosphere-la-chimica-dello-slime\/#primaryimage","url":"https:\/\/talenti.si\/wp-content\/uploads\/2022\/05\/izdelava-sluzi-sentosphere.jpg","contentUrl":"https:\/\/talenti.si\/wp-content\/uploads\/2022\/05\/izdelava-sluzi-sentosphere.jpg","width":800,"height":800},{"@type":"BreadcrumbList","@id":"https:\/\/talenti.si\/it\/varie\/creazione-ed-esplorazione\/sentosphere-la-chimica-dello-slime\/#breadcrumb","itemListElement":[{"@type":"ListItem","position":1,"name":"Home","item":"https:\/\/talenti.si\/it\/"},{"@type":"ListItem","position":2,"name":"Negozio","item":"https:\/\/talenti.si\/it\/negozio\/"},{"@type":"ListItem","position":3,"name":"Sentosphere La chimica dello slime"}]},{"@type":"WebSite","@id":"https:\/\/talenti.si\/it\/#website","url":"https:\/\/talenti.si\/it\/","name":"Talenti.si","description":"Spletna trgovina za vse \u017eonglerje in podobne talente. Vse za \u017eongliranje, yoyo, frizbi, bumerang, kite... in \u0161e in \u0161e.","publisher":{"@id":"https:\/\/talenti.si\/it\/#organization"},"potentialAction":[{"@type":"SearchAction","target":{"@type":"EntryPoint","urlTemplate":"https:\/\/talenti.si\/it\/?s={search_term_string}"},"query-input":{"@type":"PropertyValueSpecification","valueRequired":true,"valueName":"search_term_string"}}],"inLanguage":"it-IT"},{"@type":"Organization","@id":"https:\/\/talenti.si\/it\/#organization","name":"Talenti.si","url":"https:\/\/talenti.si\/it\/","logo":{"@type":"ImageObject","inLanguage":"it-IT","@id":"https:\/\/talenti.si\/it\/#\/schema\/logo\/image\/","url":"https:\/\/talenti.si\/wp-content\/uploads\/2021\/12\/logo-talent-pravi-dark.png","contentUrl":"https:\/\/talenti.si\/wp-content\/uploads\/2021\/12\/logo-talent-pravi-dark.png","width":145,"height":83,"caption":"Talenti.si"},"image":{"@id":"https:\/\/talenti.si\/it\/#\/schema\/logo\/image\/"}}]}},"brands":[{"id":2107,"name":"Sentosphere","slug":"sentosphere-it"}],"_links":{"self":[{"href":"https:\/\/talenti.si\/it\/wp-json\/wp\/v2\/product\/27628","targetHints":{"allow":["GET"]}}],"collection":[{"href":"https:\/\/talenti.si\/it\/wp-json\/wp\/v2\/product"}],"about":[{"href":"https:\/\/talenti.si\/it\/wp-json\/wp\/v2\/types\/product"}],"replies":[{"embeddable":true,"href":"https:\/\/talenti.si\/it\/wp-json\/wp\/v2\/comments?post=27628"}],"wp:featuredmedia":[{"embeddable":true,"href":"https:\/\/talenti.si\/it\/wp-json\/wp\/v2\/media\/39215"}],"wp:attachment":[{"href":"https:\/\/talenti.si\/it\/wp-json\/wp\/v2\/media?parent=27628"}],"wp:term":[{"taxonomy":"pwb-brand","embeddable":true,"href":"https:\/\/talenti.si\/it\/wp-json\/wp\/v2\/pwb-brand?post=27628"},{"taxonomy":"product_brand","embeddable":true,"href":"https:\/\/talenti.si\/it\/wp-json\/wp\/v2\/product_brand?post=27628"},{"taxonomy":"product_cat","embeddable":true,"href":"https:\/\/talenti.si\/it\/wp-json\/wp\/v2\/product_cat?post=27628"},{"taxonomy":"product_tag","embeddable":true,"href":"https:\/\/talenti.si\/it\/wp-json\/wp\/v2\/product_tag?post=27628"}],"curies":[{"name":"wp","href":"https:\/\/api.w.org\/{rel}","templated":true}]}}