{"id":27791,"date":"2022-10-03T10:27:27","date_gmt":"2022-10-03T10:27:27","guid":{"rendered":"https:\/\/talenti.si\/senza-categoria\/sonic-the-hedgehog-set\/"},"modified":"2022-10-03T10:27:27","modified_gmt":"2022-10-03T10:27:27","slug":"sonic-the-hedgehog-set","status":"publish","type":"product","link":"https:\/\/talenti.si\/it\/giocattoli\/figurine-in-miniatura\/sonic-the-hedgehog-set\/","title":{"rendered":"Sonic the Hedgehog Set"},"content":{"rendered":"<p>Figurine accuratamente realizzate da un cartone animato popolare Sonic the Hedgehog.<br \/>\nIl set contiene i seguenti personaggi dei cartoni animati: Sonic, Shadow, Kunckles e Tails.<\/p>\n<div class=\"video-container responsive-embed widescreen\"><iframe loading=\"lazy\" title=\"Sonic the Hedgehog 2 (2022) - &quot;Final Trailer&quot; - Paramount Pictures\" width=\"900\" height=\"506\" src=\"https:\/\/www.youtube.com\/embed\/47r8FXYZWNU?feature=oembed\" frameborder=\"0\" allow=\"accelerometer; autoplay; clipboard-write; encrypted-media; gyroscope; picture-in-picture; web-share\" allowfullscreen><\/iframe><\/div>\n<p><strong>Caratteristiche:<\/strong><\/p>\n<ul>\n<li>Dimensioni: <strong>7 <\/strong>cm<\/li>\n<li>Dimensioni dell&#8217;imballaggio: <strong>53,5<\/strong> x <strong>36,5<\/strong> x <strong>32,5<\/strong> cm<\/li>\n<li>Materiali &#8211; <strong>miscela di gomma (senza PVC)<\/strong><\/li>\n<li>Et\u00e0 consigliata: <strong>3+<\/strong><\/li>\n<\/ul>\n<p><strong style=\"font-size: 10px;\">ATTENZIONE!<\/strong><span style=\"font-size: 10px;\"> <\/span><span style=\"font-size: 10px;\">L&#8217;articolo non \u00e8 adatto ai bambini di et\u00e0 inferiore ai 3 anni. I piccoli pezzi sono pericolosi perch\u00e9 possono essere inalati o ingeriti. Prima di consegnare l\u2019articolo al bambino, rimuovi tutte le parti dell\u2019imballaggio. Salva queste informazioni per un utilizzo successivo.<\/span><\/p>\n","protected":false},"excerpt":{"rendered":"<p>Figurine accuratamente realizzate da un cartone animato popolare Sonic the Hedgehog. Il set contiene i seguenti personaggi dei cartoni animati: Sonic, Shadow, Kunckles e Tails. Caratteristiche: Dimensioni: 7 cm Dimensioni dell&#8217;imballaggio: 53,5 x 36,5 x 32,5 cm Materiali &#8211; miscela di gomma (senza PVC) Et\u00e0 consigliata: 3+ ATTENZIONE! L&#8217;articolo non \u00e8 adatto ai bambini di [&hellip;]<\/p>\n","protected":false},"featured_media":19714,"comment_status":"open","ping_status":"closed","template":"","meta":{"_acf_changed":false},"pwb-brand":[2043],"product_brand":[],"product_cat":[1716],"product_tag":[2332,2372,2373,2212,2354],"class_list":{"0":"post-27791","1":"product","2":"type-product","3":"status-publish","4":"has-post-thumbnail","6":"pwb-brand-comansi-it","7":"product_cat-figurine-in-miniatura","8":"product_tag-comansi-it","9":"product_tag-figurine-it","10":"product_tag-set-it-2","11":"product_tag-set-it","12":"product_tag-sonic","14":"first","15":"instock","16":"taxable","17":"shipping-taxable","18":"purchasable","19":"product-type-simple"},"acf":[],"yoast_head":"<!-- This site is optimized with the Yoast SEO plugin v25.8 - https:\/\/yoast.com\/wordpress\/plugins\/seo\/ -->\n<title>Sonic the Hedgehog Set - Talenti.si<\/title>\n<meta name=\"description\" content=\"Figurine accuratamente realizzate da un cartone animato popolare Sonic the Hedgehog.\" \/>\n<meta name=\"robots\" content=\"index, follow, max-snippet:-1, max-image-preview:large, max-video-preview:-1\" \/>\n<link rel=\"canonical\" href=\"https:\/\/talenti.si\/it\/giocattoli\/figurine-in-miniatura\/sonic-the-hedgehog-set\/\" \/>\n<meta property=\"og:locale\" content=\"it_IT\" \/>\n<meta property=\"og:type\" content=\"article\" \/>\n<meta property=\"og:title\" content=\"Sonic the Hedgehog Set - Talenti.si\" \/>\n<meta property=\"og:description\" content=\"Figurine accuratamente realizzate da un cartone animato popolare Sonic the Hedgehog.\" \/>\n<meta property=\"og:url\" content=\"https:\/\/talenti.si\/it\/giocattoli\/figurine-in-miniatura\/sonic-the-hedgehog-set\/\" \/>\n<meta property=\"og:site_name\" content=\"Talenti.si\" \/>\n<meta property=\"og:image\" content=\"https:\/\/talenti.si\/wp-content\/uploads\/2022\/10\/set-sonic-jezek.jpg\" \/>\n\t<meta property=\"og:image:width\" content=\"600\" \/>\n\t<meta property=\"og:image:height\" content=\"600\" \/>\n\t<meta property=\"og:image:type\" content=\"image\/jpeg\" \/>\n<meta name=\"twitter:card\" content=\"summary_large_image\" \/>\n<script type=\"application\/ld+json\" class=\"yoast-schema-graph\">{\"@context\":\"https:\/\/schema.org\",\"@graph\":[{\"@type\":\"WebPage\",\"@id\":\"https:\/\/talenti.si\/it\/giocattoli\/figurine-in-miniatura\/sonic-the-hedgehog-set\/\",\"url\":\"https:\/\/talenti.si\/it\/giocattoli\/figurine-in-miniatura\/sonic-the-hedgehog-set\/\",\"name\":\"Sonic the Hedgehog Set - Talenti.si\",\"isPartOf\":{\"@id\":\"https:\/\/talenti.si\/it\/#website\"},\"primaryImageOfPage\":{\"@id\":\"https:\/\/talenti.si\/it\/giocattoli\/figurine-in-miniatura\/sonic-the-hedgehog-set\/#primaryimage\"},\"image\":{\"@id\":\"https:\/\/talenti.si\/it\/giocattoli\/figurine-in-miniatura\/sonic-the-hedgehog-set\/#primaryimage\"},\"thumbnailUrl\":\"https:\/\/talenti.si\/wp-content\/uploads\/2022\/10\/set-sonic-jezek.jpg\",\"datePublished\":\"2022-10-03T10:27:27+00:00\",\"description\":\"Figurine accuratamente realizzate da un cartone animato popolare Sonic the Hedgehog.\",\"breadcrumb\":{\"@id\":\"https:\/\/talenti.si\/it\/giocattoli\/figurine-in-miniatura\/sonic-the-hedgehog-set\/#breadcrumb\"},\"inLanguage\":\"it-IT\",\"potentialAction\":[{\"@type\":\"ReadAction\",\"target\":[\"https:\/\/talenti.si\/it\/giocattoli\/figurine-in-miniatura\/sonic-the-hedgehog-set\/\"]}]},{\"@type\":\"ImageObject\",\"inLanguage\":\"it-IT\",\"@id\":\"https:\/\/talenti.si\/it\/giocattoli\/figurine-in-miniatura\/sonic-the-hedgehog-set\/#primaryimage\",\"url\":\"https:\/\/talenti.si\/wp-content\/uploads\/2022\/10\/set-sonic-jezek.jpg\",\"contentUrl\":\"https:\/\/talenti.si\/wp-content\/uploads\/2022\/10\/set-sonic-jezek.jpg\",\"width\":600,\"height\":600},{\"@type\":\"BreadcrumbList\",\"@id\":\"https:\/\/talenti.si\/it\/giocattoli\/figurine-in-miniatura\/sonic-the-hedgehog-set\/#breadcrumb\",\"itemListElement\":[{\"@type\":\"ListItem\",\"position\":1,\"name\":\"Home\",\"item\":\"https:\/\/talenti.si\/it\/\"},{\"@type\":\"ListItem\",\"position\":2,\"name\":\"Negozio\",\"item\":\"https:\/\/talenti.si\/it\/negozio\/\"},{\"@type\":\"ListItem\",\"position\":3,\"name\":\"Sonic the Hedgehog Set\"}]},{\"@type\":\"WebSite\",\"@id\":\"https:\/\/talenti.si\/it\/#website\",\"url\":\"https:\/\/talenti.si\/it\/\",\"name\":\"Talenti.si\",\"description\":\"Spletna trgovina za vse \u017eonglerje in podobne talente. Vse za \u017eongliranje, yoyo, frizbi, bumerang, kite... in \u0161e in \u0161e.\",\"publisher\":{\"@id\":\"https:\/\/talenti.si\/it\/#organization\"},\"potentialAction\":[{\"@type\":\"SearchAction\",\"target\":{\"@type\":\"EntryPoint\",\"urlTemplate\":\"https:\/\/talenti.si\/it\/?s={search_term_string}\"},\"query-input\":{\"@type\":\"PropertyValueSpecification\",\"valueRequired\":true,\"valueName\":\"search_term_string\"}}],\"inLanguage\":\"it-IT\"},{\"@type\":\"Organization\",\"@id\":\"https:\/\/talenti.si\/it\/#organization\",\"name\":\"Talenti.si\",\"url\":\"https:\/\/talenti.si\/it\/\",\"logo\":{\"@type\":\"ImageObject\",\"inLanguage\":\"it-IT\",\"@id\":\"https:\/\/talenti.si\/it\/#\/schema\/logo\/image\/\",\"url\":\"https:\/\/talenti.si\/wp-content\/uploads\/2021\/12\/logo-talent-pravi-dark.png\",\"contentUrl\":\"https:\/\/talenti.si\/wp-content\/uploads\/2021\/12\/logo-talent-pravi-dark.png\",\"width\":145,\"height\":83,\"caption\":\"Talenti.si\"},\"image\":{\"@id\":\"https:\/\/talenti.si\/it\/#\/schema\/logo\/image\/\"}}]}<\/script>\n<!-- \/ Yoast SEO plugin. -->","yoast_head_json":{"title":"Sonic the Hedgehog Set - Talenti.si","description":"Figurine accuratamente realizzate da un cartone animato popolare Sonic the Hedgehog.","robots":{"index":"index","follow":"follow","max-snippet":"max-snippet:-1","max-image-preview":"max-image-preview:large","max-video-preview":"max-video-preview:-1"},"canonical":"https:\/\/talenti.si\/it\/giocattoli\/figurine-in-miniatura\/sonic-the-hedgehog-set\/","og_locale":"it_IT","og_type":"article","og_title":"Sonic the Hedgehog Set - Talenti.si","og_description":"Figurine accuratamente realizzate da un cartone animato popolare Sonic the Hedgehog.","og_url":"https:\/\/talenti.si\/it\/giocattoli\/figurine-in-miniatura\/sonic-the-hedgehog-set\/","og_site_name":"Talenti.si","og_image":[{"width":600,"height":600,"url":"https:\/\/talenti.si\/wp-content\/uploads\/2022\/10\/set-sonic-jezek.jpg","type":"image\/jpeg"}],"twitter_card":"summary_large_image","schema":{"@context":"https:\/\/schema.org","@graph":[{"@type":"WebPage","@id":"https:\/\/talenti.si\/it\/giocattoli\/figurine-in-miniatura\/sonic-the-hedgehog-set\/","url":"https:\/\/talenti.si\/it\/giocattoli\/figurine-in-miniatura\/sonic-the-hedgehog-set\/","name":"Sonic the Hedgehog Set - Talenti.si","isPartOf":{"@id":"https:\/\/talenti.si\/it\/#website"},"primaryImageOfPage":{"@id":"https:\/\/talenti.si\/it\/giocattoli\/figurine-in-miniatura\/sonic-the-hedgehog-set\/#primaryimage"},"image":{"@id":"https:\/\/talenti.si\/it\/giocattoli\/figurine-in-miniatura\/sonic-the-hedgehog-set\/#primaryimage"},"thumbnailUrl":"https:\/\/talenti.si\/wp-content\/uploads\/2022\/10\/set-sonic-jezek.jpg","datePublished":"2022-10-03T10:27:27+00:00","description":"Figurine accuratamente realizzate da un cartone animato popolare Sonic the Hedgehog.","breadcrumb":{"@id":"https:\/\/talenti.si\/it\/giocattoli\/figurine-in-miniatura\/sonic-the-hedgehog-set\/#breadcrumb"},"inLanguage":"it-IT","potentialAction":[{"@type":"ReadAction","target":["https:\/\/talenti.si\/it\/giocattoli\/figurine-in-miniatura\/sonic-the-hedgehog-set\/"]}]},{"@type":"ImageObject","inLanguage":"it-IT","@id":"https:\/\/talenti.si\/it\/giocattoli\/figurine-in-miniatura\/sonic-the-hedgehog-set\/#primaryimage","url":"https:\/\/talenti.si\/wp-content\/uploads\/2022\/10\/set-sonic-jezek.jpg","contentUrl":"https:\/\/talenti.si\/wp-content\/uploads\/2022\/10\/set-sonic-jezek.jpg","width":600,"height":600},{"@type":"BreadcrumbList","@id":"https:\/\/talenti.si\/it\/giocattoli\/figurine-in-miniatura\/sonic-the-hedgehog-set\/#breadcrumb","itemListElement":[{"@type":"ListItem","position":1,"name":"Home","item":"https:\/\/talenti.si\/it\/"},{"@type":"ListItem","position":2,"name":"Negozio","item":"https:\/\/talenti.si\/it\/negozio\/"},{"@type":"ListItem","position":3,"name":"Sonic the Hedgehog Set"}]},{"@type":"WebSite","@id":"https:\/\/talenti.si\/it\/#website","url":"https:\/\/talenti.si\/it\/","name":"Talenti.si","description":"Spletna trgovina za vse \u017eonglerje in podobne talente. Vse za \u017eongliranje, yoyo, frizbi, bumerang, kite... in \u0161e in \u0161e.","publisher":{"@id":"https:\/\/talenti.si\/it\/#organization"},"potentialAction":[{"@type":"SearchAction","target":{"@type":"EntryPoint","urlTemplate":"https:\/\/talenti.si\/it\/?s={search_term_string}"},"query-input":{"@type":"PropertyValueSpecification","valueRequired":true,"valueName":"search_term_string"}}],"inLanguage":"it-IT"},{"@type":"Organization","@id":"https:\/\/talenti.si\/it\/#organization","name":"Talenti.si","url":"https:\/\/talenti.si\/it\/","logo":{"@type":"ImageObject","inLanguage":"it-IT","@id":"https:\/\/talenti.si\/it\/#\/schema\/logo\/image\/","url":"https:\/\/talenti.si\/wp-content\/uploads\/2021\/12\/logo-talent-pravi-dark.png","contentUrl":"https:\/\/talenti.si\/wp-content\/uploads\/2021\/12\/logo-talent-pravi-dark.png","width":145,"height":83,"caption":"Talenti.si"},"image":{"@id":"https:\/\/talenti.si\/it\/#\/schema\/logo\/image\/"}}]}},"brands":[{"id":2043,"name":"Comansi","slug":"comansi-it"}],"_links":{"self":[{"href":"https:\/\/talenti.si\/it\/wp-json\/wp\/v2\/product\/27791","targetHints":{"allow":["GET"]}}],"collection":[{"href":"https:\/\/talenti.si\/it\/wp-json\/wp\/v2\/product"}],"about":[{"href":"https:\/\/talenti.si\/it\/wp-json\/wp\/v2\/types\/product"}],"replies":[{"embeddable":true,"href":"https:\/\/talenti.si\/it\/wp-json\/wp\/v2\/comments?post=27791"}],"wp:featuredmedia":[{"embeddable":true,"href":"https:\/\/talenti.si\/it\/wp-json\/wp\/v2\/media\/19714"}],"wp:attachment":[{"href":"https:\/\/talenti.si\/it\/wp-json\/wp\/v2\/media?parent=27791"}],"wp:term":[{"taxonomy":"pwb-brand","embeddable":true,"href":"https:\/\/talenti.si\/it\/wp-json\/wp\/v2\/pwb-brand?post=27791"},{"taxonomy":"product_brand","embeddable":true,"href":"https:\/\/talenti.si\/it\/wp-json\/wp\/v2\/product_brand?post=27791"},{"taxonomy":"product_cat","embeddable":true,"href":"https:\/\/talenti.si\/it\/wp-json\/wp\/v2\/product_cat?post=27791"},{"taxonomy":"product_tag","embeddable":true,"href":"https:\/\/talenti.si\/it\/wp-json\/wp\/v2\/product_tag?post=27791"}],"curies":[{"name":"wp","href":"https:\/\/api.w.org\/{rel}","templated":true}]}}