{"id":27824,"date":"2022-11-22T10:19:55","date_gmt":"2022-11-22T10:19:55","guid":{"rendered":"https:\/\/talenti.si\/senza-categoria\/plus-plus-pastello-principessa-480-pz\/"},"modified":"2022-11-22T10:19:55","modified_gmt":"2022-11-22T10:19:55","slug":"plus-plus-pastello-principessa-480-pz","status":"publish","type":"product","link":"https:\/\/talenti.si\/it\/giocattoli\/blocchi-di-costruzione-plus-plus\/plus-plus-pastello-principessa-480-pz\/","title":{"rendered":"Plus-Plus Pastello Principessa 480 pz"},"content":{"rendered":"<p>Plus-Plus \u00e8 un gioco di costruzione creativo. Bambini &#8211; sia ragazze che ragazzi, e i loro genitori trovano gioia nell&#8217;usare la loro immaginazione per creare colorati puzzle 2D e mosaici o costruire insieme creazioni 3D. Un perfetto giocattolo educativo STEM che stimola le capacit\u00e0 motorie, la creativit\u00e0, la concentrazione e la pazienza! Realizza 3 diverse creazioni ispirate alle principesse. Una volta costruito, gioca con le creazioni o sii creativo e costruisci qualcosa di completamente diverso. Incoraggiamo sempre il gioco aperto in quanto sviluppa il pensiero logico, la creativit\u00e0 e l&#8217;immaginazione nei bambini. Con Plus-Plus i bambini sono costretti a usare la loro immaginazione e diventare piccoli ingegneri per pensare a come le cose si incastrano.\u2060 l&#8217;immaginazione e corre sulle ruote!<\/p>\n<p><iframe loading=\"lazy\" class=\"note-video-clip\" src=\"\/\/www.youtube.com\/embed\/zsn_EkYpHWc\" width=\"640\" height=\"360\" frameborder=\"0\" data-mce-fragment=\"1\"><\/iframe><\/p>\n<p><strong>Caratteristiche:<\/strong><\/p>\n<ul>\n<li>Numero di pezzi: <strong>480 <\/strong> <\/li>\n<li>Dimensioni dell&#8217;imballaggio: <strong>24,5<\/strong> x <strong>4,5<\/strong> x <strong>16,3<\/strong> cm<\/li>\n<li>Materiali &#8211; <strong>PVC<\/strong><\/li>\n<li>Et\u00e0 consigliata: <strong>5+<\/strong><\/li>\n<\/ul>\n<p><strong style=\"font-size: 10px;\">ATTENZIONE!<\/strong><span style=\"font-size: 10px;\"> <\/span><span style=\"font-size: 10px;\">L&#8217;articolo non \u00e8 adatto ai bambini di et\u00e0 inferiore ai 3 anni. I piccoli pezzi sono pericolosi perch\u00e9 possono essere inalati o ingeriti. Prima di consegnare l\u2019articolo al bambino, rimuovi tutte le parti dell\u2019imballaggio. Salva queste informazioni per un utilizzo successivo.<\/span><\/p>\n","protected":false},"excerpt":{"rendered":"<p>Plus-Plus \u00e8 un gioco di costruzione creativo. Bambini &#8211; sia ragazze che ragazzi, e i loro genitori trovano gioia nell&#8217;usare la loro immaginazione per creare colorati puzzle 2D e mosaici o costruire insieme creazioni 3D. Un perfetto giocattolo educativo STEM che stimola le capacit\u00e0 motorie, la creativit\u00e0, la concentrazione e la pazienza! Realizza 3 diverse [&hellip;]<\/p>\n","protected":false},"featured_media":20128,"comment_status":"open","ping_status":"closed","template":"","meta":{"_acf_changed":false},"pwb-brand":[2098],"product_brand":[],"product_cat":[1707],"product_tag":[3447,2313,3437,3446,2212],"class_list":{"0":"post-27824","1":"product","2":"type-product","3":"status-publish","4":"has-post-thumbnail","6":"pwb-brand-plus-plus-it","7":"product_cat-blocchi-di-costruzione-plus-plus","8":"product_tag-3in1-it","9":"product_tag-cubi","10":"product_tag-plus-plus-it","11":"product_tag-principessa","12":"product_tag-set-it","14":"first","15":"instock","16":"taxable","17":"shipping-taxable","18":"purchasable","19":"product-type-simple"},"acf":[],"yoast_head":"<!-- This site is optimized with the Yoast SEO plugin v25.8 - https:\/\/yoast.com\/wordpress\/plugins\/seo\/ -->\n<title>Plus-Plus Pastello Principessa 480 pz - Talenti.si<\/title>\n<meta name=\"description\" content=\"Plus-Plus \u00e8 un gioco di costruzione creativo.\" \/>\n<meta name=\"robots\" content=\"index, follow, max-snippet:-1, max-image-preview:large, max-video-preview:-1\" \/>\n<link rel=\"canonical\" href=\"https:\/\/talenti.si\/it\/giocattoli\/blocchi-di-costruzione-plus-plus\/plus-plus-pastello-principessa-480-pz\/\" \/>\n<meta property=\"og:locale\" content=\"it_IT\" \/>\n<meta property=\"og:type\" content=\"article\" \/>\n<meta property=\"og:title\" content=\"Plus-Plus Pastello Principessa 480 pz - Talenti.si\" \/>\n<meta property=\"og:description\" content=\"Plus-Plus \u00e8 un gioco di costruzione creativo.\" \/>\n<meta property=\"og:url\" content=\"https:\/\/talenti.si\/it\/giocattoli\/blocchi-di-costruzione-plus-plus\/plus-plus-pastello-principessa-480-pz\/\" \/>\n<meta property=\"og:site_name\" content=\"Talenti.si\" \/>\n<meta property=\"og:image\" content=\"https:\/\/talenti.si\/wp-content\/uploads\/2022\/11\/plus-plus-princeska.jpg\" \/>\n\t<meta property=\"og:image:width\" content=\"1542\" \/>\n\t<meta property=\"og:image:height\" content=\"2055\" \/>\n\t<meta property=\"og:image:type\" content=\"image\/jpeg\" \/>\n<meta name=\"twitter:card\" content=\"summary_large_image\" \/>\n<meta name=\"twitter:label1\" content=\"Tempo di lettura stimato\" \/>\n\t<meta name=\"twitter:data1\" content=\"1 minuto\" \/>\n<script type=\"application\/ld+json\" class=\"yoast-schema-graph\">{\"@context\":\"https:\/\/schema.org\",\"@graph\":[{\"@type\":\"WebPage\",\"@id\":\"https:\/\/talenti.si\/it\/giocattoli\/blocchi-di-costruzione-plus-plus\/plus-plus-pastello-principessa-480-pz\/\",\"url\":\"https:\/\/talenti.si\/it\/giocattoli\/blocchi-di-costruzione-plus-plus\/plus-plus-pastello-principessa-480-pz\/\",\"name\":\"Plus-Plus Pastello Principessa 480 pz - Talenti.si\",\"isPartOf\":{\"@id\":\"https:\/\/talenti.si\/it\/#website\"},\"primaryImageOfPage\":{\"@id\":\"https:\/\/talenti.si\/it\/giocattoli\/blocchi-di-costruzione-plus-plus\/plus-plus-pastello-principessa-480-pz\/#primaryimage\"},\"image\":{\"@id\":\"https:\/\/talenti.si\/it\/giocattoli\/blocchi-di-costruzione-plus-plus\/plus-plus-pastello-principessa-480-pz\/#primaryimage\"},\"thumbnailUrl\":\"https:\/\/talenti.si\/wp-content\/uploads\/2022\/11\/plus-plus-princeska.jpg\",\"datePublished\":\"2022-11-22T10:19:55+00:00\",\"description\":\"Plus-Plus \u00e8 un gioco di costruzione creativo.\",\"breadcrumb\":{\"@id\":\"https:\/\/talenti.si\/it\/giocattoli\/blocchi-di-costruzione-plus-plus\/plus-plus-pastello-principessa-480-pz\/#breadcrumb\"},\"inLanguage\":\"it-IT\",\"potentialAction\":[{\"@type\":\"ReadAction\",\"target\":[\"https:\/\/talenti.si\/it\/giocattoli\/blocchi-di-costruzione-plus-plus\/plus-plus-pastello-principessa-480-pz\/\"]}]},{\"@type\":\"ImageObject\",\"inLanguage\":\"it-IT\",\"@id\":\"https:\/\/talenti.si\/it\/giocattoli\/blocchi-di-costruzione-plus-plus\/plus-plus-pastello-principessa-480-pz\/#primaryimage\",\"url\":\"https:\/\/talenti.si\/wp-content\/uploads\/2022\/11\/plus-plus-princeska.jpg\",\"contentUrl\":\"https:\/\/talenti.si\/wp-content\/uploads\/2022\/11\/plus-plus-princeska.jpg\",\"width\":1542,\"height\":2055},{\"@type\":\"BreadcrumbList\",\"@id\":\"https:\/\/talenti.si\/it\/giocattoli\/blocchi-di-costruzione-plus-plus\/plus-plus-pastello-principessa-480-pz\/#breadcrumb\",\"itemListElement\":[{\"@type\":\"ListItem\",\"position\":1,\"name\":\"Home\",\"item\":\"https:\/\/talenti.si\/it\/\"},{\"@type\":\"ListItem\",\"position\":2,\"name\":\"Negozio\",\"item\":\"https:\/\/talenti.si\/it\/negozio\/\"},{\"@type\":\"ListItem\",\"position\":3,\"name\":\"Plus-Plus Pastello Principessa 480 pz\"}]},{\"@type\":\"WebSite\",\"@id\":\"https:\/\/talenti.si\/it\/#website\",\"url\":\"https:\/\/talenti.si\/it\/\",\"name\":\"Talenti.si\",\"description\":\"Spletna trgovina za vse \u017eonglerje in podobne talente. Vse za \u017eongliranje, yoyo, frizbi, bumerang, kite... in \u0161e in \u0161e.\",\"publisher\":{\"@id\":\"https:\/\/talenti.si\/it\/#organization\"},\"potentialAction\":[{\"@type\":\"SearchAction\",\"target\":{\"@type\":\"EntryPoint\",\"urlTemplate\":\"https:\/\/talenti.si\/it\/?s={search_term_string}\"},\"query-input\":{\"@type\":\"PropertyValueSpecification\",\"valueRequired\":true,\"valueName\":\"search_term_string\"}}],\"inLanguage\":\"it-IT\"},{\"@type\":\"Organization\",\"@id\":\"https:\/\/talenti.si\/it\/#organization\",\"name\":\"Talenti.si\",\"url\":\"https:\/\/talenti.si\/it\/\",\"logo\":{\"@type\":\"ImageObject\",\"inLanguage\":\"it-IT\",\"@id\":\"https:\/\/talenti.si\/it\/#\/schema\/logo\/image\/\",\"url\":\"https:\/\/talenti.si\/wp-content\/uploads\/2021\/12\/logo-talent-pravi-dark.png\",\"contentUrl\":\"https:\/\/talenti.si\/wp-content\/uploads\/2021\/12\/logo-talent-pravi-dark.png\",\"width\":145,\"height\":83,\"caption\":\"Talenti.si\"},\"image\":{\"@id\":\"https:\/\/talenti.si\/it\/#\/schema\/logo\/image\/\"}}]}<\/script>\n<!-- \/ Yoast SEO plugin. -->","yoast_head_json":{"title":"Plus-Plus Pastello Principessa 480 pz - Talenti.si","description":"Plus-Plus \u00e8 un gioco di costruzione creativo.","robots":{"index":"index","follow":"follow","max-snippet":"max-snippet:-1","max-image-preview":"max-image-preview:large","max-video-preview":"max-video-preview:-1"},"canonical":"https:\/\/talenti.si\/it\/giocattoli\/blocchi-di-costruzione-plus-plus\/plus-plus-pastello-principessa-480-pz\/","og_locale":"it_IT","og_type":"article","og_title":"Plus-Plus Pastello Principessa 480 pz - Talenti.si","og_description":"Plus-Plus \u00e8 un gioco di costruzione creativo.","og_url":"https:\/\/talenti.si\/it\/giocattoli\/blocchi-di-costruzione-plus-plus\/plus-plus-pastello-principessa-480-pz\/","og_site_name":"Talenti.si","og_image":[{"width":1542,"height":2055,"url":"https:\/\/talenti.si\/wp-content\/uploads\/2022\/11\/plus-plus-princeska.jpg","type":"image\/jpeg"}],"twitter_card":"summary_large_image","twitter_misc":{"Tempo di lettura stimato":"1 minuto"},"schema":{"@context":"https:\/\/schema.org","@graph":[{"@type":"WebPage","@id":"https:\/\/talenti.si\/it\/giocattoli\/blocchi-di-costruzione-plus-plus\/plus-plus-pastello-principessa-480-pz\/","url":"https:\/\/talenti.si\/it\/giocattoli\/blocchi-di-costruzione-plus-plus\/plus-plus-pastello-principessa-480-pz\/","name":"Plus-Plus Pastello Principessa 480 pz - Talenti.si","isPartOf":{"@id":"https:\/\/talenti.si\/it\/#website"},"primaryImageOfPage":{"@id":"https:\/\/talenti.si\/it\/giocattoli\/blocchi-di-costruzione-plus-plus\/plus-plus-pastello-principessa-480-pz\/#primaryimage"},"image":{"@id":"https:\/\/talenti.si\/it\/giocattoli\/blocchi-di-costruzione-plus-plus\/plus-plus-pastello-principessa-480-pz\/#primaryimage"},"thumbnailUrl":"https:\/\/talenti.si\/wp-content\/uploads\/2022\/11\/plus-plus-princeska.jpg","datePublished":"2022-11-22T10:19:55+00:00","description":"Plus-Plus \u00e8 un gioco di costruzione creativo.","breadcrumb":{"@id":"https:\/\/talenti.si\/it\/giocattoli\/blocchi-di-costruzione-plus-plus\/plus-plus-pastello-principessa-480-pz\/#breadcrumb"},"inLanguage":"it-IT","potentialAction":[{"@type":"ReadAction","target":["https:\/\/talenti.si\/it\/giocattoli\/blocchi-di-costruzione-plus-plus\/plus-plus-pastello-principessa-480-pz\/"]}]},{"@type":"ImageObject","inLanguage":"it-IT","@id":"https:\/\/talenti.si\/it\/giocattoli\/blocchi-di-costruzione-plus-plus\/plus-plus-pastello-principessa-480-pz\/#primaryimage","url":"https:\/\/talenti.si\/wp-content\/uploads\/2022\/11\/plus-plus-princeska.jpg","contentUrl":"https:\/\/talenti.si\/wp-content\/uploads\/2022\/11\/plus-plus-princeska.jpg","width":1542,"height":2055},{"@type":"BreadcrumbList","@id":"https:\/\/talenti.si\/it\/giocattoli\/blocchi-di-costruzione-plus-plus\/plus-plus-pastello-principessa-480-pz\/#breadcrumb","itemListElement":[{"@type":"ListItem","position":1,"name":"Home","item":"https:\/\/talenti.si\/it\/"},{"@type":"ListItem","position":2,"name":"Negozio","item":"https:\/\/talenti.si\/it\/negozio\/"},{"@type":"ListItem","position":3,"name":"Plus-Plus Pastello Principessa 480 pz"}]},{"@type":"WebSite","@id":"https:\/\/talenti.si\/it\/#website","url":"https:\/\/talenti.si\/it\/","name":"Talenti.si","description":"Spletna trgovina za vse \u017eonglerje in podobne talente. Vse za \u017eongliranje, yoyo, frizbi, bumerang, kite... in \u0161e in \u0161e.","publisher":{"@id":"https:\/\/talenti.si\/it\/#organization"},"potentialAction":[{"@type":"SearchAction","target":{"@type":"EntryPoint","urlTemplate":"https:\/\/talenti.si\/it\/?s={search_term_string}"},"query-input":{"@type":"PropertyValueSpecification","valueRequired":true,"valueName":"search_term_string"}}],"inLanguage":"it-IT"},{"@type":"Organization","@id":"https:\/\/talenti.si\/it\/#organization","name":"Talenti.si","url":"https:\/\/talenti.si\/it\/","logo":{"@type":"ImageObject","inLanguage":"it-IT","@id":"https:\/\/talenti.si\/it\/#\/schema\/logo\/image\/","url":"https:\/\/talenti.si\/wp-content\/uploads\/2021\/12\/logo-talent-pravi-dark.png","contentUrl":"https:\/\/talenti.si\/wp-content\/uploads\/2021\/12\/logo-talent-pravi-dark.png","width":145,"height":83,"caption":"Talenti.si"},"image":{"@id":"https:\/\/talenti.si\/it\/#\/schema\/logo\/image\/"}}]}},"brands":[{"id":2098,"name":"Plus-Plus","slug":"plus-plus-it"}],"_links":{"self":[{"href":"https:\/\/talenti.si\/it\/wp-json\/wp\/v2\/product\/27824","targetHints":{"allow":["GET"]}}],"collection":[{"href":"https:\/\/talenti.si\/it\/wp-json\/wp\/v2\/product"}],"about":[{"href":"https:\/\/talenti.si\/it\/wp-json\/wp\/v2\/types\/product"}],"replies":[{"embeddable":true,"href":"https:\/\/talenti.si\/it\/wp-json\/wp\/v2\/comments?post=27824"}],"wp:featuredmedia":[{"embeddable":true,"href":"https:\/\/talenti.si\/it\/wp-json\/wp\/v2\/media\/20128"}],"wp:attachment":[{"href":"https:\/\/talenti.si\/it\/wp-json\/wp\/v2\/media?parent=27824"}],"wp:term":[{"taxonomy":"pwb-brand","embeddable":true,"href":"https:\/\/talenti.si\/it\/wp-json\/wp\/v2\/pwb-brand?post=27824"},{"taxonomy":"product_brand","embeddable":true,"href":"https:\/\/talenti.si\/it\/wp-json\/wp\/v2\/product_brand?post=27824"},{"taxonomy":"product_cat","embeddable":true,"href":"https:\/\/talenti.si\/it\/wp-json\/wp\/v2\/product_cat?post=27824"},{"taxonomy":"product_tag","embeddable":true,"href":"https:\/\/talenti.si\/it\/wp-json\/wp\/v2\/product_tag?post=27824"}],"curies":[{"name":"wp","href":"https:\/\/api.w.org\/{rel}","templated":true}]}}