{"id":27966,"date":"2013-05-27T14:01:42","date_gmt":"2013-05-27T14:01:42","guid":{"rendered":"https:\/\/talenti.si\/senza-categoria\/marlin\/"},"modified":"2013-05-27T14:01:42","modified_gmt":"2013-05-27T14:01:42","slug":"marlin","status":"publish","type":"product","link":"https:\/\/talenti.si\/it\/giocattoli\/figurine-in-miniatura\/marlin\/","title":{"rendered":"Marlin"},"content":{"rendered":"<p>Figurina accuratamente realizzata da un cartone animato popolare Alla ricerca di Dory.<\/p>\n<p><iframe loading=\"lazy\" class=\"note-video-clip\" src=\"\/\/www.youtube.com\/embed\/q6S7xV921tU\" width=\"640\" height=\"360\" frameborder=\"0\"><\/iframe><\/p>\n<p><strong>Caratteristiche:<\/strong><\/p>\n<ul>\n<li>Dimensioni: <strong>7<\/strong> cm<\/li>\n<li>Materiali &#8211; <strong>miscela di gomma (senza PVC)<\/strong><\/li>\n<li>Et\u00e0 consigliata: <strong>3+<\/strong><\/li>\n<\/ul>\n<p><strong style=\"font-size: 10px;\">ATTENZIONE!<\/strong><span style=\"font-size: 10px;\"> <\/span><span style=\"font-size: 10px;\">L&#8217;articolo non \u00e8 adatto ai bambini di et\u00e0 inferiore ai 3 anni. I piccoli pezzi sono pericolosi perch\u00e9 possono essere inalati o ingeriti. Prima di consegnare l\u2019articolo al bambino, rimuovi tutte le parti dell\u2019imballaggio. Salva queste informazioni per un utilizzo successivo.<\/span><\/p>\n","protected":false},"excerpt":{"rendered":"<p>Figurina accuratamente realizzata da un cartone animato popolare Alla ricerca di Dory. Caratteristiche: Dimensioni: 7 cm Materiali &#8211; miscela di gomma (senza PVC) Et\u00e0 consigliata: 3+ ATTENZIONE! L&#8217;articolo non \u00e8 adatto ai bambini di et\u00e0 inferiore ai 3 anni. I piccoli pezzi sono pericolosi perch\u00e9 possono essere inalati o ingeriti. Prima di consegnare l\u2019articolo al [&hellip;]<\/p>\n","protected":false},"featured_media":14413,"comment_status":"open","ping_status":"closed","template":"","meta":{"_acf_changed":false},"pwb-brand":[2040],"product_brand":[],"product_cat":[1716],"product_tag":[2780,2331,3191],"class_list":{"0":"post-27966","1":"product","2":"type-product","3":"status-publish","4":"has-post-thumbnail","6":"pwb-brand-bullyland-it","7":"product_cat-figurine-in-miniatura","8":"product_tag-bullyland-it","9":"product_tag-figurina","10":"product_tag-mini-it","12":"first","13":"instock","14":"taxable","15":"shipping-taxable","16":"purchasable","17":"product-type-simple"},"acf":[],"yoast_head":"<!-- This site is optimized with the Yoast SEO plugin v25.8 - https:\/\/yoast.com\/wordpress\/plugins\/seo\/ -->\n<title>Marlin<\/title>\n<meta name=\"description\" content=\"Figurina accuratamente realizzata da un cartone animato popolare Alla ricerca di Dory.\" \/>\n<meta name=\"robots\" content=\"index, follow, max-snippet:-1, max-image-preview:large, max-video-preview:-1\" \/>\n<link rel=\"canonical\" href=\"https:\/\/talenti.si\/it\/giocattoli\/figurine-in-miniatura\/marlin\/\" \/>\n<meta property=\"og:locale\" content=\"it_IT\" \/>\n<meta property=\"og:type\" content=\"article\" \/>\n<meta property=\"og:title\" content=\"Marlin\" \/>\n<meta property=\"og:description\" content=\"Figurina accuratamente realizzata da un cartone animato popolare Alla ricerca di Dory.\" \/>\n<meta property=\"og:url\" content=\"https:\/\/talenti.si\/it\/giocattoli\/figurine-in-miniatura\/marlin\/\" \/>\n<meta property=\"og:site_name\" content=\"Talenti.si\" \/>\n<meta property=\"og:image\" content=\"https:\/\/talenti.si\/wp-content\/uploads\/2022\/01\/marlin.jpg\" \/>\n\t<meta property=\"og:image:width\" content=\"500\" \/>\n\t<meta property=\"og:image:height\" content=\"500\" \/>\n\t<meta property=\"og:image:type\" content=\"image\/jpeg\" \/>\n<meta name=\"twitter:card\" content=\"summary_large_image\" \/>\n<script type=\"application\/ld+json\" class=\"yoast-schema-graph\">{\"@context\":\"https:\/\/schema.org\",\"@graph\":[{\"@type\":\"WebPage\",\"@id\":\"https:\/\/talenti.si\/it\/giocattoli\/figurine-in-miniatura\/marlin\/\",\"url\":\"https:\/\/talenti.si\/it\/giocattoli\/figurine-in-miniatura\/marlin\/\",\"name\":\"Marlin\",\"isPartOf\":{\"@id\":\"https:\/\/talenti.si\/it\/#website\"},\"primaryImageOfPage\":{\"@id\":\"https:\/\/talenti.si\/it\/giocattoli\/figurine-in-miniatura\/marlin\/#primaryimage\"},\"image\":{\"@id\":\"https:\/\/talenti.si\/it\/giocattoli\/figurine-in-miniatura\/marlin\/#primaryimage\"},\"thumbnailUrl\":\"https:\/\/talenti.si\/wp-content\/uploads\/2022\/01\/marlin.jpg\",\"datePublished\":\"2013-05-27T14:01:42+00:00\",\"description\":\"Figurina accuratamente realizzata da un cartone animato popolare Alla ricerca di Dory.\",\"breadcrumb\":{\"@id\":\"https:\/\/talenti.si\/it\/giocattoli\/figurine-in-miniatura\/marlin\/#breadcrumb\"},\"inLanguage\":\"it-IT\",\"potentialAction\":[{\"@type\":\"ReadAction\",\"target\":[\"https:\/\/talenti.si\/it\/giocattoli\/figurine-in-miniatura\/marlin\/\"]}]},{\"@type\":\"ImageObject\",\"inLanguage\":\"it-IT\",\"@id\":\"https:\/\/talenti.si\/it\/giocattoli\/figurine-in-miniatura\/marlin\/#primaryimage\",\"url\":\"https:\/\/talenti.si\/wp-content\/uploads\/2022\/01\/marlin.jpg\",\"contentUrl\":\"https:\/\/talenti.si\/wp-content\/uploads\/2022\/01\/marlin.jpg\",\"width\":500,\"height\":500},{\"@type\":\"BreadcrumbList\",\"@id\":\"https:\/\/talenti.si\/it\/giocattoli\/figurine-in-miniatura\/marlin\/#breadcrumb\",\"itemListElement\":[{\"@type\":\"ListItem\",\"position\":1,\"name\":\"Home\",\"item\":\"https:\/\/talenti.si\/it\/\"},{\"@type\":\"ListItem\",\"position\":2,\"name\":\"Negozio\",\"item\":\"https:\/\/talenti.si\/it\/negozio\/\"},{\"@type\":\"ListItem\",\"position\":3,\"name\":\"Marlin\"}]},{\"@type\":\"WebSite\",\"@id\":\"https:\/\/talenti.si\/it\/#website\",\"url\":\"https:\/\/talenti.si\/it\/\",\"name\":\"Talenti.si\",\"description\":\"Spletna trgovina za vse \u017eonglerje in podobne talente. Vse za \u017eongliranje, yoyo, frizbi, bumerang, kite... in \u0161e in \u0161e.\",\"publisher\":{\"@id\":\"https:\/\/talenti.si\/it\/#organization\"},\"potentialAction\":[{\"@type\":\"SearchAction\",\"target\":{\"@type\":\"EntryPoint\",\"urlTemplate\":\"https:\/\/talenti.si\/it\/?s={search_term_string}\"},\"query-input\":{\"@type\":\"PropertyValueSpecification\",\"valueRequired\":true,\"valueName\":\"search_term_string\"}}],\"inLanguage\":\"it-IT\"},{\"@type\":\"Organization\",\"@id\":\"https:\/\/talenti.si\/it\/#organization\",\"name\":\"Talenti.si\",\"url\":\"https:\/\/talenti.si\/it\/\",\"logo\":{\"@type\":\"ImageObject\",\"inLanguage\":\"it-IT\",\"@id\":\"https:\/\/talenti.si\/it\/#\/schema\/logo\/image\/\",\"url\":\"https:\/\/talenti.si\/wp-content\/uploads\/2021\/12\/logo-talent-pravi-dark.png\",\"contentUrl\":\"https:\/\/talenti.si\/wp-content\/uploads\/2021\/12\/logo-talent-pravi-dark.png\",\"width\":145,\"height\":83,\"caption\":\"Talenti.si\"},\"image\":{\"@id\":\"https:\/\/talenti.si\/it\/#\/schema\/logo\/image\/\"}}]}<\/script>\n<!-- \/ Yoast SEO plugin. -->","yoast_head_json":{"title":"Marlin","description":"Figurina accuratamente realizzata da un cartone animato popolare Alla ricerca di Dory.","robots":{"index":"index","follow":"follow","max-snippet":"max-snippet:-1","max-image-preview":"max-image-preview:large","max-video-preview":"max-video-preview:-1"},"canonical":"https:\/\/talenti.si\/it\/giocattoli\/figurine-in-miniatura\/marlin\/","og_locale":"it_IT","og_type":"article","og_title":"Marlin","og_description":"Figurina accuratamente realizzata da un cartone animato popolare Alla ricerca di Dory.","og_url":"https:\/\/talenti.si\/it\/giocattoli\/figurine-in-miniatura\/marlin\/","og_site_name":"Talenti.si","og_image":[{"width":500,"height":500,"url":"https:\/\/talenti.si\/wp-content\/uploads\/2022\/01\/marlin.jpg","type":"image\/jpeg"}],"twitter_card":"summary_large_image","schema":{"@context":"https:\/\/schema.org","@graph":[{"@type":"WebPage","@id":"https:\/\/talenti.si\/it\/giocattoli\/figurine-in-miniatura\/marlin\/","url":"https:\/\/talenti.si\/it\/giocattoli\/figurine-in-miniatura\/marlin\/","name":"Marlin","isPartOf":{"@id":"https:\/\/talenti.si\/it\/#website"},"primaryImageOfPage":{"@id":"https:\/\/talenti.si\/it\/giocattoli\/figurine-in-miniatura\/marlin\/#primaryimage"},"image":{"@id":"https:\/\/talenti.si\/it\/giocattoli\/figurine-in-miniatura\/marlin\/#primaryimage"},"thumbnailUrl":"https:\/\/talenti.si\/wp-content\/uploads\/2022\/01\/marlin.jpg","datePublished":"2013-05-27T14:01:42+00:00","description":"Figurina accuratamente realizzata da un cartone animato popolare Alla ricerca di Dory.","breadcrumb":{"@id":"https:\/\/talenti.si\/it\/giocattoli\/figurine-in-miniatura\/marlin\/#breadcrumb"},"inLanguage":"it-IT","potentialAction":[{"@type":"ReadAction","target":["https:\/\/talenti.si\/it\/giocattoli\/figurine-in-miniatura\/marlin\/"]}]},{"@type":"ImageObject","inLanguage":"it-IT","@id":"https:\/\/talenti.si\/it\/giocattoli\/figurine-in-miniatura\/marlin\/#primaryimage","url":"https:\/\/talenti.si\/wp-content\/uploads\/2022\/01\/marlin.jpg","contentUrl":"https:\/\/talenti.si\/wp-content\/uploads\/2022\/01\/marlin.jpg","width":500,"height":500},{"@type":"BreadcrumbList","@id":"https:\/\/talenti.si\/it\/giocattoli\/figurine-in-miniatura\/marlin\/#breadcrumb","itemListElement":[{"@type":"ListItem","position":1,"name":"Home","item":"https:\/\/talenti.si\/it\/"},{"@type":"ListItem","position":2,"name":"Negozio","item":"https:\/\/talenti.si\/it\/negozio\/"},{"@type":"ListItem","position":3,"name":"Marlin"}]},{"@type":"WebSite","@id":"https:\/\/talenti.si\/it\/#website","url":"https:\/\/talenti.si\/it\/","name":"Talenti.si","description":"Spletna trgovina za vse \u017eonglerje in podobne talente. Vse za \u017eongliranje, yoyo, frizbi, bumerang, kite... in \u0161e in \u0161e.","publisher":{"@id":"https:\/\/talenti.si\/it\/#organization"},"potentialAction":[{"@type":"SearchAction","target":{"@type":"EntryPoint","urlTemplate":"https:\/\/talenti.si\/it\/?s={search_term_string}"},"query-input":{"@type":"PropertyValueSpecification","valueRequired":true,"valueName":"search_term_string"}}],"inLanguage":"it-IT"},{"@type":"Organization","@id":"https:\/\/talenti.si\/it\/#organization","name":"Talenti.si","url":"https:\/\/talenti.si\/it\/","logo":{"@type":"ImageObject","inLanguage":"it-IT","@id":"https:\/\/talenti.si\/it\/#\/schema\/logo\/image\/","url":"https:\/\/talenti.si\/wp-content\/uploads\/2021\/12\/logo-talent-pravi-dark.png","contentUrl":"https:\/\/talenti.si\/wp-content\/uploads\/2021\/12\/logo-talent-pravi-dark.png","width":145,"height":83,"caption":"Talenti.si"},"image":{"@id":"https:\/\/talenti.si\/it\/#\/schema\/logo\/image\/"}}]}},"brands":[{"id":2040,"name":"Bullyland","slug":"bullyland-it"}],"_links":{"self":[{"href":"https:\/\/talenti.si\/it\/wp-json\/wp\/v2\/product\/27966","targetHints":{"allow":["GET"]}}],"collection":[{"href":"https:\/\/talenti.si\/it\/wp-json\/wp\/v2\/product"}],"about":[{"href":"https:\/\/talenti.si\/it\/wp-json\/wp\/v2\/types\/product"}],"replies":[{"embeddable":true,"href":"https:\/\/talenti.si\/it\/wp-json\/wp\/v2\/comments?post=27966"}],"wp:featuredmedia":[{"embeddable":true,"href":"https:\/\/talenti.si\/it\/wp-json\/wp\/v2\/media\/14413"}],"wp:attachment":[{"href":"https:\/\/talenti.si\/it\/wp-json\/wp\/v2\/media?parent=27966"}],"wp:term":[{"taxonomy":"pwb-brand","embeddable":true,"href":"https:\/\/talenti.si\/it\/wp-json\/wp\/v2\/pwb-brand?post=27966"},{"taxonomy":"product_brand","embeddable":true,"href":"https:\/\/talenti.si\/it\/wp-json\/wp\/v2\/product_brand?post=27966"},{"taxonomy":"product_cat","embeddable":true,"href":"https:\/\/talenti.si\/it\/wp-json\/wp\/v2\/product_cat?post=27966"},{"taxonomy":"product_tag","embeddable":true,"href":"https:\/\/talenti.si\/it\/wp-json\/wp\/v2\/product_tag?post=27966"}],"curies":[{"name":"wp","href":"https:\/\/api.w.org\/{rel}","templated":true}]}}