{"id":28027,"date":"2023-02-27T07:27:22","date_gmt":"2023-02-27T07:27:22","guid":{"rendered":"https:\/\/talenti.si\/senza-categoria\/stegosaurus\/"},"modified":"2023-02-27T07:27:22","modified_gmt":"2023-02-27T07:27:22","slug":"stegosaurus","status":"publish","type":"product","link":"https:\/\/talenti.si\/it\/varie\/modelli-di-animali-in-carta-3d\/stegosaurus\/","title":{"rendered":"Stegosaurus"},"content":{"rendered":"<p>Fridolin presenta i modelli di carta 3D!<\/p>\n<p>Concentrazione, resistenza e destrezza sono richieste quando si tratta di creare meravigliosi modelli dai componenti dettagliati in cartone speciale laser. Quando l&#8217;articolo \u00e8 assemblato, pu\u00f2 essere fissato con colla (non inclusa). La parte migliore \u00e8 quando la creazione finale prende vita e diventa una bellissima decorazione nella stanza dei bambini.<\/p>\n<p><strong>Caratteristiche:<\/strong><\/p>\n<ul>\n<li>Dimensioni del modello assemblato: <strong>17,5<\/strong> x <strong>10,5<\/strong> x <strong>5<\/strong> cm<\/li>\n<li>Et\u00e0 consigliata: <strong>8+<\/strong><\/li>\n<\/ul>\n<p><strong style=\"font-size: 10px;\">ATTENZIONE!<\/strong><span style=\"font-size: 10px;\"> <\/span><span style=\"font-size: 10px;\">L&#8217;articolo non \u00e8 adatto ai bambini di et\u00e0 inferiore ai 3 anni. I piccoli pezzi sono pericolosi perch\u00e9 possono essere inalati o ingeriti. Prima di consegnare l\u2019articolo al bambino, rimuovi tutte le parti dell\u2019imballaggio. Salva queste informazioni per un utilizzo successivo.<\/span><\/p>\n","protected":false},"excerpt":{"rendered":"<p>Fridolin presenta i modelli di carta 3D! Concentrazione, resistenza e destrezza sono richieste quando si tratta di creare meravigliosi modelli dai componenti dettagliati in cartone speciale laser. Quando l&#8217;articolo \u00e8 assemblato, pu\u00f2 essere fissato con colla (non inclusa). La parte migliore \u00e8 quando la creazione finale prende vita e diventa una bellissima decorazione nella stanza [&hellip;]<\/p>\n","protected":false},"featured_media":22270,"comment_status":"open","ping_status":"closed","template":"","meta":{"_acf_changed":false},"pwb-brand":[2058],"product_brand":[],"product_cat":[1735],"product_tag":[2213,3504,2321,3505],"class_list":{"0":"post-28027","1":"product","2":"type-product","3":"status-publish","4":"has-post-thumbnail","6":"pwb-brand-fridolin-it","7":"product_cat-modelli-di-animali-in-carta-3d","8":"product_tag-animali","9":"product_tag-fridolin-it","10":"product_tag-giocattoli-creativi","11":"product_tag-modello","13":"first","14":"instock","15":"taxable","16":"shipping-taxable","17":"purchasable","18":"product-type-simple"},"acf":[],"yoast_head":"<!-- This site is optimized with the Yoast SEO plugin v25.8 - https:\/\/yoast.com\/wordpress\/plugins\/seo\/ -->\n<title>Stegosaurus - Talenti.si<\/title>\n<meta name=\"description\" content=\"Fridolin presenta i modelli di carta 3D!\" \/>\n<meta name=\"robots\" content=\"index, follow, max-snippet:-1, max-image-preview:large, max-video-preview:-1\" \/>\n<link rel=\"canonical\" href=\"https:\/\/talenti.si\/it\/varie\/modelli-di-animali-in-carta-3d\/stegosaurus\/\" \/>\n<meta property=\"og:locale\" content=\"it_IT\" \/>\n<meta property=\"og:type\" content=\"article\" \/>\n<meta property=\"og:title\" content=\"Stegosaurus - Talenti.si\" \/>\n<meta property=\"og:description\" content=\"Fridolin presenta i modelli di carta 3D!\" \/>\n<meta property=\"og:url\" content=\"https:\/\/talenti.si\/it\/varie\/modelli-di-animali-in-carta-3d\/stegosaurus\/\" \/>\n<meta property=\"og:site_name\" content=\"Talenti.si\" \/>\n<meta property=\"og:image\" content=\"https:\/\/talenti.si\/wp-content\/uploads\/2023\/02\/stegozaver.jpg\" \/>\n\t<meta property=\"og:image:width\" content=\"354\" \/>\n\t<meta property=\"og:image:height\" content=\"752\" \/>\n\t<meta property=\"og:image:type\" content=\"image\/jpeg\" \/>\n<meta name=\"twitter:card\" content=\"summary_large_image\" \/>\n<meta name=\"twitter:label1\" content=\"Tempo di lettura stimato\" \/>\n\t<meta name=\"twitter:data1\" content=\"1 minuto\" \/>\n<script type=\"application\/ld+json\" class=\"yoast-schema-graph\">{\"@context\":\"https:\/\/schema.org\",\"@graph\":[{\"@type\":\"WebPage\",\"@id\":\"https:\/\/talenti.si\/it\/varie\/modelli-di-animali-in-carta-3d\/stegosaurus\/\",\"url\":\"https:\/\/talenti.si\/it\/varie\/modelli-di-animali-in-carta-3d\/stegosaurus\/\",\"name\":\"Stegosaurus - Talenti.si\",\"isPartOf\":{\"@id\":\"https:\/\/talenti.si\/it\/#website\"},\"primaryImageOfPage\":{\"@id\":\"https:\/\/talenti.si\/it\/varie\/modelli-di-animali-in-carta-3d\/stegosaurus\/#primaryimage\"},\"image\":{\"@id\":\"https:\/\/talenti.si\/it\/varie\/modelli-di-animali-in-carta-3d\/stegosaurus\/#primaryimage\"},\"thumbnailUrl\":\"https:\/\/talenti.si\/wp-content\/uploads\/2023\/02\/stegozaver.jpg\",\"datePublished\":\"2023-02-27T07:27:22+00:00\",\"description\":\"Fridolin presenta i modelli di carta 3D!\",\"breadcrumb\":{\"@id\":\"https:\/\/talenti.si\/it\/varie\/modelli-di-animali-in-carta-3d\/stegosaurus\/#breadcrumb\"},\"inLanguage\":\"it-IT\",\"potentialAction\":[{\"@type\":\"ReadAction\",\"target\":[\"https:\/\/talenti.si\/it\/varie\/modelli-di-animali-in-carta-3d\/stegosaurus\/\"]}]},{\"@type\":\"ImageObject\",\"inLanguage\":\"it-IT\",\"@id\":\"https:\/\/talenti.si\/it\/varie\/modelli-di-animali-in-carta-3d\/stegosaurus\/#primaryimage\",\"url\":\"https:\/\/talenti.si\/wp-content\/uploads\/2023\/02\/stegozaver.jpg\",\"contentUrl\":\"https:\/\/talenti.si\/wp-content\/uploads\/2023\/02\/stegozaver.jpg\",\"width\":354,\"height\":752},{\"@type\":\"BreadcrumbList\",\"@id\":\"https:\/\/talenti.si\/it\/varie\/modelli-di-animali-in-carta-3d\/stegosaurus\/#breadcrumb\",\"itemListElement\":[{\"@type\":\"ListItem\",\"position\":1,\"name\":\"Home\",\"item\":\"https:\/\/talenti.si\/it\/\"},{\"@type\":\"ListItem\",\"position\":2,\"name\":\"Negozio\",\"item\":\"https:\/\/talenti.si\/it\/negozio\/\"},{\"@type\":\"ListItem\",\"position\":3,\"name\":\"Stegosaurus\"}]},{\"@type\":\"WebSite\",\"@id\":\"https:\/\/talenti.si\/it\/#website\",\"url\":\"https:\/\/talenti.si\/it\/\",\"name\":\"Talenti.si\",\"description\":\"Spletna trgovina za vse \u017eonglerje in podobne talente. Vse za \u017eongliranje, yoyo, frizbi, bumerang, kite... in \u0161e in \u0161e.\",\"publisher\":{\"@id\":\"https:\/\/talenti.si\/it\/#organization\"},\"potentialAction\":[{\"@type\":\"SearchAction\",\"target\":{\"@type\":\"EntryPoint\",\"urlTemplate\":\"https:\/\/talenti.si\/it\/?s={search_term_string}\"},\"query-input\":{\"@type\":\"PropertyValueSpecification\",\"valueRequired\":true,\"valueName\":\"search_term_string\"}}],\"inLanguage\":\"it-IT\"},{\"@type\":\"Organization\",\"@id\":\"https:\/\/talenti.si\/it\/#organization\",\"name\":\"Talenti.si\",\"url\":\"https:\/\/talenti.si\/it\/\",\"logo\":{\"@type\":\"ImageObject\",\"inLanguage\":\"it-IT\",\"@id\":\"https:\/\/talenti.si\/it\/#\/schema\/logo\/image\/\",\"url\":\"https:\/\/talenti.si\/wp-content\/uploads\/2021\/12\/logo-talent-pravi-dark.png\",\"contentUrl\":\"https:\/\/talenti.si\/wp-content\/uploads\/2021\/12\/logo-talent-pravi-dark.png\",\"width\":145,\"height\":83,\"caption\":\"Talenti.si\"},\"image\":{\"@id\":\"https:\/\/talenti.si\/it\/#\/schema\/logo\/image\/\"}}]}<\/script>\n<!-- \/ Yoast SEO plugin. -->","yoast_head_json":{"title":"Stegosaurus - Talenti.si","description":"Fridolin presenta i modelli di carta 3D!","robots":{"index":"index","follow":"follow","max-snippet":"max-snippet:-1","max-image-preview":"max-image-preview:large","max-video-preview":"max-video-preview:-1"},"canonical":"https:\/\/talenti.si\/it\/varie\/modelli-di-animali-in-carta-3d\/stegosaurus\/","og_locale":"it_IT","og_type":"article","og_title":"Stegosaurus - Talenti.si","og_description":"Fridolin presenta i modelli di carta 3D!","og_url":"https:\/\/talenti.si\/it\/varie\/modelli-di-animali-in-carta-3d\/stegosaurus\/","og_site_name":"Talenti.si","og_image":[{"width":354,"height":752,"url":"https:\/\/talenti.si\/wp-content\/uploads\/2023\/02\/stegozaver.jpg","type":"image\/jpeg"}],"twitter_card":"summary_large_image","twitter_misc":{"Tempo di lettura stimato":"1 minuto"},"schema":{"@context":"https:\/\/schema.org","@graph":[{"@type":"WebPage","@id":"https:\/\/talenti.si\/it\/varie\/modelli-di-animali-in-carta-3d\/stegosaurus\/","url":"https:\/\/talenti.si\/it\/varie\/modelli-di-animali-in-carta-3d\/stegosaurus\/","name":"Stegosaurus - Talenti.si","isPartOf":{"@id":"https:\/\/talenti.si\/it\/#website"},"primaryImageOfPage":{"@id":"https:\/\/talenti.si\/it\/varie\/modelli-di-animali-in-carta-3d\/stegosaurus\/#primaryimage"},"image":{"@id":"https:\/\/talenti.si\/it\/varie\/modelli-di-animali-in-carta-3d\/stegosaurus\/#primaryimage"},"thumbnailUrl":"https:\/\/talenti.si\/wp-content\/uploads\/2023\/02\/stegozaver.jpg","datePublished":"2023-02-27T07:27:22+00:00","description":"Fridolin presenta i modelli di carta 3D!","breadcrumb":{"@id":"https:\/\/talenti.si\/it\/varie\/modelli-di-animali-in-carta-3d\/stegosaurus\/#breadcrumb"},"inLanguage":"it-IT","potentialAction":[{"@type":"ReadAction","target":["https:\/\/talenti.si\/it\/varie\/modelli-di-animali-in-carta-3d\/stegosaurus\/"]}]},{"@type":"ImageObject","inLanguage":"it-IT","@id":"https:\/\/talenti.si\/it\/varie\/modelli-di-animali-in-carta-3d\/stegosaurus\/#primaryimage","url":"https:\/\/talenti.si\/wp-content\/uploads\/2023\/02\/stegozaver.jpg","contentUrl":"https:\/\/talenti.si\/wp-content\/uploads\/2023\/02\/stegozaver.jpg","width":354,"height":752},{"@type":"BreadcrumbList","@id":"https:\/\/talenti.si\/it\/varie\/modelli-di-animali-in-carta-3d\/stegosaurus\/#breadcrumb","itemListElement":[{"@type":"ListItem","position":1,"name":"Home","item":"https:\/\/talenti.si\/it\/"},{"@type":"ListItem","position":2,"name":"Negozio","item":"https:\/\/talenti.si\/it\/negozio\/"},{"@type":"ListItem","position":3,"name":"Stegosaurus"}]},{"@type":"WebSite","@id":"https:\/\/talenti.si\/it\/#website","url":"https:\/\/talenti.si\/it\/","name":"Talenti.si","description":"Spletna trgovina za vse \u017eonglerje in podobne talente. Vse za \u017eongliranje, yoyo, frizbi, bumerang, kite... in \u0161e in \u0161e.","publisher":{"@id":"https:\/\/talenti.si\/it\/#organization"},"potentialAction":[{"@type":"SearchAction","target":{"@type":"EntryPoint","urlTemplate":"https:\/\/talenti.si\/it\/?s={search_term_string}"},"query-input":{"@type":"PropertyValueSpecification","valueRequired":true,"valueName":"search_term_string"}}],"inLanguage":"it-IT"},{"@type":"Organization","@id":"https:\/\/talenti.si\/it\/#organization","name":"Talenti.si","url":"https:\/\/talenti.si\/it\/","logo":{"@type":"ImageObject","inLanguage":"it-IT","@id":"https:\/\/talenti.si\/it\/#\/schema\/logo\/image\/","url":"https:\/\/talenti.si\/wp-content\/uploads\/2021\/12\/logo-talent-pravi-dark.png","contentUrl":"https:\/\/talenti.si\/wp-content\/uploads\/2021\/12\/logo-talent-pravi-dark.png","width":145,"height":83,"caption":"Talenti.si"},"image":{"@id":"https:\/\/talenti.si\/it\/#\/schema\/logo\/image\/"}}]}},"brands":[{"id":2058,"name":"Fridolin","slug":"fridolin-it"}],"_links":{"self":[{"href":"https:\/\/talenti.si\/it\/wp-json\/wp\/v2\/product\/28027","targetHints":{"allow":["GET"]}}],"collection":[{"href":"https:\/\/talenti.si\/it\/wp-json\/wp\/v2\/product"}],"about":[{"href":"https:\/\/talenti.si\/it\/wp-json\/wp\/v2\/types\/product"}],"replies":[{"embeddable":true,"href":"https:\/\/talenti.si\/it\/wp-json\/wp\/v2\/comments?post=28027"}],"wp:featuredmedia":[{"embeddable":true,"href":"https:\/\/talenti.si\/it\/wp-json\/wp\/v2\/media\/22270"}],"wp:attachment":[{"href":"https:\/\/talenti.si\/it\/wp-json\/wp\/v2\/media?parent=28027"}],"wp:term":[{"taxonomy":"pwb-brand","embeddable":true,"href":"https:\/\/talenti.si\/it\/wp-json\/wp\/v2\/pwb-brand?post=28027"},{"taxonomy":"product_brand","embeddable":true,"href":"https:\/\/talenti.si\/it\/wp-json\/wp\/v2\/product_brand?post=28027"},{"taxonomy":"product_cat","embeddable":true,"href":"https:\/\/talenti.si\/it\/wp-json\/wp\/v2\/product_cat?post=28027"},{"taxonomy":"product_tag","embeddable":true,"href":"https:\/\/talenti.si\/it\/wp-json\/wp\/v2\/product_tag?post=28027"}],"curies":[{"name":"wp","href":"https:\/\/api.w.org\/{rel}","templated":true}]}}