{"id":28171,"date":"2012-05-15T22:42:47","date_gmt":"2012-05-15T22:42:47","guid":{"rendered":"https:\/\/talenti.si\/senza-categoria\/aqua-color-express-12-x-4g\/"},"modified":"2025-10-27T17:30:50","modified_gmt":"2025-10-27T17:30:50","slug":"aqua-color-express-12-x-4g","status":"publish","type":"product","link":"https:\/\/talenti.si\/it\/varie\/colori-per-la-pittura-del-viso\/aqua-color-express-12-x-4g\/","title":{"rendered":"Aqua color Express 12 x 4g"},"content":{"rendered":"<p>Il set contiene <strong>12<\/strong><strong> <\/strong>piccoli colori Aquacolor Express (bianco, nero, rosso, giallo, verde, blu, arancione, marrone, viola, rosa, oro, argento). Sono inclusi anche <strong>2<\/strong> mini pennelli per applicare la vernice sul viso.<\/p>\n<p>Contenuto: 12 x <strong>4<\/strong> g<\/p>\n<div class=\"video-container responsive-embed widescreen\"><iframe loading=\"lazy\" title=\"Fantasy Make Up Reh\/Deer\" width=\"900\" height=\"506\" src=\"https:\/\/www.youtube.com\/embed\/wY54P1VBmG0?feature=oembed\" frameborder=\"0\" allow=\"accelerometer; autoplay; clipboard-write; encrypted-media; gyroscope; picture-in-picture; web-share\" allowfullscreen><\/iframe><\/div>\n","protected":false},"excerpt":{"rendered":"<p>Il set contiene 12 piccoli colori Aquacolor Express (bianco, nero, rosso, giallo, verde, blu, arancione, marrone, viola, rosa, oro, argento). Sono inclusi anche 2 mini pennelli per applicare la vernice sul viso. Contenuto: 12 x 4 g<\/p>\n","protected":false},"featured_media":14179,"comment_status":"open","ping_status":"closed","template":"","meta":{"_acf_changed":false},"pwb-brand":[2052],"product_brand":[],"product_cat":[1741],"product_tag":[3523,3524,3525],"class_list":{"0":"post-28171","1":"product","2":"type-product","3":"status-publish","4":"has-post-thumbnail","6":"pwb-brand-fantasy-it","7":"product_cat-colori-per-la-pittura-del-viso","8":"product_tag-aqua-it","9":"product_tag-color-it","10":"product_tag-express-it","12":"first","13":"instock","14":"taxable","15":"shipping-taxable","16":"purchasable","17":"product-type-simple"},"acf":[],"yoast_head":"<!-- This site is optimized with the Yoast SEO plugin v25.8 - https:\/\/yoast.com\/wordpress\/plugins\/seo\/ -->\n<title>Aqua color Express 12 x 4g<\/title>\n<meta name=\"description\" content=\"Il set contiene 12 piccoli colori Aquacolor Express (bianco, nero, rosso, giallo, verde, blu, arancione, marrone, viola, rosa, oro, argento) e sono inclusi anche 2 mini pennelli per applicare il colore sul viso.\" \/>\n<meta name=\"robots\" content=\"index, follow, max-snippet:-1, max-image-preview:large, max-video-preview:-1\" \/>\n<link rel=\"canonical\" href=\"https:\/\/talenti.si\/it\/varie\/colori-per-la-pittura-del-viso\/aqua-color-express-12-x-4g\/\" \/>\n<meta property=\"og:locale\" content=\"it_IT\" \/>\n<meta property=\"og:type\" content=\"article\" \/>\n<meta property=\"og:title\" content=\"Aqua color Express 12 x 4g\" \/>\n<meta property=\"og:description\" content=\"Il set contiene 12 piccoli colori Aquacolor Express (bianco, nero, rosso, giallo, verde, blu, arancione, marrone, viola, rosa, oro, argento) e sono inclusi anche 2 mini pennelli per applicare il colore sul viso.\" \/>\n<meta property=\"og:url\" content=\"https:\/\/talenti.si\/it\/varie\/colori-per-la-pittura-del-viso\/aqua-color-express-12-x-4g\/\" \/>\n<meta property=\"og:site_name\" content=\"Talenti.si\" \/>\n<meta property=\"article:modified_time\" content=\"2025-10-27T17:30:50+00:00\" \/>\n<meta property=\"og:image\" content=\"https:\/\/talenti.si\/wp-content\/uploads\/2022\/01\/kast12-2009.jpg\" \/>\n\t<meta property=\"og:image:width\" content=\"800\" \/>\n\t<meta property=\"og:image:height\" content=\"329\" \/>\n\t<meta property=\"og:image:type\" content=\"image\/jpeg\" \/>\n<meta name=\"twitter:card\" content=\"summary_large_image\" \/>\n<script type=\"application\/ld+json\" class=\"yoast-schema-graph\">{\"@context\":\"https:\/\/schema.org\",\"@graph\":[{\"@type\":\"WebPage\",\"@id\":\"https:\/\/talenti.si\/it\/varie\/colori-per-la-pittura-del-viso\/aqua-color-express-12-x-4g\/\",\"url\":\"https:\/\/talenti.si\/it\/varie\/colori-per-la-pittura-del-viso\/aqua-color-express-12-x-4g\/\",\"name\":\"Aqua color Express 12 x 4g\",\"isPartOf\":{\"@id\":\"https:\/\/talenti.si\/it\/#website\"},\"primaryImageOfPage\":{\"@id\":\"https:\/\/talenti.si\/it\/varie\/colori-per-la-pittura-del-viso\/aqua-color-express-12-x-4g\/#primaryimage\"},\"image\":{\"@id\":\"https:\/\/talenti.si\/it\/varie\/colori-per-la-pittura-del-viso\/aqua-color-express-12-x-4g\/#primaryimage\"},\"thumbnailUrl\":\"https:\/\/talenti.si\/wp-content\/uploads\/2022\/01\/kast12-2009.jpg\",\"datePublished\":\"2012-05-15T22:42:47+00:00\",\"dateModified\":\"2025-10-27T17:30:50+00:00\",\"description\":\"Il set contiene 12 piccoli colori Aquacolor Express (bianco, nero, rosso, giallo, verde, blu, arancione, marrone, viola, rosa, oro, argento) e sono inclusi anche 2 mini pennelli per applicare il colore sul viso.\",\"breadcrumb\":{\"@id\":\"https:\/\/talenti.si\/it\/varie\/colori-per-la-pittura-del-viso\/aqua-color-express-12-x-4g\/#breadcrumb\"},\"inLanguage\":\"it-IT\",\"potentialAction\":[{\"@type\":\"ReadAction\",\"target\":[\"https:\/\/talenti.si\/it\/varie\/colori-per-la-pittura-del-viso\/aqua-color-express-12-x-4g\/\"]}]},{\"@type\":\"ImageObject\",\"inLanguage\":\"it-IT\",\"@id\":\"https:\/\/talenti.si\/it\/varie\/colori-per-la-pittura-del-viso\/aqua-color-express-12-x-4g\/#primaryimage\",\"url\":\"https:\/\/talenti.si\/wp-content\/uploads\/2022\/01\/kast12-2009.jpg\",\"contentUrl\":\"https:\/\/talenti.si\/wp-content\/uploads\/2022\/01\/kast12-2009.jpg\",\"width\":800,\"height\":329},{\"@type\":\"BreadcrumbList\",\"@id\":\"https:\/\/talenti.si\/it\/varie\/colori-per-la-pittura-del-viso\/aqua-color-express-12-x-4g\/#breadcrumb\",\"itemListElement\":[{\"@type\":\"ListItem\",\"position\":1,\"name\":\"Home\",\"item\":\"https:\/\/talenti.si\/it\/\"},{\"@type\":\"ListItem\",\"position\":2,\"name\":\"Negozio\",\"item\":\"https:\/\/talenti.si\/it\/negozio\/\"},{\"@type\":\"ListItem\",\"position\":3,\"name\":\"Aqua color Express 12 x 4g\"}]},{\"@type\":\"WebSite\",\"@id\":\"https:\/\/talenti.si\/it\/#website\",\"url\":\"https:\/\/talenti.si\/it\/\",\"name\":\"Talenti.si\",\"description\":\"Spletna trgovina za vse \u017eonglerje in podobne talente. Vse za \u017eongliranje, yoyo, frizbi, bumerang, kite... in \u0161e in \u0161e.\",\"publisher\":{\"@id\":\"https:\/\/talenti.si\/it\/#organization\"},\"potentialAction\":[{\"@type\":\"SearchAction\",\"target\":{\"@type\":\"EntryPoint\",\"urlTemplate\":\"https:\/\/talenti.si\/it\/?s={search_term_string}\"},\"query-input\":{\"@type\":\"PropertyValueSpecification\",\"valueRequired\":true,\"valueName\":\"search_term_string\"}}],\"inLanguage\":\"it-IT\"},{\"@type\":\"Organization\",\"@id\":\"https:\/\/talenti.si\/it\/#organization\",\"name\":\"Talenti.si\",\"url\":\"https:\/\/talenti.si\/it\/\",\"logo\":{\"@type\":\"ImageObject\",\"inLanguage\":\"it-IT\",\"@id\":\"https:\/\/talenti.si\/it\/#\/schema\/logo\/image\/\",\"url\":\"https:\/\/talenti.si\/wp-content\/uploads\/2021\/12\/logo-talent-pravi-dark.png\",\"contentUrl\":\"https:\/\/talenti.si\/wp-content\/uploads\/2021\/12\/logo-talent-pravi-dark.png\",\"width\":145,\"height\":83,\"caption\":\"Talenti.si\"},\"image\":{\"@id\":\"https:\/\/talenti.si\/it\/#\/schema\/logo\/image\/\"}}]}<\/script>\n<!-- \/ Yoast SEO plugin. -->","yoast_head_json":{"title":"Aqua color Express 12 x 4g","description":"Il set contiene 12 piccoli colori Aquacolor Express (bianco, nero, rosso, giallo, verde, blu, arancione, marrone, viola, rosa, oro, argento) e sono inclusi anche 2 mini pennelli per applicare il colore sul viso.","robots":{"index":"index","follow":"follow","max-snippet":"max-snippet:-1","max-image-preview":"max-image-preview:large","max-video-preview":"max-video-preview:-1"},"canonical":"https:\/\/talenti.si\/it\/varie\/colori-per-la-pittura-del-viso\/aqua-color-express-12-x-4g\/","og_locale":"it_IT","og_type":"article","og_title":"Aqua color Express 12 x 4g","og_description":"Il set contiene 12 piccoli colori Aquacolor Express (bianco, nero, rosso, giallo, verde, blu, arancione, marrone, viola, rosa, oro, argento) e sono inclusi anche 2 mini pennelli per applicare il colore sul viso.","og_url":"https:\/\/talenti.si\/it\/varie\/colori-per-la-pittura-del-viso\/aqua-color-express-12-x-4g\/","og_site_name":"Talenti.si","article_modified_time":"2025-10-27T17:30:50+00:00","og_image":[{"width":800,"height":329,"url":"https:\/\/talenti.si\/wp-content\/uploads\/2022\/01\/kast12-2009.jpg","type":"image\/jpeg"}],"twitter_card":"summary_large_image","schema":{"@context":"https:\/\/schema.org","@graph":[{"@type":"WebPage","@id":"https:\/\/talenti.si\/it\/varie\/colori-per-la-pittura-del-viso\/aqua-color-express-12-x-4g\/","url":"https:\/\/talenti.si\/it\/varie\/colori-per-la-pittura-del-viso\/aqua-color-express-12-x-4g\/","name":"Aqua color Express 12 x 4g","isPartOf":{"@id":"https:\/\/talenti.si\/it\/#website"},"primaryImageOfPage":{"@id":"https:\/\/talenti.si\/it\/varie\/colori-per-la-pittura-del-viso\/aqua-color-express-12-x-4g\/#primaryimage"},"image":{"@id":"https:\/\/talenti.si\/it\/varie\/colori-per-la-pittura-del-viso\/aqua-color-express-12-x-4g\/#primaryimage"},"thumbnailUrl":"https:\/\/talenti.si\/wp-content\/uploads\/2022\/01\/kast12-2009.jpg","datePublished":"2012-05-15T22:42:47+00:00","dateModified":"2025-10-27T17:30:50+00:00","description":"Il set contiene 12 piccoli colori Aquacolor Express (bianco, nero, rosso, giallo, verde, blu, arancione, marrone, viola, rosa, oro, argento) e sono inclusi anche 2 mini pennelli per applicare il colore sul viso.","breadcrumb":{"@id":"https:\/\/talenti.si\/it\/varie\/colori-per-la-pittura-del-viso\/aqua-color-express-12-x-4g\/#breadcrumb"},"inLanguage":"it-IT","potentialAction":[{"@type":"ReadAction","target":["https:\/\/talenti.si\/it\/varie\/colori-per-la-pittura-del-viso\/aqua-color-express-12-x-4g\/"]}]},{"@type":"ImageObject","inLanguage":"it-IT","@id":"https:\/\/talenti.si\/it\/varie\/colori-per-la-pittura-del-viso\/aqua-color-express-12-x-4g\/#primaryimage","url":"https:\/\/talenti.si\/wp-content\/uploads\/2022\/01\/kast12-2009.jpg","contentUrl":"https:\/\/talenti.si\/wp-content\/uploads\/2022\/01\/kast12-2009.jpg","width":800,"height":329},{"@type":"BreadcrumbList","@id":"https:\/\/talenti.si\/it\/varie\/colori-per-la-pittura-del-viso\/aqua-color-express-12-x-4g\/#breadcrumb","itemListElement":[{"@type":"ListItem","position":1,"name":"Home","item":"https:\/\/talenti.si\/it\/"},{"@type":"ListItem","position":2,"name":"Negozio","item":"https:\/\/talenti.si\/it\/negozio\/"},{"@type":"ListItem","position":3,"name":"Aqua color Express 12 x 4g"}]},{"@type":"WebSite","@id":"https:\/\/talenti.si\/it\/#website","url":"https:\/\/talenti.si\/it\/","name":"Talenti.si","description":"Spletna trgovina za vse \u017eonglerje in podobne talente. Vse za \u017eongliranje, yoyo, frizbi, bumerang, kite... in \u0161e in \u0161e.","publisher":{"@id":"https:\/\/talenti.si\/it\/#organization"},"potentialAction":[{"@type":"SearchAction","target":{"@type":"EntryPoint","urlTemplate":"https:\/\/talenti.si\/it\/?s={search_term_string}"},"query-input":{"@type":"PropertyValueSpecification","valueRequired":true,"valueName":"search_term_string"}}],"inLanguage":"it-IT"},{"@type":"Organization","@id":"https:\/\/talenti.si\/it\/#organization","name":"Talenti.si","url":"https:\/\/talenti.si\/it\/","logo":{"@type":"ImageObject","inLanguage":"it-IT","@id":"https:\/\/talenti.si\/it\/#\/schema\/logo\/image\/","url":"https:\/\/talenti.si\/wp-content\/uploads\/2021\/12\/logo-talent-pravi-dark.png","contentUrl":"https:\/\/talenti.si\/wp-content\/uploads\/2021\/12\/logo-talent-pravi-dark.png","width":145,"height":83,"caption":"Talenti.si"},"image":{"@id":"https:\/\/talenti.si\/it\/#\/schema\/logo\/image\/"}}]}},"brands":[{"id":2052,"name":"Fantasy","slug":"fantasy-it"}],"_links":{"self":[{"href":"https:\/\/talenti.si\/it\/wp-json\/wp\/v2\/product\/28171","targetHints":{"allow":["GET"]}}],"collection":[{"href":"https:\/\/talenti.si\/it\/wp-json\/wp\/v2\/product"}],"about":[{"href":"https:\/\/talenti.si\/it\/wp-json\/wp\/v2\/types\/product"}],"replies":[{"embeddable":true,"href":"https:\/\/talenti.si\/it\/wp-json\/wp\/v2\/comments?post=28171"}],"wp:featuredmedia":[{"embeddable":true,"href":"https:\/\/talenti.si\/it\/wp-json\/wp\/v2\/media\/14179"}],"wp:attachment":[{"href":"https:\/\/talenti.si\/it\/wp-json\/wp\/v2\/media?parent=28171"}],"wp:term":[{"taxonomy":"pwb-brand","embeddable":true,"href":"https:\/\/talenti.si\/it\/wp-json\/wp\/v2\/pwb-brand?post=28171"},{"taxonomy":"product_brand","embeddable":true,"href":"https:\/\/talenti.si\/it\/wp-json\/wp\/v2\/product_brand?post=28171"},{"taxonomy":"product_cat","embeddable":true,"href":"https:\/\/talenti.si\/it\/wp-json\/wp\/v2\/product_cat?post=28171"},{"taxonomy":"product_tag","embeddable":true,"href":"https:\/\/talenti.si\/it\/wp-json\/wp\/v2\/product_tag?post=28171"}],"curies":[{"name":"wp","href":"https:\/\/api.w.org\/{rel}","templated":true}]}}