{"id":28435,"date":"2023-02-22T08:34:54","date_gmt":"2023-02-22T08:34:54","guid":{"rendered":"https:\/\/talenti.si\/senza-categoria\/star-wars-casco-darth-vader-modello-assemblato\/"},"modified":"2023-02-22T08:34:54","modified_gmt":"2023-02-22T08:34:54","slug":"star-wars-casco-darth-vader-modello-assemblato","status":"publish","type":"product","link":"https:\/\/talenti.si\/it\/varie\/riproduzioni-in-miniatura-metalliche-metal-earth\/star-wars-casco-darth-vader-modello-assemblato\/","title":{"rendered":"Star Wars casco Darth Vader &#8211; modello assemblato"},"content":{"rendered":"<p><strong>Metal Earth &#8211; una linea di fantastici modelli 3D in acciaio da montare<\/strong><\/p>\n<p>Partendo da un foglio di <strong>acciaio<\/strong> pretagliato al laser, si assembler\u00e0 uno straordinario modello, con il solo aiuto di pinzette e tronchesino, <strong>senza colla<\/strong>! Scegliere un modello 3D tra veicoli, edifici famosi, personaggi e set da film e serie TV, sar\u00e0 veramente arduo! La qualit\u00e0 delle finiture e dei dettagli fotoincisi \u00e8 estrema e rimarrete &#8220;stupefatti&#8221; dal risultato!<\/p>\n<p>Darth Vader \u00e8 probabilmente uno dei cattivi pi\u00f9 famosi della popolare trilogia di fantascienza Star Wars. Il suo vero nome \u00e8 Anakin, ma quando si rivolge al lato oscuro, il suo segno distintivo diventa l&#8217;abito nero, la cui parte pi\u00f9 importante \u00e8 l&#8217;elmo, che lo aiuta a respirare, e si compone di una cuffia protettiva per il collo, una maschera primaria e un guscio esterno.<\/p>\n<p><iframe loading=\"lazy\" class=\"note-video-clip\" src=\"\/\/www.youtube.com\/embed\/Q-ThMtXqktQ\" width=\"640\" height=\"360\" frameborder=\"0\" data-mce-fragment=\"1\"><\/iframe><\/p>\n<p><strong>Caratteristiche:<\/strong><\/p>\n<ul>\n<li>Modello assemblato<\/li>\n<li>Dimensioni: <strong>5,7<\/strong> x <strong>5,3<\/strong> x <strong>6,7<\/strong> cm<\/li>\n<li>Materiali &#8211; <strong>acciaio <\/strong><\/li>\n<li>Et\u00e0 consigliata: <strong>14+<\/strong><\/li>\n<li>Il prodotto non \u00e8 un giocattolo!<\/li>\n<\/ul>\n<p><strong style=\"font-size: 10px;\">ATTENZIONE!<\/strong><span style=\"font-size: 10px;\"> <\/span><span style=\"font-size: 10px;\">L&#8217;articolo non \u00e8 adatto ai bambini di et\u00e0 inferiore ai 3 anni. I piccoli pezzi sono pericolosi perch\u00e9 possono essere inalati o ingeriti. Prima di consegnare l\u2019articolo al bambino, rimuovi tutte le parti dell\u2019imballaggio. Salva queste informazioni per un utilizzo successivo.<\/span><\/p>\n","protected":false},"excerpt":{"rendered":"<p>Metal Earth &#8211; una linea di fantastici modelli 3D in acciaio da montare Partendo da un foglio di acciaio pretagliato al laser, si assembler\u00e0 uno straordinario modello, con il solo aiuto di pinzette e tronchesino, senza colla! Scegliere un modello 3D tra veicoli, edifici famosi, personaggi e set da film e serie TV, sar\u00e0 veramente [&hellip;]<\/p>\n","protected":false},"featured_media":21757,"comment_status":"open","ping_status":"closed","template":"","meta":{"_acf_changed":false},"pwb-brand":[2086],"product_brand":[],"product_cat":[1750],"product_tag":[3638,3639,3640,3635],"class_list":{"0":"post-28435","1":"product","2":"type-product","3":"status-publish","4":"has-post-thumbnail","6":"pwb-brand-metal-earth-it","7":"product_cat-riproduzioni-in-miniatura-metalliche-metal-earth","8":"product_tag-metal-earth-it","9":"product_tag-metallo-it-2","10":"product_tag-repliche","11":"product_tag-star-wars-it","13":"first","14":"instock","15":"taxable","16":"shipping-taxable","17":"purchasable","18":"product-type-simple"},"acf":[],"yoast_head":"<!-- This site is optimized with the Yoast SEO plugin v25.8 - https:\/\/yoast.com\/wordpress\/plugins\/seo\/ -->\n<title>Star Wars casco Darth Vader - modello assemblato - Talenti.si<\/title>\n<meta name=\"description\" content=\"Metal Earth - una linea di fantastici modelli 3D in acciaio da montare\" \/>\n<meta name=\"robots\" content=\"index, follow, max-snippet:-1, max-image-preview:large, max-video-preview:-1\" \/>\n<link rel=\"canonical\" href=\"https:\/\/talenti.si\/it\/varie\/riproduzioni-in-miniatura-metalliche-metal-earth\/star-wars-casco-darth-vader-modello-assemblato\/\" \/>\n<meta property=\"og:locale\" content=\"it_IT\" \/>\n<meta property=\"og:type\" content=\"article\" \/>\n<meta property=\"og:title\" content=\"Star Wars casco Darth Vader - modello assemblato - Talenti.si\" \/>\n<meta property=\"og:description\" content=\"Metal Earth - una linea di fantastici modelli 3D in acciaio da montare\" \/>\n<meta property=\"og:url\" content=\"https:\/\/talenti.si\/it\/varie\/riproduzioni-in-miniatura-metalliche-metal-earth\/star-wars-casco-darth-vader-modello-assemblato\/\" \/>\n<meta property=\"og:site_name\" content=\"Talenti.si\" \/>\n<meta property=\"og:image\" content=\"https:\/\/talenti.si\/wp-content\/uploads\/2023\/02\/vojna-zvezd-darth-varder.jpg\" \/>\n\t<meta property=\"og:image:width\" content=\"1080\" \/>\n\t<meta property=\"og:image:height\" content=\"1080\" \/>\n\t<meta property=\"og:image:type\" content=\"image\/jpeg\" \/>\n<meta name=\"twitter:card\" content=\"summary_large_image\" \/>\n<meta name=\"twitter:label1\" content=\"Tempo di lettura stimato\" \/>\n\t<meta name=\"twitter:data1\" content=\"1 minuto\" \/>\n<script type=\"application\/ld+json\" class=\"yoast-schema-graph\">{\"@context\":\"https:\/\/schema.org\",\"@graph\":[{\"@type\":\"WebPage\",\"@id\":\"https:\/\/talenti.si\/it\/varie\/riproduzioni-in-miniatura-metalliche-metal-earth\/star-wars-casco-darth-vader-modello-assemblato\/\",\"url\":\"https:\/\/talenti.si\/it\/varie\/riproduzioni-in-miniatura-metalliche-metal-earth\/star-wars-casco-darth-vader-modello-assemblato\/\",\"name\":\"Star Wars casco Darth Vader - modello assemblato - Talenti.si\",\"isPartOf\":{\"@id\":\"https:\/\/talenti.si\/it\/#website\"},\"primaryImageOfPage\":{\"@id\":\"https:\/\/talenti.si\/it\/varie\/riproduzioni-in-miniatura-metalliche-metal-earth\/star-wars-casco-darth-vader-modello-assemblato\/#primaryimage\"},\"image\":{\"@id\":\"https:\/\/talenti.si\/it\/varie\/riproduzioni-in-miniatura-metalliche-metal-earth\/star-wars-casco-darth-vader-modello-assemblato\/#primaryimage\"},\"thumbnailUrl\":\"https:\/\/talenti.si\/wp-content\/uploads\/2023\/02\/vojna-zvezd-darth-varder.jpg\",\"datePublished\":\"2023-02-22T08:34:54+00:00\",\"description\":\"Metal Earth - una linea di fantastici modelli 3D in acciaio da montare\",\"breadcrumb\":{\"@id\":\"https:\/\/talenti.si\/it\/varie\/riproduzioni-in-miniatura-metalliche-metal-earth\/star-wars-casco-darth-vader-modello-assemblato\/#breadcrumb\"},\"inLanguage\":\"it-IT\",\"potentialAction\":[{\"@type\":\"ReadAction\",\"target\":[\"https:\/\/talenti.si\/it\/varie\/riproduzioni-in-miniatura-metalliche-metal-earth\/star-wars-casco-darth-vader-modello-assemblato\/\"]}]},{\"@type\":\"ImageObject\",\"inLanguage\":\"it-IT\",\"@id\":\"https:\/\/talenti.si\/it\/varie\/riproduzioni-in-miniatura-metalliche-metal-earth\/star-wars-casco-darth-vader-modello-assemblato\/#primaryimage\",\"url\":\"https:\/\/talenti.si\/wp-content\/uploads\/2023\/02\/vojna-zvezd-darth-varder.jpg\",\"contentUrl\":\"https:\/\/talenti.si\/wp-content\/uploads\/2023\/02\/vojna-zvezd-darth-varder.jpg\",\"width\":1080,\"height\":1080},{\"@type\":\"BreadcrumbList\",\"@id\":\"https:\/\/talenti.si\/it\/varie\/riproduzioni-in-miniatura-metalliche-metal-earth\/star-wars-casco-darth-vader-modello-assemblato\/#breadcrumb\",\"itemListElement\":[{\"@type\":\"ListItem\",\"position\":1,\"name\":\"Home\",\"item\":\"https:\/\/talenti.si\/it\/\"},{\"@type\":\"ListItem\",\"position\":2,\"name\":\"Negozio\",\"item\":\"https:\/\/talenti.si\/it\/negozio\/\"},{\"@type\":\"ListItem\",\"position\":3,\"name\":\"Star Wars casco Darth Vader &#8211; modello assemblato\"}]},{\"@type\":\"WebSite\",\"@id\":\"https:\/\/talenti.si\/it\/#website\",\"url\":\"https:\/\/talenti.si\/it\/\",\"name\":\"Talenti.si\",\"description\":\"Spletna trgovina za vse \u017eonglerje in podobne talente. Vse za \u017eongliranje, yoyo, frizbi, bumerang, kite... in \u0161e in \u0161e.\",\"publisher\":{\"@id\":\"https:\/\/talenti.si\/it\/#organization\"},\"potentialAction\":[{\"@type\":\"SearchAction\",\"target\":{\"@type\":\"EntryPoint\",\"urlTemplate\":\"https:\/\/talenti.si\/it\/?s={search_term_string}\"},\"query-input\":{\"@type\":\"PropertyValueSpecification\",\"valueRequired\":true,\"valueName\":\"search_term_string\"}}],\"inLanguage\":\"it-IT\"},{\"@type\":\"Organization\",\"@id\":\"https:\/\/talenti.si\/it\/#organization\",\"name\":\"Talenti.si\",\"url\":\"https:\/\/talenti.si\/it\/\",\"logo\":{\"@type\":\"ImageObject\",\"inLanguage\":\"it-IT\",\"@id\":\"https:\/\/talenti.si\/it\/#\/schema\/logo\/image\/\",\"url\":\"https:\/\/talenti.si\/wp-content\/uploads\/2021\/12\/logo-talent-pravi-dark.png\",\"contentUrl\":\"https:\/\/talenti.si\/wp-content\/uploads\/2021\/12\/logo-talent-pravi-dark.png\",\"width\":145,\"height\":83,\"caption\":\"Talenti.si\"},\"image\":{\"@id\":\"https:\/\/talenti.si\/it\/#\/schema\/logo\/image\/\"}}]}<\/script>\n<!-- \/ Yoast SEO plugin. -->","yoast_head_json":{"title":"Star Wars casco Darth Vader - modello assemblato - Talenti.si","description":"Metal Earth - una linea di fantastici modelli 3D in acciaio da montare","robots":{"index":"index","follow":"follow","max-snippet":"max-snippet:-1","max-image-preview":"max-image-preview:large","max-video-preview":"max-video-preview:-1"},"canonical":"https:\/\/talenti.si\/it\/varie\/riproduzioni-in-miniatura-metalliche-metal-earth\/star-wars-casco-darth-vader-modello-assemblato\/","og_locale":"it_IT","og_type":"article","og_title":"Star Wars casco Darth Vader - modello assemblato - Talenti.si","og_description":"Metal Earth - una linea di fantastici modelli 3D in acciaio da montare","og_url":"https:\/\/talenti.si\/it\/varie\/riproduzioni-in-miniatura-metalliche-metal-earth\/star-wars-casco-darth-vader-modello-assemblato\/","og_site_name":"Talenti.si","og_image":[{"width":1080,"height":1080,"url":"https:\/\/talenti.si\/wp-content\/uploads\/2023\/02\/vojna-zvezd-darth-varder.jpg","type":"image\/jpeg"}],"twitter_card":"summary_large_image","twitter_misc":{"Tempo di lettura stimato":"1 minuto"},"schema":{"@context":"https:\/\/schema.org","@graph":[{"@type":"WebPage","@id":"https:\/\/talenti.si\/it\/varie\/riproduzioni-in-miniatura-metalliche-metal-earth\/star-wars-casco-darth-vader-modello-assemblato\/","url":"https:\/\/talenti.si\/it\/varie\/riproduzioni-in-miniatura-metalliche-metal-earth\/star-wars-casco-darth-vader-modello-assemblato\/","name":"Star Wars casco Darth Vader - modello assemblato - Talenti.si","isPartOf":{"@id":"https:\/\/talenti.si\/it\/#website"},"primaryImageOfPage":{"@id":"https:\/\/talenti.si\/it\/varie\/riproduzioni-in-miniatura-metalliche-metal-earth\/star-wars-casco-darth-vader-modello-assemblato\/#primaryimage"},"image":{"@id":"https:\/\/talenti.si\/it\/varie\/riproduzioni-in-miniatura-metalliche-metal-earth\/star-wars-casco-darth-vader-modello-assemblato\/#primaryimage"},"thumbnailUrl":"https:\/\/talenti.si\/wp-content\/uploads\/2023\/02\/vojna-zvezd-darth-varder.jpg","datePublished":"2023-02-22T08:34:54+00:00","description":"Metal Earth - una linea di fantastici modelli 3D in acciaio da montare","breadcrumb":{"@id":"https:\/\/talenti.si\/it\/varie\/riproduzioni-in-miniatura-metalliche-metal-earth\/star-wars-casco-darth-vader-modello-assemblato\/#breadcrumb"},"inLanguage":"it-IT","potentialAction":[{"@type":"ReadAction","target":["https:\/\/talenti.si\/it\/varie\/riproduzioni-in-miniatura-metalliche-metal-earth\/star-wars-casco-darth-vader-modello-assemblato\/"]}]},{"@type":"ImageObject","inLanguage":"it-IT","@id":"https:\/\/talenti.si\/it\/varie\/riproduzioni-in-miniatura-metalliche-metal-earth\/star-wars-casco-darth-vader-modello-assemblato\/#primaryimage","url":"https:\/\/talenti.si\/wp-content\/uploads\/2023\/02\/vojna-zvezd-darth-varder.jpg","contentUrl":"https:\/\/talenti.si\/wp-content\/uploads\/2023\/02\/vojna-zvezd-darth-varder.jpg","width":1080,"height":1080},{"@type":"BreadcrumbList","@id":"https:\/\/talenti.si\/it\/varie\/riproduzioni-in-miniatura-metalliche-metal-earth\/star-wars-casco-darth-vader-modello-assemblato\/#breadcrumb","itemListElement":[{"@type":"ListItem","position":1,"name":"Home","item":"https:\/\/talenti.si\/it\/"},{"@type":"ListItem","position":2,"name":"Negozio","item":"https:\/\/talenti.si\/it\/negozio\/"},{"@type":"ListItem","position":3,"name":"Star Wars casco Darth Vader &#8211; modello assemblato"}]},{"@type":"WebSite","@id":"https:\/\/talenti.si\/it\/#website","url":"https:\/\/talenti.si\/it\/","name":"Talenti.si","description":"Spletna trgovina za vse \u017eonglerje in podobne talente. Vse za \u017eongliranje, yoyo, frizbi, bumerang, kite... in \u0161e in \u0161e.","publisher":{"@id":"https:\/\/talenti.si\/it\/#organization"},"potentialAction":[{"@type":"SearchAction","target":{"@type":"EntryPoint","urlTemplate":"https:\/\/talenti.si\/it\/?s={search_term_string}"},"query-input":{"@type":"PropertyValueSpecification","valueRequired":true,"valueName":"search_term_string"}}],"inLanguage":"it-IT"},{"@type":"Organization","@id":"https:\/\/talenti.si\/it\/#organization","name":"Talenti.si","url":"https:\/\/talenti.si\/it\/","logo":{"@type":"ImageObject","inLanguage":"it-IT","@id":"https:\/\/talenti.si\/it\/#\/schema\/logo\/image\/","url":"https:\/\/talenti.si\/wp-content\/uploads\/2021\/12\/logo-talent-pravi-dark.png","contentUrl":"https:\/\/talenti.si\/wp-content\/uploads\/2021\/12\/logo-talent-pravi-dark.png","width":145,"height":83,"caption":"Talenti.si"},"image":{"@id":"https:\/\/talenti.si\/it\/#\/schema\/logo\/image\/"}}]}},"brands":[{"id":2086,"name":"Metal Earth","slug":"metal-earth-it"}],"_links":{"self":[{"href":"https:\/\/talenti.si\/it\/wp-json\/wp\/v2\/product\/28435","targetHints":{"allow":["GET"]}}],"collection":[{"href":"https:\/\/talenti.si\/it\/wp-json\/wp\/v2\/product"}],"about":[{"href":"https:\/\/talenti.si\/it\/wp-json\/wp\/v2\/types\/product"}],"replies":[{"embeddable":true,"href":"https:\/\/talenti.si\/it\/wp-json\/wp\/v2\/comments?post=28435"}],"wp:featuredmedia":[{"embeddable":true,"href":"https:\/\/talenti.si\/it\/wp-json\/wp\/v2\/media\/21757"}],"wp:attachment":[{"href":"https:\/\/talenti.si\/it\/wp-json\/wp\/v2\/media?parent=28435"}],"wp:term":[{"taxonomy":"pwb-brand","embeddable":true,"href":"https:\/\/talenti.si\/it\/wp-json\/wp\/v2\/pwb-brand?post=28435"},{"taxonomy":"product_brand","embeddable":true,"href":"https:\/\/talenti.si\/it\/wp-json\/wp\/v2\/product_brand?post=28435"},{"taxonomy":"product_cat","embeddable":true,"href":"https:\/\/talenti.si\/it\/wp-json\/wp\/v2\/product_cat?post=28435"},{"taxonomy":"product_tag","embeddable":true,"href":"https:\/\/talenti.si\/it\/wp-json\/wp\/v2\/product_tag?post=28435"}],"curies":[{"name":"wp","href":"https:\/\/api.w.org\/{rel}","templated":true}]}}