{"id":29273,"date":"2022-11-30T08:56:41","date_gmt":"2022-11-30T08:56:41","guid":{"rendered":"https:\/\/talenti.si\/senza-categoria\/geomag-mechanics-gravity-vertical-motor-183\/"},"modified":"2023-09-12T10:27:25","modified_gmt":"2023-09-12T10:27:25","slug":"geomag-mechanics-gravity-vertical-motor-183","status":"publish","type":"product","link":"https:\/\/talenti.si\/it\/giocattoli\/costruzioni-magnetiche-geomag\/geomag-mechanics-gravity-vertical-motor-183\/","title":{"rendered":"Geomag Mechanics Gravity Vertical Motor 183"},"content":{"rendered":"<p>Mechanics \u00e8 la piattaforma di costruzioni che unisce le forze del magnetismo a un mondo di costruzioni meccaniche, per stimolare la creativit\u00e0, l\u2019inventiva e l\u2019ingegno.<\/p>\n<p>Con Geomag puoi costruire modelli 3D senza limiti, grazie alle magiche forze del magnetismo, liberando la creativit\u00e0 e l\u2019immaginazione durante il gioco.<em> Prodotto in Svizzera, con materiali riciclati!<\/em><\/p>\n<div class=\"video-container responsive-embed widescreen\"><iframe loading=\"lazy\" title=\"Geomag mechanics Gravity_764_Tutorial\" width=\"900\" height=\"506\" src=\"https:\/\/www.youtube.com\/embed\/pCwFqxKkaDw?feature=oembed\" frameborder=\"0\" allow=\"accelerometer; autoplay; clipboard-write; encrypted-media; gyroscope; picture-in-picture; web-share\" allowfullscreen><\/iframe><\/div>\n<p><strong>Caratteristiche:<\/strong><\/p>\n<ul>\n<li>Numero di pezzi: <strong>183<\/strong> + istruzioni<\/li>\n<li>Dimensioni dell&#8217;imballaggio: <strong>21<\/strong> x <strong>33<\/strong> x <strong>7,5<\/strong> cm<\/li>\n<li>Materiali &#8211; <strong>plastica riciclata<\/strong><\/li>\n<li>Et\u00e0 consigliata: <strong>8+<\/strong><\/li>\n<\/ul>\n<p><strong style=\"font-size: 10px;\">ATTENZIONE!<\/strong> <span style=\"font-size: 10px;\">L&#8217;articolo non \u00e8 adatto ai bambini di et\u00e0 inferiore ai 3 anni. I piccoli pezzi sono pericolosi perch\u00e9 possono essere inalati o ingeriti. Prima di consegnare l\u2019articolo al bambino, <\/span><span style=\"font-size: 10px;\">rimuovi tutte le parti dell\u2019imballaggio. Salva queste informazioni per un utilizzo successivo.<\/span><\/p>\n","protected":false},"excerpt":{"rendered":"<p>Mechanics \u00e8 la piattaforma di costruzioni che unisce le forze del magnetismo a un mondo di costruzioni meccaniche, per stimolare la creativit\u00e0, l\u2019inventiva e l\u2019ingegno. Con Geomag puoi costruire modelli 3D senza limiti, grazie alle magiche forze del magnetismo, liberando la creativit\u00e0 e l\u2019immaginazione durante il gioco. Prodotto in Svizzera, con materiali riciclati! Caratteristiche: Numero [&hellip;]<\/p>\n","protected":false},"featured_media":20614,"comment_status":"open","ping_status":"closed","template":"","meta":{"_acf_changed":false},"pwb-brand":[],"product_brand":[],"product_cat":[1713],"product_tag":[2829,3970,2305,2212],"class_list":{"0":"post-29273","1":"product","2":"type-product","3":"status-publish","4":"has-post-thumbnail","6":"product_cat-costruzioni-magnetiche-geomag","7":"product_tag-costruzione","8":"product_tag-geomag-it","9":"product_tag-magneti-it","10":"product_tag-set-it","12":"first","13":"outofstock","14":"taxable","15":"shipping-taxable","16":"purchasable","17":"product-type-simple"},"acf":[],"yoast_head":"<!-- This site is optimized with the Yoast SEO plugin v25.8 - https:\/\/yoast.com\/wordpress\/plugins\/seo\/ -->\n<title>Geomag Mechanics Gravity Vertical Motor 183 - Talenti.si<\/title>\n<meta name=\"description\" content=\"Con Geomag puoi costruire modelli 3D senza limiti, grazie alle magiche forze del magnetismo, liberando la creativit\u00e0 e l\u2019immaginazione durante il gioco. Prodotto in Svizzera, con materiali riciclati!\" \/>\n<meta name=\"robots\" content=\"index, follow, max-snippet:-1, max-image-preview:large, max-video-preview:-1\" \/>\n<link rel=\"canonical\" href=\"https:\/\/talenti.si\/it\/giocattoli\/costruzioni-magnetiche-geomag\/geomag-mechanics-gravity-vertical-motor-183\/\" \/>\n<meta property=\"og:locale\" content=\"it_IT\" \/>\n<meta property=\"og:type\" content=\"article\" \/>\n<meta property=\"og:title\" content=\"Geomag Mechanics Gravity Vertical Motor 183 - Talenti.si\" \/>\n<meta property=\"og:description\" content=\"Con Geomag puoi costruire modelli 3D senza limiti, grazie alle magiche forze del magnetismo, liberando la creativit\u00e0 e l\u2019immaginazione durante il gioco. Prodotto in Svizzera, con materiali riciclati!\" \/>\n<meta property=\"og:url\" content=\"https:\/\/talenti.si\/it\/giocattoli\/costruzioni-magnetiche-geomag\/geomag-mechanics-gravity-vertical-motor-183\/\" \/>\n<meta property=\"og:site_name\" content=\"Talenti.si\" \/>\n<meta property=\"article:modified_time\" content=\"2023-09-12T10:27:25+00:00\" \/>\n<meta property=\"og:image\" content=\"https:\/\/talenti.si\/wp-content\/uploads\/2022\/11\/geomag-mechanics-vertical-motor-talenti-si.jpg\" \/>\n\t<meta property=\"og:image:width\" content=\"1024\" \/>\n\t<meta property=\"og:image:height\" content=\"1024\" \/>\n\t<meta property=\"og:image:type\" content=\"image\/jpeg\" \/>\n<meta name=\"twitter:card\" content=\"summary_large_image\" \/>\n<meta name=\"twitter:label1\" content=\"Tempo di lettura stimato\" \/>\n\t<meta name=\"twitter:data1\" content=\"1 minuto\" \/>\n<script type=\"application\/ld+json\" class=\"yoast-schema-graph\">{\"@context\":\"https:\/\/schema.org\",\"@graph\":[{\"@type\":\"WebPage\",\"@id\":\"https:\/\/talenti.si\/it\/giocattoli\/costruzioni-magnetiche-geomag\/geomag-mechanics-gravity-vertical-motor-183\/\",\"url\":\"https:\/\/talenti.si\/it\/giocattoli\/costruzioni-magnetiche-geomag\/geomag-mechanics-gravity-vertical-motor-183\/\",\"name\":\"Geomag Mechanics Gravity Vertical Motor 183 - Talenti.si\",\"isPartOf\":{\"@id\":\"https:\/\/talenti.si\/it\/#website\"},\"primaryImageOfPage\":{\"@id\":\"https:\/\/talenti.si\/it\/giocattoli\/costruzioni-magnetiche-geomag\/geomag-mechanics-gravity-vertical-motor-183\/#primaryimage\"},\"image\":{\"@id\":\"https:\/\/talenti.si\/it\/giocattoli\/costruzioni-magnetiche-geomag\/geomag-mechanics-gravity-vertical-motor-183\/#primaryimage\"},\"thumbnailUrl\":\"https:\/\/talenti.si\/wp-content\/uploads\/2022\/11\/geomag-mechanics-vertical-motor-talenti-si.jpg\",\"datePublished\":\"2022-11-30T08:56:41+00:00\",\"dateModified\":\"2023-09-12T10:27:25+00:00\",\"description\":\"Con Geomag puoi costruire modelli 3D senza limiti, grazie alle magiche forze del magnetismo, liberando la creativit\u00e0 e l\u2019immaginazione durante il gioco. Prodotto in Svizzera, con materiali riciclati!\",\"breadcrumb\":{\"@id\":\"https:\/\/talenti.si\/it\/giocattoli\/costruzioni-magnetiche-geomag\/geomag-mechanics-gravity-vertical-motor-183\/#breadcrumb\"},\"inLanguage\":\"it-IT\",\"potentialAction\":[{\"@type\":\"ReadAction\",\"target\":[\"https:\/\/talenti.si\/it\/giocattoli\/costruzioni-magnetiche-geomag\/geomag-mechanics-gravity-vertical-motor-183\/\"]}]},{\"@type\":\"ImageObject\",\"inLanguage\":\"it-IT\",\"@id\":\"https:\/\/talenti.si\/it\/giocattoli\/costruzioni-magnetiche-geomag\/geomag-mechanics-gravity-vertical-motor-183\/#primaryimage\",\"url\":\"https:\/\/talenti.si\/wp-content\/uploads\/2022\/11\/geomag-mechanics-vertical-motor-talenti-si.jpg\",\"contentUrl\":\"https:\/\/talenti.si\/wp-content\/uploads\/2022\/11\/geomag-mechanics-vertical-motor-talenti-si.jpg\",\"width\":1024,\"height\":1024},{\"@type\":\"BreadcrumbList\",\"@id\":\"https:\/\/talenti.si\/it\/giocattoli\/costruzioni-magnetiche-geomag\/geomag-mechanics-gravity-vertical-motor-183\/#breadcrumb\",\"itemListElement\":[{\"@type\":\"ListItem\",\"position\":1,\"name\":\"Home\",\"item\":\"https:\/\/talenti.si\/it\/\"},{\"@type\":\"ListItem\",\"position\":2,\"name\":\"Negozio\",\"item\":\"https:\/\/talenti.si\/it\/negozio\/\"},{\"@type\":\"ListItem\",\"position\":3,\"name\":\"Geomag Mechanics Gravity Vertical Motor 183\"}]},{\"@type\":\"WebSite\",\"@id\":\"https:\/\/talenti.si\/it\/#website\",\"url\":\"https:\/\/talenti.si\/it\/\",\"name\":\"Talenti.si\",\"description\":\"Spletna trgovina za vse \u017eonglerje in podobne talente. Vse za \u017eongliranje, yoyo, frizbi, bumerang, kite... in \u0161e in \u0161e.\",\"publisher\":{\"@id\":\"https:\/\/talenti.si\/it\/#organization\"},\"potentialAction\":[{\"@type\":\"SearchAction\",\"target\":{\"@type\":\"EntryPoint\",\"urlTemplate\":\"https:\/\/talenti.si\/it\/?s={search_term_string}\"},\"query-input\":{\"@type\":\"PropertyValueSpecification\",\"valueRequired\":true,\"valueName\":\"search_term_string\"}}],\"inLanguage\":\"it-IT\"},{\"@type\":\"Organization\",\"@id\":\"https:\/\/talenti.si\/it\/#organization\",\"name\":\"Talenti.si\",\"url\":\"https:\/\/talenti.si\/it\/\",\"logo\":{\"@type\":\"ImageObject\",\"inLanguage\":\"it-IT\",\"@id\":\"https:\/\/talenti.si\/it\/#\/schema\/logo\/image\/\",\"url\":\"https:\/\/talenti.si\/wp-content\/uploads\/2021\/12\/logo-talent-pravi-dark.png\",\"contentUrl\":\"https:\/\/talenti.si\/wp-content\/uploads\/2021\/12\/logo-talent-pravi-dark.png\",\"width\":145,\"height\":83,\"caption\":\"Talenti.si\"},\"image\":{\"@id\":\"https:\/\/talenti.si\/it\/#\/schema\/logo\/image\/\"}}]}<\/script>\n<!-- \/ Yoast SEO plugin. -->","yoast_head_json":{"title":"Geomag Mechanics Gravity Vertical Motor 183 - Talenti.si","description":"Con Geomag puoi costruire modelli 3D senza limiti, grazie alle magiche forze del magnetismo, liberando la creativit\u00e0 e l\u2019immaginazione durante il gioco. Prodotto in Svizzera, con materiali riciclati!","robots":{"index":"index","follow":"follow","max-snippet":"max-snippet:-1","max-image-preview":"max-image-preview:large","max-video-preview":"max-video-preview:-1"},"canonical":"https:\/\/talenti.si\/it\/giocattoli\/costruzioni-magnetiche-geomag\/geomag-mechanics-gravity-vertical-motor-183\/","og_locale":"it_IT","og_type":"article","og_title":"Geomag Mechanics Gravity Vertical Motor 183 - Talenti.si","og_description":"Con Geomag puoi costruire modelli 3D senza limiti, grazie alle magiche forze del magnetismo, liberando la creativit\u00e0 e l\u2019immaginazione durante il gioco. Prodotto in Svizzera, con materiali riciclati!","og_url":"https:\/\/talenti.si\/it\/giocattoli\/costruzioni-magnetiche-geomag\/geomag-mechanics-gravity-vertical-motor-183\/","og_site_name":"Talenti.si","article_modified_time":"2023-09-12T10:27:25+00:00","og_image":[{"width":1024,"height":1024,"url":"https:\/\/talenti.si\/wp-content\/uploads\/2022\/11\/geomag-mechanics-vertical-motor-talenti-si.jpg","type":"image\/jpeg"}],"twitter_card":"summary_large_image","twitter_misc":{"Tempo di lettura stimato":"1 minuto"},"schema":{"@context":"https:\/\/schema.org","@graph":[{"@type":"WebPage","@id":"https:\/\/talenti.si\/it\/giocattoli\/costruzioni-magnetiche-geomag\/geomag-mechanics-gravity-vertical-motor-183\/","url":"https:\/\/talenti.si\/it\/giocattoli\/costruzioni-magnetiche-geomag\/geomag-mechanics-gravity-vertical-motor-183\/","name":"Geomag Mechanics Gravity Vertical Motor 183 - Talenti.si","isPartOf":{"@id":"https:\/\/talenti.si\/it\/#website"},"primaryImageOfPage":{"@id":"https:\/\/talenti.si\/it\/giocattoli\/costruzioni-magnetiche-geomag\/geomag-mechanics-gravity-vertical-motor-183\/#primaryimage"},"image":{"@id":"https:\/\/talenti.si\/it\/giocattoli\/costruzioni-magnetiche-geomag\/geomag-mechanics-gravity-vertical-motor-183\/#primaryimage"},"thumbnailUrl":"https:\/\/talenti.si\/wp-content\/uploads\/2022\/11\/geomag-mechanics-vertical-motor-talenti-si.jpg","datePublished":"2022-11-30T08:56:41+00:00","dateModified":"2023-09-12T10:27:25+00:00","description":"Con Geomag puoi costruire modelli 3D senza limiti, grazie alle magiche forze del magnetismo, liberando la creativit\u00e0 e l\u2019immaginazione durante il gioco. Prodotto in Svizzera, con materiali riciclati!","breadcrumb":{"@id":"https:\/\/talenti.si\/it\/giocattoli\/costruzioni-magnetiche-geomag\/geomag-mechanics-gravity-vertical-motor-183\/#breadcrumb"},"inLanguage":"it-IT","potentialAction":[{"@type":"ReadAction","target":["https:\/\/talenti.si\/it\/giocattoli\/costruzioni-magnetiche-geomag\/geomag-mechanics-gravity-vertical-motor-183\/"]}]},{"@type":"ImageObject","inLanguage":"it-IT","@id":"https:\/\/talenti.si\/it\/giocattoli\/costruzioni-magnetiche-geomag\/geomag-mechanics-gravity-vertical-motor-183\/#primaryimage","url":"https:\/\/talenti.si\/wp-content\/uploads\/2022\/11\/geomag-mechanics-vertical-motor-talenti-si.jpg","contentUrl":"https:\/\/talenti.si\/wp-content\/uploads\/2022\/11\/geomag-mechanics-vertical-motor-talenti-si.jpg","width":1024,"height":1024},{"@type":"BreadcrumbList","@id":"https:\/\/talenti.si\/it\/giocattoli\/costruzioni-magnetiche-geomag\/geomag-mechanics-gravity-vertical-motor-183\/#breadcrumb","itemListElement":[{"@type":"ListItem","position":1,"name":"Home","item":"https:\/\/talenti.si\/it\/"},{"@type":"ListItem","position":2,"name":"Negozio","item":"https:\/\/talenti.si\/it\/negozio\/"},{"@type":"ListItem","position":3,"name":"Geomag Mechanics Gravity Vertical Motor 183"}]},{"@type":"WebSite","@id":"https:\/\/talenti.si\/it\/#website","url":"https:\/\/talenti.si\/it\/","name":"Talenti.si","description":"Spletna trgovina za vse \u017eonglerje in podobne talente. Vse za \u017eongliranje, yoyo, frizbi, bumerang, kite... in \u0161e in \u0161e.","publisher":{"@id":"https:\/\/talenti.si\/it\/#organization"},"potentialAction":[{"@type":"SearchAction","target":{"@type":"EntryPoint","urlTemplate":"https:\/\/talenti.si\/it\/?s={search_term_string}"},"query-input":{"@type":"PropertyValueSpecification","valueRequired":true,"valueName":"search_term_string"}}],"inLanguage":"it-IT"},{"@type":"Organization","@id":"https:\/\/talenti.si\/it\/#organization","name":"Talenti.si","url":"https:\/\/talenti.si\/it\/","logo":{"@type":"ImageObject","inLanguage":"it-IT","@id":"https:\/\/talenti.si\/it\/#\/schema\/logo\/image\/","url":"https:\/\/talenti.si\/wp-content\/uploads\/2021\/12\/logo-talent-pravi-dark.png","contentUrl":"https:\/\/talenti.si\/wp-content\/uploads\/2021\/12\/logo-talent-pravi-dark.png","width":145,"height":83,"caption":"Talenti.si"},"image":{"@id":"https:\/\/talenti.si\/it\/#\/schema\/logo\/image\/"}}]}},"brands":[],"_links":{"self":[{"href":"https:\/\/talenti.si\/it\/wp-json\/wp\/v2\/product\/29273","targetHints":{"allow":["GET"]}}],"collection":[{"href":"https:\/\/talenti.si\/it\/wp-json\/wp\/v2\/product"}],"about":[{"href":"https:\/\/talenti.si\/it\/wp-json\/wp\/v2\/types\/product"}],"replies":[{"embeddable":true,"href":"https:\/\/talenti.si\/it\/wp-json\/wp\/v2\/comments?post=29273"}],"wp:featuredmedia":[{"embeddable":true,"href":"https:\/\/talenti.si\/it\/wp-json\/wp\/v2\/media\/20614"}],"wp:attachment":[{"href":"https:\/\/talenti.si\/it\/wp-json\/wp\/v2\/media?parent=29273"}],"wp:term":[{"taxonomy":"pwb-brand","embeddable":true,"href":"https:\/\/talenti.si\/it\/wp-json\/wp\/v2\/pwb-brand?post=29273"},{"taxonomy":"product_brand","embeddable":true,"href":"https:\/\/talenti.si\/it\/wp-json\/wp\/v2\/product_brand?post=29273"},{"taxonomy":"product_cat","embeddable":true,"href":"https:\/\/talenti.si\/it\/wp-json\/wp\/v2\/product_cat?post=29273"},{"taxonomy":"product_tag","embeddable":true,"href":"https:\/\/talenti.si\/it\/wp-json\/wp\/v2\/product_tag?post=29273"}],"curies":[{"name":"wp","href":"https:\/\/api.w.org\/{rel}","templated":true}]}}