{"id":29560,"date":"2023-09-12T11:07:36","date_gmt":"2023-09-12T11:07:36","guid":{"rendered":"https:\/\/talenti.si\/?post_type=product&#038;p=29560"},"modified":"2023-12-15T17:05:30","modified_gmt":"2023-12-15T17:05:30","slug":"borsa-termica-chillos","status":"publish","type":"product","link":"https:\/\/talenti.si\/it\/varie\/zaini-e-accessori-per-bambini\/borsa-termica-chillos\/","title":{"rendered":"Borsa termica Chillos"},"content":{"rendered":"<p><strong>I D\u00e9glingos sono perfetti per accompagnare il bambino dalla nascita fino alla scuola materna!<\/strong><\/p>\n<p>Scopri questa elegante borsa isolante per un picnic stravagante o per portare la merenda dalla tata. La borsa frigo D\u00e9glingos vi permette di portare il vostro pranzo o spuntino ovunque con voi. Grazie alla tracolla regolabile e alla piccola maniglia, \u00e8 possibile indossarlo intorno al corpo o in mano. Ultra resistente, mantiene il cibo fresco grazie all&#8217;isolamento in PEVA. Si pulisce con una spugna e si piega facilmente con le cinghie in velcro. E hop, \u00e8 nella borsa!<\/p>\n<div class=\"video-container responsive-embed widescreen\"><iframe loading=\"lazy\" title=\"Sac isotherme lunch bag Chillos le paresseux - Les D\u00e9glingos\" width=\"900\" height=\"506\" src=\"https:\/\/www.youtube.com\/embed\/c6Jv-1hLDJE?start=4&#038;feature=oembed\" frameborder=\"0\" allow=\"accelerometer; autoplay; clipboard-write; encrypted-media; gyroscope; picture-in-picture; web-share\" allowfullscreen><\/iframe><\/div>\n<p><strong>Caratteristiche:<\/strong><\/p>\n<ul>\n<li>Dimensioni: <b>14 <\/b>x <b>19 <\/b>x <b>14 <\/b>cm<\/li>\n<li>Materiali &#8211; <strong>poliestere riciclato, <\/strong><strong>schiuma isolante spessa 8 mm<\/strong><\/li>\n<li>Consigli d&#8217;uso: per la manutenzione, lavare solo superficialmente<\/li>\n<li>Et\u00e0 consigliata: <strong>0+<\/strong><\/li>\n<li>Made <strong>in France<\/strong><\/li>\n<\/ul>\n","protected":false},"excerpt":{"rendered":"<p>I D\u00e9glingos sono perfetti per accompagnare il bambino dalla nascita fino alla scuola materna! Scopri questa elegante borsa isolante per un picnic stravagante o per portare la merenda dalla tata. La borsa frigo D\u00e9glingos vi permette di portare il vostro pranzo o spuntino ovunque con voi. Grazie alla tracolla regolabile e alla piccola maniglia, \u00e8 [&hellip;]<\/p>\n","protected":false},"featured_media":29344,"comment_status":"open","ping_status":"closed","template":"","meta":{"_acf_changed":false},"pwb-brand":[2083],"product_brand":[],"product_cat":[1756],"product_tag":[3142,3139,3140,4021,3200,3143],"class_list":{"0":"post-29560","1":"product","2":"type-product","3":"status-publish","4":"has-post-thumbnail","6":"pwb-brand-les-deglingos-it","7":"product_cat-zaini-e-accessori-per-bambini","8":"product_tag-asilo","9":"product_tag-borsa-it","10":"product_tag-les-deglingos-it","11":"product_tag-merenda","12":"product_tag-passeggiata","13":"product_tag-scuola","15":"first","16":"outofstock","17":"taxable","18":"shipping-taxable","19":"purchasable","20":"product-type-simple"},"acf":[],"yoast_head":"<!-- This site is optimized with the Yoast SEO plugin v25.8 - https:\/\/yoast.com\/wordpress\/plugins\/seo\/ -->\n<title>Borsa termica Chillos - Talenti.si<\/title>\n<meta name=\"description\" content=\"Scopri questa elegante borsa isolante per un picnic stravagante o per portare la merenda dalla tata. La borsa frigo D\u00e9glingos vi permette di portare il vostro pranzo o spuntino ovunque con voi. Grazie alla tracolla regolabile e alla piccola maniglia, \u00e8 possibile indossarlo intorno al corpo o in mano. Ultra resistente, mantiene il cibo fresco grazie all&#039;isolamento in PEVA. Si pulisce con una spugna e si piega facilmente con le cinghie in velcro. E hop, \u00e8 nella borsa!\" \/>\n<meta name=\"robots\" content=\"index, follow, max-snippet:-1, max-image-preview:large, max-video-preview:-1\" \/>\n<link rel=\"canonical\" href=\"https:\/\/talenti.si\/it\/varie\/zaini-e-accessori-per-bambini\/borsa-termica-chillos\/\" \/>\n<meta property=\"og:locale\" content=\"it_IT\" \/>\n<meta property=\"og:type\" content=\"article\" \/>\n<meta property=\"og:title\" content=\"Borsa termica Chillos - Talenti.si\" \/>\n<meta property=\"og:description\" content=\"Scopri questa elegante borsa isolante per un picnic stravagante o per portare la merenda dalla tata. La borsa frigo D\u00e9glingos vi permette di portare il vostro pranzo o spuntino ovunque con voi. Grazie alla tracolla regolabile e alla piccola maniglia, \u00e8 possibile indossarlo intorno al corpo o in mano. Ultra resistente, mantiene il cibo fresco grazie all&#039;isolamento in PEVA. Si pulisce con una spugna e si piega facilmente con le cinghie in velcro. E hop, \u00e8 nella borsa!\" \/>\n<meta property=\"og:url\" content=\"https:\/\/talenti.si\/it\/varie\/zaini-e-accessori-per-bambini\/borsa-termica-chillos\/\" \/>\n<meta property=\"og:site_name\" content=\"Talenti.si\" \/>\n<meta property=\"article:modified_time\" content=\"2023-12-15T17:05:30+00:00\" \/>\n<meta property=\"og:image\" content=\"https:\/\/talenti.si\/wp-content\/uploads\/2023\/09\/chillos-torba-malica.jpg\" \/>\n\t<meta property=\"og:image:width\" content=\"800\" \/>\n\t<meta property=\"og:image:height\" content=\"800\" \/>\n\t<meta property=\"og:image:type\" content=\"image\/jpeg\" \/>\n<meta name=\"twitter:card\" content=\"summary_large_image\" \/>\n<meta name=\"twitter:label1\" content=\"Tempo di lettura stimato\" \/>\n\t<meta name=\"twitter:data1\" content=\"1 minuto\" \/>\n<script type=\"application\/ld+json\" class=\"yoast-schema-graph\">{\"@context\":\"https:\/\/schema.org\",\"@graph\":[{\"@type\":\"WebPage\",\"@id\":\"https:\/\/talenti.si\/it\/varie\/zaini-e-accessori-per-bambini\/borsa-termica-chillos\/\",\"url\":\"https:\/\/talenti.si\/it\/varie\/zaini-e-accessori-per-bambini\/borsa-termica-chillos\/\",\"name\":\"Borsa termica Chillos - Talenti.si\",\"isPartOf\":{\"@id\":\"https:\/\/talenti.si\/it\/#website\"},\"primaryImageOfPage\":{\"@id\":\"https:\/\/talenti.si\/it\/varie\/zaini-e-accessori-per-bambini\/borsa-termica-chillos\/#primaryimage\"},\"image\":{\"@id\":\"https:\/\/talenti.si\/it\/varie\/zaini-e-accessori-per-bambini\/borsa-termica-chillos\/#primaryimage\"},\"thumbnailUrl\":\"https:\/\/talenti.si\/wp-content\/uploads\/2023\/09\/chillos-torba-malica.jpg\",\"datePublished\":\"2023-09-12T11:07:36+00:00\",\"dateModified\":\"2023-12-15T17:05:30+00:00\",\"description\":\"Scopri questa elegante borsa isolante per un picnic stravagante o per portare la merenda dalla tata. La borsa frigo D\u00e9glingos vi permette di portare il vostro pranzo o spuntino ovunque con voi. Grazie alla tracolla regolabile e alla piccola maniglia, \u00e8 possibile indossarlo intorno al corpo o in mano. Ultra resistente, mantiene il cibo fresco grazie all'isolamento in PEVA. Si pulisce con una spugna e si piega facilmente con le cinghie in velcro. E hop, \u00e8 nella borsa!\",\"breadcrumb\":{\"@id\":\"https:\/\/talenti.si\/it\/varie\/zaini-e-accessori-per-bambini\/borsa-termica-chillos\/#breadcrumb\"},\"inLanguage\":\"it-IT\",\"potentialAction\":[{\"@type\":\"ReadAction\",\"target\":[\"https:\/\/talenti.si\/it\/varie\/zaini-e-accessori-per-bambini\/borsa-termica-chillos\/\"]}]},{\"@type\":\"ImageObject\",\"inLanguage\":\"it-IT\",\"@id\":\"https:\/\/talenti.si\/it\/varie\/zaini-e-accessori-per-bambini\/borsa-termica-chillos\/#primaryimage\",\"url\":\"https:\/\/talenti.si\/wp-content\/uploads\/2023\/09\/chillos-torba-malica.jpg\",\"contentUrl\":\"https:\/\/talenti.si\/wp-content\/uploads\/2023\/09\/chillos-torba-malica.jpg\",\"width\":800,\"height\":800},{\"@type\":\"BreadcrumbList\",\"@id\":\"https:\/\/talenti.si\/it\/varie\/zaini-e-accessori-per-bambini\/borsa-termica-chillos\/#breadcrumb\",\"itemListElement\":[{\"@type\":\"ListItem\",\"position\":1,\"name\":\"Home\",\"item\":\"https:\/\/talenti.si\/it\/\"},{\"@type\":\"ListItem\",\"position\":2,\"name\":\"Negozio\",\"item\":\"https:\/\/talenti.si\/it\/negozio\/\"},{\"@type\":\"ListItem\",\"position\":3,\"name\":\"Borsa termica Chillos\"}]},{\"@type\":\"WebSite\",\"@id\":\"https:\/\/talenti.si\/it\/#website\",\"url\":\"https:\/\/talenti.si\/it\/\",\"name\":\"Talenti.si\",\"description\":\"Spletna trgovina za vse \u017eonglerje in podobne talente. Vse za \u017eongliranje, yoyo, frizbi, bumerang, kite... in \u0161e in \u0161e.\",\"publisher\":{\"@id\":\"https:\/\/talenti.si\/it\/#organization\"},\"potentialAction\":[{\"@type\":\"SearchAction\",\"target\":{\"@type\":\"EntryPoint\",\"urlTemplate\":\"https:\/\/talenti.si\/it\/?s={search_term_string}\"},\"query-input\":{\"@type\":\"PropertyValueSpecification\",\"valueRequired\":true,\"valueName\":\"search_term_string\"}}],\"inLanguage\":\"it-IT\"},{\"@type\":\"Organization\",\"@id\":\"https:\/\/talenti.si\/it\/#organization\",\"name\":\"Talenti.si\",\"url\":\"https:\/\/talenti.si\/it\/\",\"logo\":{\"@type\":\"ImageObject\",\"inLanguage\":\"it-IT\",\"@id\":\"https:\/\/talenti.si\/it\/#\/schema\/logo\/image\/\",\"url\":\"https:\/\/talenti.si\/wp-content\/uploads\/2021\/12\/logo-talent-pravi-dark.png\",\"contentUrl\":\"https:\/\/talenti.si\/wp-content\/uploads\/2021\/12\/logo-talent-pravi-dark.png\",\"width\":145,\"height\":83,\"caption\":\"Talenti.si\"},\"image\":{\"@id\":\"https:\/\/talenti.si\/it\/#\/schema\/logo\/image\/\"}}]}<\/script>\n<!-- \/ Yoast SEO plugin. -->","yoast_head_json":{"title":"Borsa termica Chillos - Talenti.si","description":"Scopri questa elegante borsa isolante per un picnic stravagante o per portare la merenda dalla tata. La borsa frigo D\u00e9glingos vi permette di portare il vostro pranzo o spuntino ovunque con voi. Grazie alla tracolla regolabile e alla piccola maniglia, \u00e8 possibile indossarlo intorno al corpo o in mano. Ultra resistente, mantiene il cibo fresco grazie all'isolamento in PEVA. Si pulisce con una spugna e si piega facilmente con le cinghie in velcro. E hop, \u00e8 nella borsa!","robots":{"index":"index","follow":"follow","max-snippet":"max-snippet:-1","max-image-preview":"max-image-preview:large","max-video-preview":"max-video-preview:-1"},"canonical":"https:\/\/talenti.si\/it\/varie\/zaini-e-accessori-per-bambini\/borsa-termica-chillos\/","og_locale":"it_IT","og_type":"article","og_title":"Borsa termica Chillos - Talenti.si","og_description":"Scopri questa elegante borsa isolante per un picnic stravagante o per portare la merenda dalla tata. La borsa frigo D\u00e9glingos vi permette di portare il vostro pranzo o spuntino ovunque con voi. Grazie alla tracolla regolabile e alla piccola maniglia, \u00e8 possibile indossarlo intorno al corpo o in mano. Ultra resistente, mantiene il cibo fresco grazie all'isolamento in PEVA. Si pulisce con una spugna e si piega facilmente con le cinghie in velcro. E hop, \u00e8 nella borsa!","og_url":"https:\/\/talenti.si\/it\/varie\/zaini-e-accessori-per-bambini\/borsa-termica-chillos\/","og_site_name":"Talenti.si","article_modified_time":"2023-12-15T17:05:30+00:00","og_image":[{"width":800,"height":800,"url":"https:\/\/talenti.si\/wp-content\/uploads\/2023\/09\/chillos-torba-malica.jpg","type":"image\/jpeg"}],"twitter_card":"summary_large_image","twitter_misc":{"Tempo di lettura stimato":"1 minuto"},"schema":{"@context":"https:\/\/schema.org","@graph":[{"@type":"WebPage","@id":"https:\/\/talenti.si\/it\/varie\/zaini-e-accessori-per-bambini\/borsa-termica-chillos\/","url":"https:\/\/talenti.si\/it\/varie\/zaini-e-accessori-per-bambini\/borsa-termica-chillos\/","name":"Borsa termica Chillos - Talenti.si","isPartOf":{"@id":"https:\/\/talenti.si\/it\/#website"},"primaryImageOfPage":{"@id":"https:\/\/talenti.si\/it\/varie\/zaini-e-accessori-per-bambini\/borsa-termica-chillos\/#primaryimage"},"image":{"@id":"https:\/\/talenti.si\/it\/varie\/zaini-e-accessori-per-bambini\/borsa-termica-chillos\/#primaryimage"},"thumbnailUrl":"https:\/\/talenti.si\/wp-content\/uploads\/2023\/09\/chillos-torba-malica.jpg","datePublished":"2023-09-12T11:07:36+00:00","dateModified":"2023-12-15T17:05:30+00:00","description":"Scopri questa elegante borsa isolante per un picnic stravagante o per portare la merenda dalla tata. La borsa frigo D\u00e9glingos vi permette di portare il vostro pranzo o spuntino ovunque con voi. Grazie alla tracolla regolabile e alla piccola maniglia, \u00e8 possibile indossarlo intorno al corpo o in mano. Ultra resistente, mantiene il cibo fresco grazie all'isolamento in PEVA. Si pulisce con una spugna e si piega facilmente con le cinghie in velcro. E hop, \u00e8 nella borsa!","breadcrumb":{"@id":"https:\/\/talenti.si\/it\/varie\/zaini-e-accessori-per-bambini\/borsa-termica-chillos\/#breadcrumb"},"inLanguage":"it-IT","potentialAction":[{"@type":"ReadAction","target":["https:\/\/talenti.si\/it\/varie\/zaini-e-accessori-per-bambini\/borsa-termica-chillos\/"]}]},{"@type":"ImageObject","inLanguage":"it-IT","@id":"https:\/\/talenti.si\/it\/varie\/zaini-e-accessori-per-bambini\/borsa-termica-chillos\/#primaryimage","url":"https:\/\/talenti.si\/wp-content\/uploads\/2023\/09\/chillos-torba-malica.jpg","contentUrl":"https:\/\/talenti.si\/wp-content\/uploads\/2023\/09\/chillos-torba-malica.jpg","width":800,"height":800},{"@type":"BreadcrumbList","@id":"https:\/\/talenti.si\/it\/varie\/zaini-e-accessori-per-bambini\/borsa-termica-chillos\/#breadcrumb","itemListElement":[{"@type":"ListItem","position":1,"name":"Home","item":"https:\/\/talenti.si\/it\/"},{"@type":"ListItem","position":2,"name":"Negozio","item":"https:\/\/talenti.si\/it\/negozio\/"},{"@type":"ListItem","position":3,"name":"Borsa termica Chillos"}]},{"@type":"WebSite","@id":"https:\/\/talenti.si\/it\/#website","url":"https:\/\/talenti.si\/it\/","name":"Talenti.si","description":"Spletna trgovina za vse \u017eonglerje in podobne talente. Vse za \u017eongliranje, yoyo, frizbi, bumerang, kite... in \u0161e in \u0161e.","publisher":{"@id":"https:\/\/talenti.si\/it\/#organization"},"potentialAction":[{"@type":"SearchAction","target":{"@type":"EntryPoint","urlTemplate":"https:\/\/talenti.si\/it\/?s={search_term_string}"},"query-input":{"@type":"PropertyValueSpecification","valueRequired":true,"valueName":"search_term_string"}}],"inLanguage":"it-IT"},{"@type":"Organization","@id":"https:\/\/talenti.si\/it\/#organization","name":"Talenti.si","url":"https:\/\/talenti.si\/it\/","logo":{"@type":"ImageObject","inLanguage":"it-IT","@id":"https:\/\/talenti.si\/it\/#\/schema\/logo\/image\/","url":"https:\/\/talenti.si\/wp-content\/uploads\/2021\/12\/logo-talent-pravi-dark.png","contentUrl":"https:\/\/talenti.si\/wp-content\/uploads\/2021\/12\/logo-talent-pravi-dark.png","width":145,"height":83,"caption":"Talenti.si"},"image":{"@id":"https:\/\/talenti.si\/it\/#\/schema\/logo\/image\/"}}]}},"brands":[{"id":2083,"name":"Les D\u00e9glingos","slug":"les-deglingos-it"}],"_links":{"self":[{"href":"https:\/\/talenti.si\/it\/wp-json\/wp\/v2\/product\/29560","targetHints":{"allow":["GET"]}}],"collection":[{"href":"https:\/\/talenti.si\/it\/wp-json\/wp\/v2\/product"}],"about":[{"href":"https:\/\/talenti.si\/it\/wp-json\/wp\/v2\/types\/product"}],"replies":[{"embeddable":true,"href":"https:\/\/talenti.si\/it\/wp-json\/wp\/v2\/comments?post=29560"}],"wp:featuredmedia":[{"embeddable":true,"href":"https:\/\/talenti.si\/it\/wp-json\/wp\/v2\/media\/29344"}],"wp:attachment":[{"href":"https:\/\/talenti.si\/it\/wp-json\/wp\/v2\/media?parent=29560"}],"wp:term":[{"taxonomy":"pwb-brand","embeddable":true,"href":"https:\/\/talenti.si\/it\/wp-json\/wp\/v2\/pwb-brand?post=29560"},{"taxonomy":"product_brand","embeddable":true,"href":"https:\/\/talenti.si\/it\/wp-json\/wp\/v2\/product_brand?post=29560"},{"taxonomy":"product_cat","embeddable":true,"href":"https:\/\/talenti.si\/it\/wp-json\/wp\/v2\/product_cat?post=29560"},{"taxonomy":"product_tag","embeddable":true,"href":"https:\/\/talenti.si\/it\/wp-json\/wp\/v2\/product_tag?post=29560"}],"curies":[{"name":"wp","href":"https:\/\/api.w.org\/{rel}","templated":true}]}}