{"id":29727,"date":"2023-03-07T10:35:37","date_gmt":"2023-03-07T10:35:37","guid":{"rendered":"https:\/\/talenti.si\/senza-categoria\/doppia-croce\/"},"modified":"2023-03-07T10:35:37","modified_gmt":"2023-03-07T10:35:37","slug":"doppia-croce","status":"publish","type":"product","link":"https:\/\/talenti.si\/it\/varie\/giochi-di-logica\/doppia-croce\/","title":{"rendered":"Doppia croce"},"content":{"rendered":"<div id=\"product_description\" class=\"ui-tabs-panel ui-widget-content ui-corner-bottom\">\n<p>Sei pronto a strapparti i capelli? Esercitate la vostra mente con la serie di puzzle Fridolin.<\/p>\n<div id=\"product_description\" class=\"ui-tabs-panel ui-widget-content ui-corner-bottom\">\n<p><strong>Caratteristiche:<\/strong><\/p>\n<ul>\n<li>Dimensioni dell&#8217;imballaggio: <strong>9<\/strong> x <strong>8,5<\/strong> x <strong>9<\/strong> cm<\/li>\n<li>Difficolt\u00e0 (da 1-5): <strong>3<\/strong> stelle<\/li>\n<li>Materiali &#8211; <strong>bamb\u00f9<\/strong><\/li>\n<\/ul>\n<p><strong style=\"font-size: 10px;\">ATTENZIONE!<\/strong><span style=\"font-size: 10px;\"> <\/span><span style=\"font-size: 10px;\">L&#8217;articolo non \u00e8 adatto ai bambini di et\u00e0 inferiore ai 3 anni. I piccoli pezzi sono pericolosi perch\u00e9 possono essere inalati o ingeriti. Prima di consegnare l\u2019articolo al bambino, rimuovi tutte le parti dell\u2019imballaggio. Salva queste informazioni per un utilizzo successivo.<\/span><\/p>\n<\/div>\n<p>&nbsp;<\/p>\n<\/div>\n<p>&nbsp;<\/p>\n","protected":false},"excerpt":{"rendered":"<p>Sei pronto a strapparti i capelli? Esercitate la vostra mente con la serie di puzzle Fridolin. Caratteristiche: Dimensioni dell&#8217;imballaggio: 9 x 8,5 x 9 cm Difficolt\u00e0 (da 1-5): 3 stelle Materiali &#8211; bamb\u00f9 ATTENZIONE! L&#8217;articolo non \u00e8 adatto ai bambini di et\u00e0 inferiore ai 3 anni. I piccoli pezzi sono pericolosi perch\u00e9 possono essere inalati [&hellip;]<\/p>\n","protected":false},"featured_media":22570,"comment_status":"open","ping_status":"closed","template":"","meta":{"_acf_changed":false},"pwb-brand":[2058],"product_brand":[],"product_cat":[1753],"product_tag":[2214,2912,4051],"class_list":{"0":"post-29727","1":"product","2":"type-product","3":"status-publish","4":"has-post-thumbnail","6":"pwb-brand-fridolin-it","7":"product_cat-giochi-di-logica","8":"product_tag-gioco","9":"product_tag-legno-it-2","10":"product_tag-mentale","12":"first","13":"instock","14":"taxable","15":"shipping-taxable","16":"purchasable","17":"product-type-simple"},"acf":[],"yoast_head":"<!-- This site is optimized with the Yoast SEO plugin v25.8 - https:\/\/yoast.com\/wordpress\/plugins\/seo\/ -->\n<title>Doppia croce<\/title>\n<meta name=\"description\" content=\"Sei pronto a strapparti i capelli? Esercitate la vostra mente con la serie di puzzle Fridolin.\" \/>\n<meta name=\"robots\" content=\"index, follow, max-snippet:-1, max-image-preview:large, max-video-preview:-1\" \/>\n<link rel=\"canonical\" href=\"https:\/\/talenti.si\/it\/varie\/giochi-di-logica\/doppia-croce\/\" \/>\n<meta property=\"og:locale\" content=\"it_IT\" \/>\n<meta property=\"og:type\" content=\"article\" \/>\n<meta property=\"og:title\" content=\"Doppia croce\" \/>\n<meta property=\"og:description\" content=\"Sei pronto a strapparti i capelli? Esercitate la vostra mente con la serie di puzzle Fridolin.\" \/>\n<meta property=\"og:url\" content=\"https:\/\/talenti.si\/it\/varie\/giochi-di-logica\/doppia-croce\/\" \/>\n<meta property=\"og:site_name\" content=\"Talenti.si\" \/>\n<meta property=\"og:image\" content=\"https:\/\/talenti.si\/wp-content\/uploads\/2023\/03\/kriz-fridolin.jpg\" \/>\n\t<meta property=\"og:image:width\" content=\"945\" \/>\n\t<meta property=\"og:image:height\" content=\"976\" \/>\n\t<meta property=\"og:image:type\" content=\"image\/jpeg\" \/>\n<meta name=\"twitter:card\" content=\"summary_large_image\" \/>\n<script type=\"application\/ld+json\" class=\"yoast-schema-graph\">{\"@context\":\"https:\/\/schema.org\",\"@graph\":[{\"@type\":\"WebPage\",\"@id\":\"https:\/\/talenti.si\/it\/varie\/giochi-di-logica\/doppia-croce\/\",\"url\":\"https:\/\/talenti.si\/it\/varie\/giochi-di-logica\/doppia-croce\/\",\"name\":\"Doppia croce\",\"isPartOf\":{\"@id\":\"https:\/\/talenti.si\/it\/#website\"},\"primaryImageOfPage\":{\"@id\":\"https:\/\/talenti.si\/it\/varie\/giochi-di-logica\/doppia-croce\/#primaryimage\"},\"image\":{\"@id\":\"https:\/\/talenti.si\/it\/varie\/giochi-di-logica\/doppia-croce\/#primaryimage\"},\"thumbnailUrl\":\"https:\/\/talenti.si\/wp-content\/uploads\/2023\/03\/kriz-fridolin.jpg\",\"datePublished\":\"2023-03-07T10:35:37+00:00\",\"description\":\"Sei pronto a strapparti i capelli? Esercitate la vostra mente con la serie di puzzle Fridolin.\",\"breadcrumb\":{\"@id\":\"https:\/\/talenti.si\/it\/varie\/giochi-di-logica\/doppia-croce\/#breadcrumb\"},\"inLanguage\":\"it-IT\",\"potentialAction\":[{\"@type\":\"ReadAction\",\"target\":[\"https:\/\/talenti.si\/it\/varie\/giochi-di-logica\/doppia-croce\/\"]}]},{\"@type\":\"ImageObject\",\"inLanguage\":\"it-IT\",\"@id\":\"https:\/\/talenti.si\/it\/varie\/giochi-di-logica\/doppia-croce\/#primaryimage\",\"url\":\"https:\/\/talenti.si\/wp-content\/uploads\/2023\/03\/kriz-fridolin.jpg\",\"contentUrl\":\"https:\/\/talenti.si\/wp-content\/uploads\/2023\/03\/kriz-fridolin.jpg\",\"width\":945,\"height\":976},{\"@type\":\"BreadcrumbList\",\"@id\":\"https:\/\/talenti.si\/it\/varie\/giochi-di-logica\/doppia-croce\/#breadcrumb\",\"itemListElement\":[{\"@type\":\"ListItem\",\"position\":1,\"name\":\"Home\",\"item\":\"https:\/\/talenti.si\/it\/\"},{\"@type\":\"ListItem\",\"position\":2,\"name\":\"Negozio\",\"item\":\"https:\/\/talenti.si\/it\/negozio\/\"},{\"@type\":\"ListItem\",\"position\":3,\"name\":\"Doppia croce\"}]},{\"@type\":\"WebSite\",\"@id\":\"https:\/\/talenti.si\/it\/#website\",\"url\":\"https:\/\/talenti.si\/it\/\",\"name\":\"Talenti.si\",\"description\":\"Spletna trgovina za vse \u017eonglerje in podobne talente. Vse za \u017eongliranje, yoyo, frizbi, bumerang, kite... in \u0161e in \u0161e.\",\"publisher\":{\"@id\":\"https:\/\/talenti.si\/it\/#organization\"},\"potentialAction\":[{\"@type\":\"SearchAction\",\"target\":{\"@type\":\"EntryPoint\",\"urlTemplate\":\"https:\/\/talenti.si\/it\/?s={search_term_string}\"},\"query-input\":{\"@type\":\"PropertyValueSpecification\",\"valueRequired\":true,\"valueName\":\"search_term_string\"}}],\"inLanguage\":\"it-IT\"},{\"@type\":\"Organization\",\"@id\":\"https:\/\/talenti.si\/it\/#organization\",\"name\":\"Talenti.si\",\"url\":\"https:\/\/talenti.si\/it\/\",\"logo\":{\"@type\":\"ImageObject\",\"inLanguage\":\"it-IT\",\"@id\":\"https:\/\/talenti.si\/it\/#\/schema\/logo\/image\/\",\"url\":\"https:\/\/talenti.si\/wp-content\/uploads\/2021\/12\/logo-talent-pravi-dark.png\",\"contentUrl\":\"https:\/\/talenti.si\/wp-content\/uploads\/2021\/12\/logo-talent-pravi-dark.png\",\"width\":145,\"height\":83,\"caption\":\"Talenti.si\"},\"image\":{\"@id\":\"https:\/\/talenti.si\/it\/#\/schema\/logo\/image\/\"}}]}<\/script>\n<!-- \/ Yoast SEO plugin. -->","yoast_head_json":{"title":"Doppia croce","description":"Sei pronto a strapparti i capelli? Esercitate la vostra mente con la serie di puzzle Fridolin.","robots":{"index":"index","follow":"follow","max-snippet":"max-snippet:-1","max-image-preview":"max-image-preview:large","max-video-preview":"max-video-preview:-1"},"canonical":"https:\/\/talenti.si\/it\/varie\/giochi-di-logica\/doppia-croce\/","og_locale":"it_IT","og_type":"article","og_title":"Doppia croce","og_description":"Sei pronto a strapparti i capelli? Esercitate la vostra mente con la serie di puzzle Fridolin.","og_url":"https:\/\/talenti.si\/it\/varie\/giochi-di-logica\/doppia-croce\/","og_site_name":"Talenti.si","og_image":[{"width":945,"height":976,"url":"https:\/\/talenti.si\/wp-content\/uploads\/2023\/03\/kriz-fridolin.jpg","type":"image\/jpeg"}],"twitter_card":"summary_large_image","schema":{"@context":"https:\/\/schema.org","@graph":[{"@type":"WebPage","@id":"https:\/\/talenti.si\/it\/varie\/giochi-di-logica\/doppia-croce\/","url":"https:\/\/talenti.si\/it\/varie\/giochi-di-logica\/doppia-croce\/","name":"Doppia croce","isPartOf":{"@id":"https:\/\/talenti.si\/it\/#website"},"primaryImageOfPage":{"@id":"https:\/\/talenti.si\/it\/varie\/giochi-di-logica\/doppia-croce\/#primaryimage"},"image":{"@id":"https:\/\/talenti.si\/it\/varie\/giochi-di-logica\/doppia-croce\/#primaryimage"},"thumbnailUrl":"https:\/\/talenti.si\/wp-content\/uploads\/2023\/03\/kriz-fridolin.jpg","datePublished":"2023-03-07T10:35:37+00:00","description":"Sei pronto a strapparti i capelli? Esercitate la vostra mente con la serie di puzzle Fridolin.","breadcrumb":{"@id":"https:\/\/talenti.si\/it\/varie\/giochi-di-logica\/doppia-croce\/#breadcrumb"},"inLanguage":"it-IT","potentialAction":[{"@type":"ReadAction","target":["https:\/\/talenti.si\/it\/varie\/giochi-di-logica\/doppia-croce\/"]}]},{"@type":"ImageObject","inLanguage":"it-IT","@id":"https:\/\/talenti.si\/it\/varie\/giochi-di-logica\/doppia-croce\/#primaryimage","url":"https:\/\/talenti.si\/wp-content\/uploads\/2023\/03\/kriz-fridolin.jpg","contentUrl":"https:\/\/talenti.si\/wp-content\/uploads\/2023\/03\/kriz-fridolin.jpg","width":945,"height":976},{"@type":"BreadcrumbList","@id":"https:\/\/talenti.si\/it\/varie\/giochi-di-logica\/doppia-croce\/#breadcrumb","itemListElement":[{"@type":"ListItem","position":1,"name":"Home","item":"https:\/\/talenti.si\/it\/"},{"@type":"ListItem","position":2,"name":"Negozio","item":"https:\/\/talenti.si\/it\/negozio\/"},{"@type":"ListItem","position":3,"name":"Doppia croce"}]},{"@type":"WebSite","@id":"https:\/\/talenti.si\/it\/#website","url":"https:\/\/talenti.si\/it\/","name":"Talenti.si","description":"Spletna trgovina za vse \u017eonglerje in podobne talente. Vse za \u017eongliranje, yoyo, frizbi, bumerang, kite... in \u0161e in \u0161e.","publisher":{"@id":"https:\/\/talenti.si\/it\/#organization"},"potentialAction":[{"@type":"SearchAction","target":{"@type":"EntryPoint","urlTemplate":"https:\/\/talenti.si\/it\/?s={search_term_string}"},"query-input":{"@type":"PropertyValueSpecification","valueRequired":true,"valueName":"search_term_string"}}],"inLanguage":"it-IT"},{"@type":"Organization","@id":"https:\/\/talenti.si\/it\/#organization","name":"Talenti.si","url":"https:\/\/talenti.si\/it\/","logo":{"@type":"ImageObject","inLanguage":"it-IT","@id":"https:\/\/talenti.si\/it\/#\/schema\/logo\/image\/","url":"https:\/\/talenti.si\/wp-content\/uploads\/2021\/12\/logo-talent-pravi-dark.png","contentUrl":"https:\/\/talenti.si\/wp-content\/uploads\/2021\/12\/logo-talent-pravi-dark.png","width":145,"height":83,"caption":"Talenti.si"},"image":{"@id":"https:\/\/talenti.si\/it\/#\/schema\/logo\/image\/"}}]}},"brands":[{"id":2058,"name":"Fridolin","slug":"fridolin-it"}],"_links":{"self":[{"href":"https:\/\/talenti.si\/it\/wp-json\/wp\/v2\/product\/29727","targetHints":{"allow":["GET"]}}],"collection":[{"href":"https:\/\/talenti.si\/it\/wp-json\/wp\/v2\/product"}],"about":[{"href":"https:\/\/talenti.si\/it\/wp-json\/wp\/v2\/types\/product"}],"replies":[{"embeddable":true,"href":"https:\/\/talenti.si\/it\/wp-json\/wp\/v2\/comments?post=29727"}],"wp:featuredmedia":[{"embeddable":true,"href":"https:\/\/talenti.si\/it\/wp-json\/wp\/v2\/media\/22570"}],"wp:attachment":[{"href":"https:\/\/talenti.si\/it\/wp-json\/wp\/v2\/media?parent=29727"}],"wp:term":[{"taxonomy":"pwb-brand","embeddable":true,"href":"https:\/\/talenti.si\/it\/wp-json\/wp\/v2\/pwb-brand?post=29727"},{"taxonomy":"product_brand","embeddable":true,"href":"https:\/\/talenti.si\/it\/wp-json\/wp\/v2\/product_brand?post=29727"},{"taxonomy":"product_cat","embeddable":true,"href":"https:\/\/talenti.si\/it\/wp-json\/wp\/v2\/product_cat?post=29727"},{"taxonomy":"product_tag","embeddable":true,"href":"https:\/\/talenti.si\/it\/wp-json\/wp\/v2\/product_tag?post=29727"}],"curies":[{"name":"wp","href":"https:\/\/api.w.org\/{rel}","templated":true}]}}