{"id":29872,"date":"2023-10-13T11:11:01","date_gmt":"2023-10-13T11:11:01","guid":{"rendered":"https:\/\/talenti.si\/?post_type=product&#038;p=29872"},"modified":"2023-11-20T20:23:00","modified_gmt":"2023-11-20T20:23:00","slug":"kaloo-palla-con-sonaglio-coniglietto","status":"publish","type":"product","link":"https:\/\/talenti.si\/it\/giocattoli\/doudou-e-peluche\/kaloo-palla-con-sonaglio-coniglietto\/","title":{"rendered":"Kaloo Palla con sonaglio Coniglietto"},"content":{"rendered":"<p>Le piccola pallina con sonaglio a forma di coniglio color crema da 6 cm \u00e8 morbida e facile da afferrare per le piccole mani. Le grandi orecchie del coniglio permettono di appenderla facilmente al passeggino, al seggiolino, alla culla o anche o alla borsa fasciatoio, per seguire il neonato ovunque. Questa pallina \u00e8 perfetta per far divertire il neonato sin dalla nascita.<\/p>\n<p><strong>Caratteristiche:<\/strong><\/p>\n<ul>\n<li>Dimensioni: <strong>5,9<\/strong> cm<\/li>\n<li>Materiali &#8211; <strong>velluto<\/strong>, imbottitura &#8211; <strong>poliestere<\/strong> <strong>riciclato<\/strong><\/li>\n<li>Consigli d\u2019uso: lavabile in lavatrice a 30\u00b0C, senza ammorbidenti, smacchiatori o altri additivi<\/li>\n<li>Et\u00e0 consigliata: <strong>0+ mesi <\/strong><\/li>\n<\/ul>\n<p><strong style=\"font-size: 10px;\">ATTENZIONE!<\/strong><span style=\"font-size: 10px;\"> Prima di consegnare l&#8217;articolo al bambino, rimuovi tutte le parti dell&#8217;imballaggio. Salva queste informazioni per un utilizzo successivo.<\/span><\/p>\n","protected":false},"excerpt":{"rendered":"<p>Le piccola pallina con sonaglio a forma di coniglio color crema da 6 cm \u00e8 morbida e facile da afferrare per le piccole mani. Le grandi orecchie del coniglio permettono di appenderla facilmente al passeggino, al seggiolino, alla culla o anche o alla borsa fasciatoio, per seguire il neonato ovunque. Questa pallina \u00e8 perfetta per [&hellip;]<\/p>\n","protected":false},"featured_media":29877,"comment_status":"open","ping_status":"closed","template":"","meta":{"_acf_changed":false},"pwb-brand":[4083],"product_brand":[],"product_cat":[4093],"product_tag":[2213,2960,4095,2431],"class_list":{"0":"post-29872","1":"product","2":"type-product","3":"status-publish","4":"has-post-thumbnail","6":"pwb-brand-kaloo-it","7":"product_cat-doudou-e-peluche","8":"product_tag-animali","9":"product_tag-giocattoli","10":"product_tag-kaloo-it","11":"product_tag-neonati","13":"first","14":"instock","15":"taxable","16":"shipping-taxable","17":"purchasable","18":"product-type-simple"},"acf":[],"yoast_head":"<!-- This site is optimized with the Yoast SEO plugin v25.8 - https:\/\/yoast.com\/wordpress\/plugins\/seo\/ -->\n<title>Kaloo Palla con sonaglio Coniglietto - Talenti.si<\/title>\n<meta name=\"description\" content=\"Le piccola pallina con sonaglio a forma di coniglio color crema da 6 cm \u00e8 morbida e facile da afferrare per le piccole mani. Le grandi orecchie del coniglio permettono di appenderla facilmente al passeggino, al seggiolino, alla culla o anche o alla borsa fasciatoio, per seguire il neonato ovunque. Questa pallina \u00e8 perfetta per far divertire il neonato sin dalla nascita.\" \/>\n<meta name=\"robots\" content=\"index, follow, max-snippet:-1, max-image-preview:large, max-video-preview:-1\" \/>\n<link rel=\"canonical\" href=\"https:\/\/talenti.si\/it\/giocattoli\/doudou-e-peluche\/kaloo-palla-con-sonaglio-coniglietto\/\" \/>\n<meta property=\"og:locale\" content=\"it_IT\" \/>\n<meta property=\"og:type\" content=\"article\" \/>\n<meta property=\"og:title\" content=\"Kaloo Palla con sonaglio Coniglietto - Talenti.si\" \/>\n<meta property=\"og:description\" content=\"Le piccola pallina con sonaglio a forma di coniglio color crema da 6 cm \u00e8 morbida e facile da afferrare per le piccole mani. Le grandi orecchie del coniglio permettono di appenderla facilmente al passeggino, al seggiolino, alla culla o anche o alla borsa fasciatoio, per seguire il neonato ovunque. Questa pallina \u00e8 perfetta per far divertire il neonato sin dalla nascita.\" \/>\n<meta property=\"og:url\" content=\"https:\/\/talenti.si\/it\/giocattoli\/doudou-e-peluche\/kaloo-palla-con-sonaglio-coniglietto\/\" \/>\n<meta property=\"og:site_name\" content=\"Talenti.si\" \/>\n<meta property=\"article:modified_time\" content=\"2023-11-20T20:23:00+00:00\" \/>\n<meta property=\"og:image\" content=\"https:\/\/talenti.si\/wp-content\/uploads\/2023\/10\/ropotulja-zajcek.jpg\" \/>\n\t<meta property=\"og:image:width\" content=\"500\" \/>\n\t<meta property=\"og:image:height\" content=\"500\" \/>\n\t<meta property=\"og:image:type\" content=\"image\/jpeg\" \/>\n<meta name=\"twitter:card\" content=\"summary_large_image\" \/>\n<meta name=\"twitter:label1\" content=\"Tempo di lettura stimato\" \/>\n\t<meta name=\"twitter:data1\" content=\"1 minuto\" \/>\n<script type=\"application\/ld+json\" class=\"yoast-schema-graph\">{\"@context\":\"https:\/\/schema.org\",\"@graph\":[{\"@type\":\"WebPage\",\"@id\":\"https:\/\/talenti.si\/it\/giocattoli\/doudou-e-peluche\/kaloo-palla-con-sonaglio-coniglietto\/\",\"url\":\"https:\/\/talenti.si\/it\/giocattoli\/doudou-e-peluche\/kaloo-palla-con-sonaglio-coniglietto\/\",\"name\":\"Kaloo Palla con sonaglio Coniglietto - Talenti.si\",\"isPartOf\":{\"@id\":\"https:\/\/talenti.si\/it\/#website\"},\"primaryImageOfPage\":{\"@id\":\"https:\/\/talenti.si\/it\/giocattoli\/doudou-e-peluche\/kaloo-palla-con-sonaglio-coniglietto\/#primaryimage\"},\"image\":{\"@id\":\"https:\/\/talenti.si\/it\/giocattoli\/doudou-e-peluche\/kaloo-palla-con-sonaglio-coniglietto\/#primaryimage\"},\"thumbnailUrl\":\"https:\/\/talenti.si\/wp-content\/uploads\/2023\/10\/ropotulja-zajcek.jpg\",\"datePublished\":\"2023-10-13T11:11:01+00:00\",\"dateModified\":\"2023-11-20T20:23:00+00:00\",\"description\":\"Le piccola pallina con sonaglio a forma di coniglio color crema da 6 cm \u00e8 morbida e facile da afferrare per le piccole mani. Le grandi orecchie del coniglio permettono di appenderla facilmente al passeggino, al seggiolino, alla culla o anche o alla borsa fasciatoio, per seguire il neonato ovunque. Questa pallina \u00e8 perfetta per far divertire il neonato sin dalla nascita.\",\"breadcrumb\":{\"@id\":\"https:\/\/talenti.si\/it\/giocattoli\/doudou-e-peluche\/kaloo-palla-con-sonaglio-coniglietto\/#breadcrumb\"},\"inLanguage\":\"it-IT\",\"potentialAction\":[{\"@type\":\"ReadAction\",\"target\":[\"https:\/\/talenti.si\/it\/giocattoli\/doudou-e-peluche\/kaloo-palla-con-sonaglio-coniglietto\/\"]}]},{\"@type\":\"ImageObject\",\"inLanguage\":\"it-IT\",\"@id\":\"https:\/\/talenti.si\/it\/giocattoli\/doudou-e-peluche\/kaloo-palla-con-sonaglio-coniglietto\/#primaryimage\",\"url\":\"https:\/\/talenti.si\/wp-content\/uploads\/2023\/10\/ropotulja-zajcek.jpg\",\"contentUrl\":\"https:\/\/talenti.si\/wp-content\/uploads\/2023\/10\/ropotulja-zajcek.jpg\",\"width\":500,\"height\":500},{\"@type\":\"BreadcrumbList\",\"@id\":\"https:\/\/talenti.si\/it\/giocattoli\/doudou-e-peluche\/kaloo-palla-con-sonaglio-coniglietto\/#breadcrumb\",\"itemListElement\":[{\"@type\":\"ListItem\",\"position\":1,\"name\":\"Home\",\"item\":\"https:\/\/talenti.si\/it\/\"},{\"@type\":\"ListItem\",\"position\":2,\"name\":\"Negozio\",\"item\":\"https:\/\/talenti.si\/it\/negozio\/\"},{\"@type\":\"ListItem\",\"position\":3,\"name\":\"Kaloo Palla con sonaglio Coniglietto\"}]},{\"@type\":\"WebSite\",\"@id\":\"https:\/\/talenti.si\/it\/#website\",\"url\":\"https:\/\/talenti.si\/it\/\",\"name\":\"Talenti.si\",\"description\":\"Spletna trgovina za vse \u017eonglerje in podobne talente. Vse za \u017eongliranje, yoyo, frizbi, bumerang, kite... in \u0161e in \u0161e.\",\"publisher\":{\"@id\":\"https:\/\/talenti.si\/it\/#organization\"},\"potentialAction\":[{\"@type\":\"SearchAction\",\"target\":{\"@type\":\"EntryPoint\",\"urlTemplate\":\"https:\/\/talenti.si\/it\/?s={search_term_string}\"},\"query-input\":{\"@type\":\"PropertyValueSpecification\",\"valueRequired\":true,\"valueName\":\"search_term_string\"}}],\"inLanguage\":\"it-IT\"},{\"@type\":\"Organization\",\"@id\":\"https:\/\/talenti.si\/it\/#organization\",\"name\":\"Talenti.si\",\"url\":\"https:\/\/talenti.si\/it\/\",\"logo\":{\"@type\":\"ImageObject\",\"inLanguage\":\"it-IT\",\"@id\":\"https:\/\/talenti.si\/it\/#\/schema\/logo\/image\/\",\"url\":\"https:\/\/talenti.si\/wp-content\/uploads\/2021\/12\/logo-talent-pravi-dark.png\",\"contentUrl\":\"https:\/\/talenti.si\/wp-content\/uploads\/2021\/12\/logo-talent-pravi-dark.png\",\"width\":145,\"height\":83,\"caption\":\"Talenti.si\"},\"image\":{\"@id\":\"https:\/\/talenti.si\/it\/#\/schema\/logo\/image\/\"}}]}<\/script>\n<!-- \/ Yoast SEO plugin. -->","yoast_head_json":{"title":"Kaloo Palla con sonaglio Coniglietto - Talenti.si","description":"Le piccola pallina con sonaglio a forma di coniglio color crema da 6 cm \u00e8 morbida e facile da afferrare per le piccole mani. Le grandi orecchie del coniglio permettono di appenderla facilmente al passeggino, al seggiolino, alla culla o anche o alla borsa fasciatoio, per seguire il neonato ovunque. Questa pallina \u00e8 perfetta per far divertire il neonato sin dalla nascita.","robots":{"index":"index","follow":"follow","max-snippet":"max-snippet:-1","max-image-preview":"max-image-preview:large","max-video-preview":"max-video-preview:-1"},"canonical":"https:\/\/talenti.si\/it\/giocattoli\/doudou-e-peluche\/kaloo-palla-con-sonaglio-coniglietto\/","og_locale":"it_IT","og_type":"article","og_title":"Kaloo Palla con sonaglio Coniglietto - Talenti.si","og_description":"Le piccola pallina con sonaglio a forma di coniglio color crema da 6 cm \u00e8 morbida e facile da afferrare per le piccole mani. Le grandi orecchie del coniglio permettono di appenderla facilmente al passeggino, al seggiolino, alla culla o anche o alla borsa fasciatoio, per seguire il neonato ovunque. Questa pallina \u00e8 perfetta per far divertire il neonato sin dalla nascita.","og_url":"https:\/\/talenti.si\/it\/giocattoli\/doudou-e-peluche\/kaloo-palla-con-sonaglio-coniglietto\/","og_site_name":"Talenti.si","article_modified_time":"2023-11-20T20:23:00+00:00","og_image":[{"width":500,"height":500,"url":"https:\/\/talenti.si\/wp-content\/uploads\/2023\/10\/ropotulja-zajcek.jpg","type":"image\/jpeg"}],"twitter_card":"summary_large_image","twitter_misc":{"Tempo di lettura stimato":"1 minuto"},"schema":{"@context":"https:\/\/schema.org","@graph":[{"@type":"WebPage","@id":"https:\/\/talenti.si\/it\/giocattoli\/doudou-e-peluche\/kaloo-palla-con-sonaglio-coniglietto\/","url":"https:\/\/talenti.si\/it\/giocattoli\/doudou-e-peluche\/kaloo-palla-con-sonaglio-coniglietto\/","name":"Kaloo Palla con sonaglio Coniglietto - Talenti.si","isPartOf":{"@id":"https:\/\/talenti.si\/it\/#website"},"primaryImageOfPage":{"@id":"https:\/\/talenti.si\/it\/giocattoli\/doudou-e-peluche\/kaloo-palla-con-sonaglio-coniglietto\/#primaryimage"},"image":{"@id":"https:\/\/talenti.si\/it\/giocattoli\/doudou-e-peluche\/kaloo-palla-con-sonaglio-coniglietto\/#primaryimage"},"thumbnailUrl":"https:\/\/talenti.si\/wp-content\/uploads\/2023\/10\/ropotulja-zajcek.jpg","datePublished":"2023-10-13T11:11:01+00:00","dateModified":"2023-11-20T20:23:00+00:00","description":"Le piccola pallina con sonaglio a forma di coniglio color crema da 6 cm \u00e8 morbida e facile da afferrare per le piccole mani. Le grandi orecchie del coniglio permettono di appenderla facilmente al passeggino, al seggiolino, alla culla o anche o alla borsa fasciatoio, per seguire il neonato ovunque. Questa pallina \u00e8 perfetta per far divertire il neonato sin dalla nascita.","breadcrumb":{"@id":"https:\/\/talenti.si\/it\/giocattoli\/doudou-e-peluche\/kaloo-palla-con-sonaglio-coniglietto\/#breadcrumb"},"inLanguage":"it-IT","potentialAction":[{"@type":"ReadAction","target":["https:\/\/talenti.si\/it\/giocattoli\/doudou-e-peluche\/kaloo-palla-con-sonaglio-coniglietto\/"]}]},{"@type":"ImageObject","inLanguage":"it-IT","@id":"https:\/\/talenti.si\/it\/giocattoli\/doudou-e-peluche\/kaloo-palla-con-sonaglio-coniglietto\/#primaryimage","url":"https:\/\/talenti.si\/wp-content\/uploads\/2023\/10\/ropotulja-zajcek.jpg","contentUrl":"https:\/\/talenti.si\/wp-content\/uploads\/2023\/10\/ropotulja-zajcek.jpg","width":500,"height":500},{"@type":"BreadcrumbList","@id":"https:\/\/talenti.si\/it\/giocattoli\/doudou-e-peluche\/kaloo-palla-con-sonaglio-coniglietto\/#breadcrumb","itemListElement":[{"@type":"ListItem","position":1,"name":"Home","item":"https:\/\/talenti.si\/it\/"},{"@type":"ListItem","position":2,"name":"Negozio","item":"https:\/\/talenti.si\/it\/negozio\/"},{"@type":"ListItem","position":3,"name":"Kaloo Palla con sonaglio Coniglietto"}]},{"@type":"WebSite","@id":"https:\/\/talenti.si\/it\/#website","url":"https:\/\/talenti.si\/it\/","name":"Talenti.si","description":"Spletna trgovina za vse \u017eonglerje in podobne talente. Vse za \u017eongliranje, yoyo, frizbi, bumerang, kite... in \u0161e in \u0161e.","publisher":{"@id":"https:\/\/talenti.si\/it\/#organization"},"potentialAction":[{"@type":"SearchAction","target":{"@type":"EntryPoint","urlTemplate":"https:\/\/talenti.si\/it\/?s={search_term_string}"},"query-input":{"@type":"PropertyValueSpecification","valueRequired":true,"valueName":"search_term_string"}}],"inLanguage":"it-IT"},{"@type":"Organization","@id":"https:\/\/talenti.si\/it\/#organization","name":"Talenti.si","url":"https:\/\/talenti.si\/it\/","logo":{"@type":"ImageObject","inLanguage":"it-IT","@id":"https:\/\/talenti.si\/it\/#\/schema\/logo\/image\/","url":"https:\/\/talenti.si\/wp-content\/uploads\/2021\/12\/logo-talent-pravi-dark.png","contentUrl":"https:\/\/talenti.si\/wp-content\/uploads\/2021\/12\/logo-talent-pravi-dark.png","width":145,"height":83,"caption":"Talenti.si"},"image":{"@id":"https:\/\/talenti.si\/it\/#\/schema\/logo\/image\/"}}]}},"brands":[{"id":4083,"name":"Kaloo","slug":"kaloo-it"}],"_links":{"self":[{"href":"https:\/\/talenti.si\/it\/wp-json\/wp\/v2\/product\/29872","targetHints":{"allow":["GET"]}}],"collection":[{"href":"https:\/\/talenti.si\/it\/wp-json\/wp\/v2\/product"}],"about":[{"href":"https:\/\/talenti.si\/it\/wp-json\/wp\/v2\/types\/product"}],"replies":[{"embeddable":true,"href":"https:\/\/talenti.si\/it\/wp-json\/wp\/v2\/comments?post=29872"}],"wp:featuredmedia":[{"embeddable":true,"href":"https:\/\/talenti.si\/it\/wp-json\/wp\/v2\/media\/29877"}],"wp:attachment":[{"href":"https:\/\/talenti.si\/it\/wp-json\/wp\/v2\/media?parent=29872"}],"wp:term":[{"taxonomy":"pwb-brand","embeddable":true,"href":"https:\/\/talenti.si\/it\/wp-json\/wp\/v2\/pwb-brand?post=29872"},{"taxonomy":"product_brand","embeddable":true,"href":"https:\/\/talenti.si\/it\/wp-json\/wp\/v2\/product_brand?post=29872"},{"taxonomy":"product_cat","embeddable":true,"href":"https:\/\/talenti.si\/it\/wp-json\/wp\/v2\/product_cat?post=29872"},{"taxonomy":"product_tag","embeddable":true,"href":"https:\/\/talenti.si\/it\/wp-json\/wp\/v2\/product_tag?post=29872"}],"curies":[{"name":"wp","href":"https:\/\/api.w.org\/{rel}","templated":true}]}}