{"id":29985,"date":"2023-11-13T10:07:30","date_gmt":"2023-11-13T10:07:30","guid":{"rendered":"https:\/\/talenti.si\/?post_type=product&#038;p=29985"},"modified":"2024-02-29T08:55:27","modified_gmt":"2024-02-29T08:55:27","slug":"sentosphere-cristallo-viola","status":"publish","type":"product","link":"https:\/\/talenti.si\/it\/nekategorizirano\/sentosphere-cristallo-viola\/","title":{"rendered":"Sentosphere Cristallo viola"},"content":{"rendered":"<div class=\"wpb-content-wrapper\"><p>[vc_row][vc_column][vc_column_text]<strong>Risvegliate la creativit\u00e0 artistica in voi!<\/strong><\/p>\n<p>Sei pronto per un nuovo esperimento di laboratorio? Creiamo un cristallo viola!<br \/>\nCon gli ingredienti giusti e un po&#8217; di pazienza, possiamo guardare il nostro cristallo prendere forma!<\/p>\n<p><strong>Caratteristiche:<\/strong><\/p>\n<ul>\n<li>Contiene: sacchetto di fosfato di ammonio (<strong>120<\/strong> g) + colorante viola + cartongesso + barattolo + istruzioni<\/li>\n<li>Dimensioni dell&#8217;imballaggio: <strong>10<\/strong> cm x <strong>8,5<\/strong> cm x <strong>8,5<\/strong> cm<\/li>\n<li>Et\u00e0 consigliata: <b>8+<\/b><\/li>\n<li>Made <strong>in France<\/strong><\/li>\n<\/ul>\n<p><strong style=\"font-size: 10px;\">ATTENZIONE!<\/strong> <span style=\"font-size: 10px;\">L&#8217;articolo non \u00e8 adatto ai bambini di et\u00e0 inferiore ai 3 anni. I piccoli pezzi sono pericolosi perch\u00e9 possono essere inalati o ingeriti. Prima di consegnare l\u2019articolo al bambino, rimuovi tutte le parti dell\u2019imballaggio. Salva queste informazioni per un utilizzo successivo.<\/span>[\/vc_column_text][\/vc_column][\/vc_row][vc_row][vc_column][vc_btn title=&#8221;ISTRUZIONI&#8221; css_animation=&#8221;bounceIn&#8221; link=&#8221;url:https%3A%2F%2Ftalenti.si%2Fwp-content%2Fuploads%2F2023%2F01%2Frdeci-kristal.pdf|target:_blank|&#8221;][\/vc_column][\/vc_row]<\/p>\n<\/div>","protected":false},"excerpt":{"rendered":"<p>[vc_row][vc_column][vc_column_text]Risvegliate la creativit\u00e0 artistica in voi! Sei pronto per un nuovo esperimento di laboratorio? Creiamo un cristallo viola! Con gli ingredienti giusti e un po&#8217; di pazienza, possiamo guardare il nostro cristallo prendere forma! Caratteristiche: Contiene: sacchetto di fosfato di ammonio (120 g) + colorante viola + cartongesso + barattolo + istruzioni Dimensioni dell&#8217;imballaggio: 10 [&hellip;]<\/p>\n","protected":false},"featured_media":29989,"comment_status":"open","ping_status":"closed","template":"","meta":{"_acf_changed":false},"pwb-brand":[],"product_brand":[],"product_cat":[15],"product_tag":[],"class_list":{"0":"post-29985","1":"product","2":"type-product","3":"status-publish","4":"has-post-thumbnail","6":"product_cat-nekategorizirano","8":"first","9":"instock","10":"taxable","11":"shipping-taxable","12":"purchasable","13":"product-type-simple"},"acf":[],"yoast_head":"<!-- This site is optimized with the Yoast SEO plugin v25.8 - https:\/\/yoast.com\/wordpress\/plugins\/seo\/ -->\n<title>Sentosphere Cristallo viola - Talenti.si<\/title>\n<meta name=\"description\" content=\"Sei pronto per un nuovo esperimento di laboratorio? Creiamo un cristallo viola!\" \/>\n<meta name=\"robots\" content=\"index, follow, max-snippet:-1, max-image-preview:large, max-video-preview:-1\" \/>\n<link rel=\"canonical\" href=\"https:\/\/talenti.si\/it\/nekategorizirano\/sentosphere-cristallo-viola\/\" \/>\n<meta property=\"og:locale\" content=\"it_IT\" \/>\n<meta property=\"og:type\" content=\"article\" \/>\n<meta property=\"og:title\" content=\"Sentosphere Cristallo viola - Talenti.si\" \/>\n<meta property=\"og:description\" content=\"Sei pronto per un nuovo esperimento di laboratorio? Creiamo un cristallo viola!\" \/>\n<meta property=\"og:url\" content=\"https:\/\/talenti.si\/it\/nekategorizirano\/sentosphere-cristallo-viola\/\" \/>\n<meta property=\"og:site_name\" content=\"Talenti.si\" \/>\n<meta property=\"article:modified_time\" content=\"2024-02-29T08:55:27+00:00\" \/>\n<meta property=\"og:image\" content=\"https:\/\/talenti.si\/wp-content\/uploads\/2023\/11\/vijola-kristal.jpg\" \/>\n\t<meta property=\"og:image:width\" content=\"800\" \/>\n\t<meta property=\"og:image:height\" content=\"800\" \/>\n\t<meta property=\"og:image:type\" content=\"image\/jpeg\" \/>\n<meta name=\"twitter:card\" content=\"summary_large_image\" \/>\n<meta name=\"twitter:label1\" content=\"Tempo di lettura stimato\" \/>\n\t<meta name=\"twitter:data1\" content=\"1 minuto\" \/>\n<script type=\"application\/ld+json\" class=\"yoast-schema-graph\">{\"@context\":\"https:\/\/schema.org\",\"@graph\":[{\"@type\":\"WebPage\",\"@id\":\"https:\/\/talenti.si\/it\/nekategorizirano\/sentosphere-cristallo-viola\/\",\"url\":\"https:\/\/talenti.si\/it\/nekategorizirano\/sentosphere-cristallo-viola\/\",\"name\":\"Sentosphere Cristallo viola - Talenti.si\",\"isPartOf\":{\"@id\":\"https:\/\/talenti.si\/it\/#website\"},\"primaryImageOfPage\":{\"@id\":\"https:\/\/talenti.si\/it\/nekategorizirano\/sentosphere-cristallo-viola\/#primaryimage\"},\"image\":{\"@id\":\"https:\/\/talenti.si\/it\/nekategorizirano\/sentosphere-cristallo-viola\/#primaryimage\"},\"thumbnailUrl\":\"https:\/\/talenti.si\/wp-content\/uploads\/2023\/11\/vijola-kristal.jpg\",\"datePublished\":\"2023-11-13T10:07:30+00:00\",\"dateModified\":\"2024-02-29T08:55:27+00:00\",\"description\":\"Sei pronto per un nuovo esperimento di laboratorio? Creiamo un cristallo viola!\",\"breadcrumb\":{\"@id\":\"https:\/\/talenti.si\/it\/nekategorizirano\/sentosphere-cristallo-viola\/#breadcrumb\"},\"inLanguage\":\"it-IT\",\"potentialAction\":[{\"@type\":\"ReadAction\",\"target\":[\"https:\/\/talenti.si\/it\/nekategorizirano\/sentosphere-cristallo-viola\/\"]}]},{\"@type\":\"ImageObject\",\"inLanguage\":\"it-IT\",\"@id\":\"https:\/\/talenti.si\/it\/nekategorizirano\/sentosphere-cristallo-viola\/#primaryimage\",\"url\":\"https:\/\/talenti.si\/wp-content\/uploads\/2023\/11\/vijola-kristal.jpg\",\"contentUrl\":\"https:\/\/talenti.si\/wp-content\/uploads\/2023\/11\/vijola-kristal.jpg\",\"width\":800,\"height\":800},{\"@type\":\"BreadcrumbList\",\"@id\":\"https:\/\/talenti.si\/it\/nekategorizirano\/sentosphere-cristallo-viola\/#breadcrumb\",\"itemListElement\":[{\"@type\":\"ListItem\",\"position\":1,\"name\":\"Home\",\"item\":\"https:\/\/talenti.si\/it\/\"},{\"@type\":\"ListItem\",\"position\":2,\"name\":\"Negozio\",\"item\":\"https:\/\/talenti.si\/it\/negozio\/\"},{\"@type\":\"ListItem\",\"position\":3,\"name\":\"Sentosphere Cristallo viola\"}]},{\"@type\":\"WebSite\",\"@id\":\"https:\/\/talenti.si\/it\/#website\",\"url\":\"https:\/\/talenti.si\/it\/\",\"name\":\"Talenti.si\",\"description\":\"Spletna trgovina za vse \u017eonglerje in podobne talente. Vse za \u017eongliranje, yoyo, frizbi, bumerang, kite... in \u0161e in \u0161e.\",\"publisher\":{\"@id\":\"https:\/\/talenti.si\/it\/#organization\"},\"potentialAction\":[{\"@type\":\"SearchAction\",\"target\":{\"@type\":\"EntryPoint\",\"urlTemplate\":\"https:\/\/talenti.si\/it\/?s={search_term_string}\"},\"query-input\":{\"@type\":\"PropertyValueSpecification\",\"valueRequired\":true,\"valueName\":\"search_term_string\"}}],\"inLanguage\":\"it-IT\"},{\"@type\":\"Organization\",\"@id\":\"https:\/\/talenti.si\/it\/#organization\",\"name\":\"Talenti.si\",\"url\":\"https:\/\/talenti.si\/it\/\",\"logo\":{\"@type\":\"ImageObject\",\"inLanguage\":\"it-IT\",\"@id\":\"https:\/\/talenti.si\/it\/#\/schema\/logo\/image\/\",\"url\":\"https:\/\/talenti.si\/wp-content\/uploads\/2021\/12\/logo-talent-pravi-dark.png\",\"contentUrl\":\"https:\/\/talenti.si\/wp-content\/uploads\/2021\/12\/logo-talent-pravi-dark.png\",\"width\":145,\"height\":83,\"caption\":\"Talenti.si\"},\"image\":{\"@id\":\"https:\/\/talenti.si\/it\/#\/schema\/logo\/image\/\"}}]}<\/script>\n<!-- \/ Yoast SEO plugin. -->","yoast_head_json":{"title":"Sentosphere Cristallo viola - Talenti.si","description":"Sei pronto per un nuovo esperimento di laboratorio? Creiamo un cristallo viola!","robots":{"index":"index","follow":"follow","max-snippet":"max-snippet:-1","max-image-preview":"max-image-preview:large","max-video-preview":"max-video-preview:-1"},"canonical":"https:\/\/talenti.si\/it\/nekategorizirano\/sentosphere-cristallo-viola\/","og_locale":"it_IT","og_type":"article","og_title":"Sentosphere Cristallo viola - Talenti.si","og_description":"Sei pronto per un nuovo esperimento di laboratorio? Creiamo un cristallo viola!","og_url":"https:\/\/talenti.si\/it\/nekategorizirano\/sentosphere-cristallo-viola\/","og_site_name":"Talenti.si","article_modified_time":"2024-02-29T08:55:27+00:00","og_image":[{"width":800,"height":800,"url":"https:\/\/talenti.si\/wp-content\/uploads\/2023\/11\/vijola-kristal.jpg","type":"image\/jpeg"}],"twitter_card":"summary_large_image","twitter_misc":{"Tempo di lettura stimato":"1 minuto"},"schema":{"@context":"https:\/\/schema.org","@graph":[{"@type":"WebPage","@id":"https:\/\/talenti.si\/it\/nekategorizirano\/sentosphere-cristallo-viola\/","url":"https:\/\/talenti.si\/it\/nekategorizirano\/sentosphere-cristallo-viola\/","name":"Sentosphere Cristallo viola - Talenti.si","isPartOf":{"@id":"https:\/\/talenti.si\/it\/#website"},"primaryImageOfPage":{"@id":"https:\/\/talenti.si\/it\/nekategorizirano\/sentosphere-cristallo-viola\/#primaryimage"},"image":{"@id":"https:\/\/talenti.si\/it\/nekategorizirano\/sentosphere-cristallo-viola\/#primaryimage"},"thumbnailUrl":"https:\/\/talenti.si\/wp-content\/uploads\/2023\/11\/vijola-kristal.jpg","datePublished":"2023-11-13T10:07:30+00:00","dateModified":"2024-02-29T08:55:27+00:00","description":"Sei pronto per un nuovo esperimento di laboratorio? Creiamo un cristallo viola!","breadcrumb":{"@id":"https:\/\/talenti.si\/it\/nekategorizirano\/sentosphere-cristallo-viola\/#breadcrumb"},"inLanguage":"it-IT","potentialAction":[{"@type":"ReadAction","target":["https:\/\/talenti.si\/it\/nekategorizirano\/sentosphere-cristallo-viola\/"]}]},{"@type":"ImageObject","inLanguage":"it-IT","@id":"https:\/\/talenti.si\/it\/nekategorizirano\/sentosphere-cristallo-viola\/#primaryimage","url":"https:\/\/talenti.si\/wp-content\/uploads\/2023\/11\/vijola-kristal.jpg","contentUrl":"https:\/\/talenti.si\/wp-content\/uploads\/2023\/11\/vijola-kristal.jpg","width":800,"height":800},{"@type":"BreadcrumbList","@id":"https:\/\/talenti.si\/it\/nekategorizirano\/sentosphere-cristallo-viola\/#breadcrumb","itemListElement":[{"@type":"ListItem","position":1,"name":"Home","item":"https:\/\/talenti.si\/it\/"},{"@type":"ListItem","position":2,"name":"Negozio","item":"https:\/\/talenti.si\/it\/negozio\/"},{"@type":"ListItem","position":3,"name":"Sentosphere Cristallo viola"}]},{"@type":"WebSite","@id":"https:\/\/talenti.si\/it\/#website","url":"https:\/\/talenti.si\/it\/","name":"Talenti.si","description":"Spletna trgovina za vse \u017eonglerje in podobne talente. Vse za \u017eongliranje, yoyo, frizbi, bumerang, kite... in \u0161e in \u0161e.","publisher":{"@id":"https:\/\/talenti.si\/it\/#organization"},"potentialAction":[{"@type":"SearchAction","target":{"@type":"EntryPoint","urlTemplate":"https:\/\/talenti.si\/it\/?s={search_term_string}"},"query-input":{"@type":"PropertyValueSpecification","valueRequired":true,"valueName":"search_term_string"}}],"inLanguage":"it-IT"},{"@type":"Organization","@id":"https:\/\/talenti.si\/it\/#organization","name":"Talenti.si","url":"https:\/\/talenti.si\/it\/","logo":{"@type":"ImageObject","inLanguage":"it-IT","@id":"https:\/\/talenti.si\/it\/#\/schema\/logo\/image\/","url":"https:\/\/talenti.si\/wp-content\/uploads\/2021\/12\/logo-talent-pravi-dark.png","contentUrl":"https:\/\/talenti.si\/wp-content\/uploads\/2021\/12\/logo-talent-pravi-dark.png","width":145,"height":83,"caption":"Talenti.si"},"image":{"@id":"https:\/\/talenti.si\/it\/#\/schema\/logo\/image\/"}}]}},"brands":[],"_links":{"self":[{"href":"https:\/\/talenti.si\/it\/wp-json\/wp\/v2\/product\/29985","targetHints":{"allow":["GET"]}}],"collection":[{"href":"https:\/\/talenti.si\/it\/wp-json\/wp\/v2\/product"}],"about":[{"href":"https:\/\/talenti.si\/it\/wp-json\/wp\/v2\/types\/product"}],"replies":[{"embeddable":true,"href":"https:\/\/talenti.si\/it\/wp-json\/wp\/v2\/comments?post=29985"}],"wp:featuredmedia":[{"embeddable":true,"href":"https:\/\/talenti.si\/it\/wp-json\/wp\/v2\/media\/29989"}],"wp:attachment":[{"href":"https:\/\/talenti.si\/it\/wp-json\/wp\/v2\/media?parent=29985"}],"wp:term":[{"taxonomy":"pwb-brand","embeddable":true,"href":"https:\/\/talenti.si\/it\/wp-json\/wp\/v2\/pwb-brand?post=29985"},{"taxonomy":"product_brand","embeddable":true,"href":"https:\/\/talenti.si\/it\/wp-json\/wp\/v2\/product_brand?post=29985"},{"taxonomy":"product_cat","embeddable":true,"href":"https:\/\/talenti.si\/it\/wp-json\/wp\/v2\/product_cat?post=29985"},{"taxonomy":"product_tag","embeddable":true,"href":"https:\/\/talenti.si\/it\/wp-json\/wp\/v2\/product_tag?post=29985"}],"curies":[{"name":"wp","href":"https:\/\/api.w.org\/{rel}","templated":true}]}}