{"id":39499,"date":"2025-12-05T15:06:59","date_gmt":"2025-12-05T15:06:59","guid":{"rendered":"https:\/\/talenti.si\/senza-categoria\/goki-corda-per-saltare\/"},"modified":"2025-12-05T15:06:59","modified_gmt":"2025-12-05T15:06:59","slug":"goki-corda-per-saltare","status":"publish","type":"product","link":"https:\/\/talenti.si\/it\/sport-it\/giochi-allaperto\/goki-corda-per-saltare\/","title":{"rendered":"Goki corda per saltare"},"content":{"rendered":"<p>La corda per saltare \u00e8 un classico del parco giochi, ideale per fare attivit\u00e0 fisica divertendosi! La pratica del salto della corda far\u00e0 lavorare la resistenza, le gambe e i glutei e la coordinazione dei movimenti.<\/p>\n<p><strong>Caratteristiche:<\/strong><\/p>\n<ul>\n<li>Lunghezza della corda: <strong>2<\/strong> metri<\/li>\n<li>Materiali \u2013 <strong>legno<\/strong><\/li>\n<li>Et\u00e0 consigliata: <strong>4<\/strong>+<\/li>\n<\/ul>\n<p><strong style=\"font-size: 10px;\">ATTENZIONE!<\/strong> <span style=\"font-size: 10px;\">L&#8217;articolo non \u00e8 adatto ai bambini di et\u00e0 inferiore ai 3 anni. I piccoli pezzi sono pericolosi perch\u00e9 possono essere inalati o ingeriti. Il prodotto contiene una lunga corda che pu\u00f2 rappresentare un pericolo di soffocamento per i bambini. Prima di consegnare l\u2019articolo al bambino, rimuovi tutte le parti dell\u2019imballaggio. Salva queste informazioni per un utilizzo successivo.<\/span><\/p>\n","protected":false},"excerpt":{"rendered":"<p>La corda per saltare \u00e8 un classico del parco giochi, ideale per fare attivit\u00e0 fisica divertendosi! La pratica del salto della corda far\u00e0 lavorare la resistenza, le gambe e i glutei e la coordinazione dei movimenti. Caratteristiche: Lunghezza della corda: 2 metri Materiali \u2013 legno Et\u00e0 consigliata: 4+ ATTENZIONE! L&#8217;articolo non \u00e8 adatto ai bambini [&hellip;]<\/p>\n","protected":false},"featured_media":39480,"comment_status":"open","ping_status":"closed","template":"","meta":{"_acf_changed":false},"pwb-brand":[2064],"product_brand":[],"product_cat":[1783],"product_tag":[4147,2217,2228,2447],"class_list":{"0":"post-39499","1":"product","2":"type-product","3":"status-publish","4":"has-post-thumbnail","6":"pwb-brand-goki-it","7":"product_cat-giochi-allaperto","8":"product_tag-corda-per-saltare","9":"product_tag-giochi-allaperto-it","10":"product_tag-goki-it","11":"product_tag-sport-it","13":"first","14":"instock","15":"taxable","16":"shipping-taxable","17":"purchasable","18":"product-type-simple"},"acf":[],"yoast_head":"<!-- This site is optimized with the Yoast SEO plugin v25.8 - https:\/\/yoast.com\/wordpress\/plugins\/seo\/ -->\n<title>Goki corda per saltare - Talenti.si<\/title>\n<meta name=\"description\" content=\"La corda per saltare \u00e8 un classico del parco giochi, ideale per fare attivit\u00e0 fisica divertendosi!\" \/>\n<meta name=\"robots\" content=\"index, follow, max-snippet:-1, max-image-preview:large, max-video-preview:-1\" \/>\n<link rel=\"canonical\" href=\"https:\/\/talenti.si\/it\/sport-it\/giochi-allaperto\/goki-corda-per-saltare\/\" \/>\n<meta property=\"og:locale\" content=\"it_IT\" \/>\n<meta property=\"og:type\" content=\"article\" \/>\n<meta property=\"og:title\" content=\"Goki corda per saltare - Talenti.si\" \/>\n<meta property=\"og:description\" content=\"La corda per saltare \u00e8 un classico del parco giochi, ideale per fare attivit\u00e0 fisica divertendosi!\" \/>\n<meta property=\"og:url\" content=\"https:\/\/talenti.si\/it\/sport-it\/giochi-allaperto\/goki-corda-per-saltare\/\" \/>\n<meta property=\"og:site_name\" content=\"Talenti.si\" \/>\n<meta property=\"og:image\" content=\"https:\/\/talenti.si\/wp-content\/uploads\/2025\/12\/goki-lesena-kolebnica.jpg\" \/>\n\t<meta property=\"og:image:width\" content=\"960\" \/>\n\t<meta property=\"og:image:height\" content=\"960\" \/>\n\t<meta property=\"og:image:type\" content=\"image\/jpeg\" \/>\n<meta name=\"twitter:card\" content=\"summary_large_image\" \/>\n<meta name=\"twitter:label1\" content=\"Tempo di lettura stimato\" \/>\n\t<meta name=\"twitter:data1\" content=\"1 minuto\" \/>\n<script type=\"application\/ld+json\" class=\"yoast-schema-graph\">{\"@context\":\"https:\/\/schema.org\",\"@graph\":[{\"@type\":\"WebPage\",\"@id\":\"https:\/\/talenti.si\/it\/sport-it\/giochi-allaperto\/goki-corda-per-saltare\/\",\"url\":\"https:\/\/talenti.si\/it\/sport-it\/giochi-allaperto\/goki-corda-per-saltare\/\",\"name\":\"Goki corda per saltare - Talenti.si\",\"isPartOf\":{\"@id\":\"https:\/\/talenti.si\/it\/#website\"},\"primaryImageOfPage\":{\"@id\":\"https:\/\/talenti.si\/it\/sport-it\/giochi-allaperto\/goki-corda-per-saltare\/#primaryimage\"},\"image\":{\"@id\":\"https:\/\/talenti.si\/it\/sport-it\/giochi-allaperto\/goki-corda-per-saltare\/#primaryimage\"},\"thumbnailUrl\":\"https:\/\/talenti.si\/wp-content\/uploads\/2025\/12\/goki-lesena-kolebnica.jpg\",\"datePublished\":\"2025-12-05T15:06:59+00:00\",\"description\":\"La corda per saltare \u00e8 un classico del parco giochi, ideale per fare attivit\u00e0 fisica divertendosi!\",\"breadcrumb\":{\"@id\":\"https:\/\/talenti.si\/it\/sport-it\/giochi-allaperto\/goki-corda-per-saltare\/#breadcrumb\"},\"inLanguage\":\"it-IT\",\"potentialAction\":[{\"@type\":\"ReadAction\",\"target\":[\"https:\/\/talenti.si\/it\/sport-it\/giochi-allaperto\/goki-corda-per-saltare\/\"]}]},{\"@type\":\"ImageObject\",\"inLanguage\":\"it-IT\",\"@id\":\"https:\/\/talenti.si\/it\/sport-it\/giochi-allaperto\/goki-corda-per-saltare\/#primaryimage\",\"url\":\"https:\/\/talenti.si\/wp-content\/uploads\/2025\/12\/goki-lesena-kolebnica.jpg\",\"contentUrl\":\"https:\/\/talenti.si\/wp-content\/uploads\/2025\/12\/goki-lesena-kolebnica.jpg\",\"width\":960,\"height\":960},{\"@type\":\"BreadcrumbList\",\"@id\":\"https:\/\/talenti.si\/it\/sport-it\/giochi-allaperto\/goki-corda-per-saltare\/#breadcrumb\",\"itemListElement\":[{\"@type\":\"ListItem\",\"position\":1,\"name\":\"Home\",\"item\":\"https:\/\/talenti.si\/it\/\"},{\"@type\":\"ListItem\",\"position\":2,\"name\":\"Negozio\",\"item\":\"https:\/\/talenti.si\/it\/negozio\/\"},{\"@type\":\"ListItem\",\"position\":3,\"name\":\"Goki corda per saltare\"}]},{\"@type\":\"WebSite\",\"@id\":\"https:\/\/talenti.si\/it\/#website\",\"url\":\"https:\/\/talenti.si\/it\/\",\"name\":\"Talenti.si\",\"description\":\"Spletna trgovina za vse \u017eonglerje in podobne talente. Vse za \u017eongliranje, yoyo, frizbi, bumerang, kite... in \u0161e in \u0161e.\",\"publisher\":{\"@id\":\"https:\/\/talenti.si\/it\/#organization\"},\"potentialAction\":[{\"@type\":\"SearchAction\",\"target\":{\"@type\":\"EntryPoint\",\"urlTemplate\":\"https:\/\/talenti.si\/it\/?s={search_term_string}\"},\"query-input\":{\"@type\":\"PropertyValueSpecification\",\"valueRequired\":true,\"valueName\":\"search_term_string\"}}],\"inLanguage\":\"it-IT\"},{\"@type\":\"Organization\",\"@id\":\"https:\/\/talenti.si\/it\/#organization\",\"name\":\"Talenti.si\",\"url\":\"https:\/\/talenti.si\/it\/\",\"logo\":{\"@type\":\"ImageObject\",\"inLanguage\":\"it-IT\",\"@id\":\"https:\/\/talenti.si\/it\/#\/schema\/logo\/image\/\",\"url\":\"https:\/\/talenti.si\/wp-content\/uploads\/2021\/12\/logo-talent-pravi-dark.png\",\"contentUrl\":\"https:\/\/talenti.si\/wp-content\/uploads\/2021\/12\/logo-talent-pravi-dark.png\",\"width\":145,\"height\":83,\"caption\":\"Talenti.si\"},\"image\":{\"@id\":\"https:\/\/talenti.si\/it\/#\/schema\/logo\/image\/\"}}]}<\/script>\n<!-- \/ Yoast SEO plugin. -->","yoast_head_json":{"title":"Goki corda per saltare - Talenti.si","description":"La corda per saltare \u00e8 un classico del parco giochi, ideale per fare attivit\u00e0 fisica divertendosi!","robots":{"index":"index","follow":"follow","max-snippet":"max-snippet:-1","max-image-preview":"max-image-preview:large","max-video-preview":"max-video-preview:-1"},"canonical":"https:\/\/talenti.si\/it\/sport-it\/giochi-allaperto\/goki-corda-per-saltare\/","og_locale":"it_IT","og_type":"article","og_title":"Goki corda per saltare - Talenti.si","og_description":"La corda per saltare \u00e8 un classico del parco giochi, ideale per fare attivit\u00e0 fisica divertendosi!","og_url":"https:\/\/talenti.si\/it\/sport-it\/giochi-allaperto\/goki-corda-per-saltare\/","og_site_name":"Talenti.si","og_image":[{"width":960,"height":960,"url":"https:\/\/talenti.si\/wp-content\/uploads\/2025\/12\/goki-lesena-kolebnica.jpg","type":"image\/jpeg"}],"twitter_card":"summary_large_image","twitter_misc":{"Tempo di lettura stimato":"1 minuto"},"schema":{"@context":"https:\/\/schema.org","@graph":[{"@type":"WebPage","@id":"https:\/\/talenti.si\/it\/sport-it\/giochi-allaperto\/goki-corda-per-saltare\/","url":"https:\/\/talenti.si\/it\/sport-it\/giochi-allaperto\/goki-corda-per-saltare\/","name":"Goki corda per saltare - Talenti.si","isPartOf":{"@id":"https:\/\/talenti.si\/it\/#website"},"primaryImageOfPage":{"@id":"https:\/\/talenti.si\/it\/sport-it\/giochi-allaperto\/goki-corda-per-saltare\/#primaryimage"},"image":{"@id":"https:\/\/talenti.si\/it\/sport-it\/giochi-allaperto\/goki-corda-per-saltare\/#primaryimage"},"thumbnailUrl":"https:\/\/talenti.si\/wp-content\/uploads\/2025\/12\/goki-lesena-kolebnica.jpg","datePublished":"2025-12-05T15:06:59+00:00","description":"La corda per saltare \u00e8 un classico del parco giochi, ideale per fare attivit\u00e0 fisica divertendosi!","breadcrumb":{"@id":"https:\/\/talenti.si\/it\/sport-it\/giochi-allaperto\/goki-corda-per-saltare\/#breadcrumb"},"inLanguage":"it-IT","potentialAction":[{"@type":"ReadAction","target":["https:\/\/talenti.si\/it\/sport-it\/giochi-allaperto\/goki-corda-per-saltare\/"]}]},{"@type":"ImageObject","inLanguage":"it-IT","@id":"https:\/\/talenti.si\/it\/sport-it\/giochi-allaperto\/goki-corda-per-saltare\/#primaryimage","url":"https:\/\/talenti.si\/wp-content\/uploads\/2025\/12\/goki-lesena-kolebnica.jpg","contentUrl":"https:\/\/talenti.si\/wp-content\/uploads\/2025\/12\/goki-lesena-kolebnica.jpg","width":960,"height":960},{"@type":"BreadcrumbList","@id":"https:\/\/talenti.si\/it\/sport-it\/giochi-allaperto\/goki-corda-per-saltare\/#breadcrumb","itemListElement":[{"@type":"ListItem","position":1,"name":"Home","item":"https:\/\/talenti.si\/it\/"},{"@type":"ListItem","position":2,"name":"Negozio","item":"https:\/\/talenti.si\/it\/negozio\/"},{"@type":"ListItem","position":3,"name":"Goki corda per saltare"}]},{"@type":"WebSite","@id":"https:\/\/talenti.si\/it\/#website","url":"https:\/\/talenti.si\/it\/","name":"Talenti.si","description":"Spletna trgovina za vse \u017eonglerje in podobne talente. Vse za \u017eongliranje, yoyo, frizbi, bumerang, kite... in \u0161e in \u0161e.","publisher":{"@id":"https:\/\/talenti.si\/it\/#organization"},"potentialAction":[{"@type":"SearchAction","target":{"@type":"EntryPoint","urlTemplate":"https:\/\/talenti.si\/it\/?s={search_term_string}"},"query-input":{"@type":"PropertyValueSpecification","valueRequired":true,"valueName":"search_term_string"}}],"inLanguage":"it-IT"},{"@type":"Organization","@id":"https:\/\/talenti.si\/it\/#organization","name":"Talenti.si","url":"https:\/\/talenti.si\/it\/","logo":{"@type":"ImageObject","inLanguage":"it-IT","@id":"https:\/\/talenti.si\/it\/#\/schema\/logo\/image\/","url":"https:\/\/talenti.si\/wp-content\/uploads\/2021\/12\/logo-talent-pravi-dark.png","contentUrl":"https:\/\/talenti.si\/wp-content\/uploads\/2021\/12\/logo-talent-pravi-dark.png","width":145,"height":83,"caption":"Talenti.si"},"image":{"@id":"https:\/\/talenti.si\/it\/#\/schema\/logo\/image\/"}}]}},"brands":[{"id":2064,"name":"Goki","slug":"goki-it"}],"_links":{"self":[{"href":"https:\/\/talenti.si\/it\/wp-json\/wp\/v2\/product\/39499","targetHints":{"allow":["GET"]}}],"collection":[{"href":"https:\/\/talenti.si\/it\/wp-json\/wp\/v2\/product"}],"about":[{"href":"https:\/\/talenti.si\/it\/wp-json\/wp\/v2\/types\/product"}],"replies":[{"embeddable":true,"href":"https:\/\/talenti.si\/it\/wp-json\/wp\/v2\/comments?post=39499"}],"wp:featuredmedia":[{"embeddable":true,"href":"https:\/\/talenti.si\/it\/wp-json\/wp\/v2\/media\/39480"}],"wp:attachment":[{"href":"https:\/\/talenti.si\/it\/wp-json\/wp\/v2\/media?parent=39499"}],"wp:term":[{"taxonomy":"pwb-brand","embeddable":true,"href":"https:\/\/talenti.si\/it\/wp-json\/wp\/v2\/pwb-brand?post=39499"},{"taxonomy":"product_brand","embeddable":true,"href":"https:\/\/talenti.si\/it\/wp-json\/wp\/v2\/product_brand?post=39499"},{"taxonomy":"product_cat","embeddable":true,"href":"https:\/\/talenti.si\/it\/wp-json\/wp\/v2\/product_cat?post=39499"},{"taxonomy":"product_tag","embeddable":true,"href":"https:\/\/talenti.si\/it\/wp-json\/wp\/v2\/product_tag?post=39499"}],"curies":[{"name":"wp","href":"https:\/\/api.w.org\/{rel}","templated":true}]}}